{"id":860,"date":"2020-12-18T13:37:56","date_gmt":"2020-12-18T12:37:56","guid":{"rendered":"https:\/\/kb.greenway.sk\/?page_id=860"},"modified":"2025-02-10T12:56:15","modified_gmt":"2025-02-10T11:56:15","slug":"quality-standard-tips","status":"publish","type":"page","link":"https:\/\/kb.greenway.sk\/pl\/stacje-ladowania\/quality-standard-tips\/","title":{"rendered":"Wskaz\u00f3wki do efektywnego zarz\u0105dzania stacj\u0105"},"content":{"rendered":"[vc_row type=&#8221;in_container&#8221; full_screen_row_position=&#8221;middle&#8221; column_margin=&#8221;default&#8221; column_direction=&#8221;default&#8221; column_direction_tablet=&#8221;default&#8221; column_direction_phone=&#8221;default&#8221; scene_position=&#8221;center&#8221; text_color=&#8221;dark&#8221; text_align=&#8221;left&#8221; row_border_radius=&#8221;none&#8221; row_border_radius_applies=&#8221;bg&#8221; overlay_strength=&#8221;0.3&#8243; gradient_direction=&#8221;left_to_right&#8221; shape_divider_position=&#8221;bottom&#8221; bg_image_animation=&#8221;none&#8221; css_animation=&#8221;&#8221; el_class=&#8221;page-title&#8221; el_id=&#8221;&#8221; css=&#8221;&#8221; max_width=&#8221;&#8221;][vc_column column_padding=&#8221;no-extra-padding&#8221; column_padding_tablet=&#8221;inherit&#8221; column_padding_phone=&#8221;inherit&#8221; column_padding_position=&#8221;all&#8221; background_color_opacity=&#8221;1&#8243; background_hover_color_opacity=&#8221;1&#8243; column_shadow=&#8221;none&#8221; column_border_radius=&#8221;none&#8221; column_link_target=&#8221;_self&#8221; gradient_direction=&#8221;left_to_right&#8221; overlay_strength=&#8221;0.3&#8243; width=&#8221;1\/1&#8243; tablet_width_inherit=&#8221;default&#8221; tablet_text_alignment=&#8221;default&#8221; phone_text_alignment=&#8221;default&#8221; column_border_width=&#8221;none&#8221; column_border_style=&#8221;solid&#8221; bg_image_animation=&#8221;none&#8221;][vc_column_text el_class=&#8221;page-title&#8221;]\n<h1>Jak efektywnie zarz\u0105dza\u0107 stacj\u0105 \u0142adowania?<\/h1>\n[\/vc_column_text][vc_column_text]<strong>Jak efektywnie zarz\u0105dza\u0107 stacj\u0105 \u0142adowania?<\/strong><\/p>\n<p>Najlepsze rozwi\u0105zanie dla klienta jest r\u00f3wnie\u017c najkorzystniejszym rozwi\u0105zaniem dla Twojej firmy. Maj\u0105c tego \u015bwiadomo\u015b\u0107, w GreenWay dbamy o niezawodno\u015b\u0107 i najwy\u017csz\u0105 jako\u015b\u0107 stacji \u0142adowania znajduj\u0105cych si\u0119 w naszej sieci. By wesprze\u0107 Ci\u0119 w oferowaniu swoim klientem najwy\u017cszej jako\u015bci standard\u00f3w a tym samym sprawi\u0107, by posiadanie \u0142adowarki by\u0142o proste i bezproblemowe, przygotowali\u015bmy dla Ciebie kilka 6 praktycznych wskaz\u00f3wek, kt\u00f3re z pewno\u015bci\u0105 Ci w tym pomog\u0105:<\/p>\n<ol>\n<li>Je\u017celi zauwa\u017cysz, \u017ce \u0142adowarka uleg\u0142a uszkodzeniu, daj nam zna\u0107! Jako\u015b\u0107, funkcjonalno\u015b\u0107 i bezpiecze\u0144stwo sieci to nasz priorytet. Zerwane z\u0142\u0105cze lub uszkodzona izolacja kabla mog\u0105 stanowi\u0107 niebezpiecze\u0144stwo i nale\u017cy jak najszybciej rozwi\u0105za\u0107 ten problem.<\/li>\n<li>Od czasu do czasu upewnij si\u0119, \u017ce wszystkie przydatne dla klienta informacje na temat \u0142adowarki, takie jakie: wskazanie, \u017ce nale\u017cy ona do sieci GreenWay, instrukcja obs\u0142ugi, QR kody i numer telefonu naszej infolinii s\u0105 na swoim miejscu. Klienci ceni\u0105 sobie wygod\u0119 \u0142adowania jak i szybk\u0105 pomoc w razie potrzeby.<\/li>\n<li>Posiadanie znak\u00f3w nawigacyjnych wskazuj\u0105cych dok\u0142adne po\u0142o\u017cenie \u0142adowarki pomaga klientowi, odwiedzaj\u0105cego Twoj\u0105 lokalizacj\u0119 pierwszy raz, bezproblemowo do niej trafi\u0107. Poinformuj nas o swoim zainteresowaniu takim rozwi\u0105zaniem, a z przyjemno\u015bci\u0105 przedstawimy Ci nasz projekt ca\u0142kowicie bezp\u0142atnie!<\/li>\n<li>Przeprowadzaj co p\u00f3\u0142 roku lub rok techniczn\u0105 kontrol\u0119 \u0142adowarki i otoczenia, w jakim si\u0119 znajduje. Sprawd\u017a, czy urz\u0105dzenie \u0142aduj\u0105ce dzia\u0142a poprawnie, czy \u0142adowarka lub otoczenie wok\u00f3\u0142 niej nie s\u0105 nadmiernie zanieczyszczone lub czy lokalizacja urz\u0105dzenia jest dobrze o\u015bwietlona. Wa\u017cne jest, by klient czu\u0142 si\u0119 dobrze w \u015brodowisku, w jakim przebywa.<\/li>\n<li>Poprawne oznakowanie miejsc parkingowych to informacja, \u017ce dane miejsca postojowe zarezerwowane s\u0105 dla pojazd\u00f3w elektrycznych. Dzi\u0119ki temu mo\u017cna zapobiec zajmowaniu ich przez samochody z silnikiem spalinowym.<\/li>\n<li>Czy planujesz wy\u0142\u0105czy\u0107 \u0142adowark\u0119 lub zmieni\u0107 jej czas dost\u0119pu? Poinformuj nas o tym, a my upewnimy si\u0119, \u017ce kierowcy, kt\u00f3rzy planuj\u0105 z niej skorzysta\u0107, b\u0119d\u0105 o tym wiedzie\u0107 i odwiedz\u0105 Twoj\u0105 lokalizacj\u0119, gdy \u0142adowarka b\u0119dzie dost\u0119pna.<\/li>\n<\/ol>\n<p>&nbsp;<\/p>\n<p><strong>BONUSOWA WSKAZ\u00d3WKA:<\/strong> Masz pomys\u0142 na akcj\u0119 marketingow\u0105, kt\u00f3r\u0105 chcesz z nami zrealizowa\u0107, aby wypromowa\u0107 swoj\u0105 lokalizacj\u0119? Super!<\/p>\n<p>Zg\u0142o\u015b ch\u0119\u0107 realizacji takiej inicjatywy swojemu opiekunowi z zespo\u0142u GreenWay. W nast\u0119pnym kroku wsp\u00f3lnie opracujemy plan komunikacji w mediach spo\u0142eczno\u015bciowych.[\/vc_column_text][vc_column_text]<a href=\"https:\/\/kb.greenway.sk\/wp-content\/uploads\/2023\/09\/Inteligentne-ladowanie-zalacznik.pdf\" target=\"_blank\" rel=\"noopener noreferrer\">Pobierz PDF<\/a>[\/vc_column_text][divider line_type=&#8221;No Line&#8221; custom_height=&#8221;50&#8243;][\/vc_column][\/vc_row][vc_row type=&#8221;in_container&#8221; full_screen_row_position=&#8221;middle&#8221; column_margin=&#8221;default&#8221; column_direction=&#8221;default&#8221; column_direction_tablet=&#8221;default&#8221; column_direction_phone=&#8221;default&#8221; scene_position=&#8221;center&#8221; text_color=&#8221;dark&#8221; text_align=&#8221;left&#8221; row_border_radius=&#8221;none&#8221; row_border_radius_applies=&#8221;bg&#8221; overlay_strength=&#8221;0.3&#8243; gradient_direction=&#8221;left_to_right&#8221; shape_divider_position=&#8221;bottom&#8221; bg_image_animation=&#8221;none&#8221;][vc_column column_padding=&#8221;no-extra-padding&#8221; column_padding_tablet=&#8221;inherit&#8221; column_padding_phone=&#8221;inherit&#8221; column_padding_position=&#8221;all&#8221; background_color_opacity=&#8221;1&#8243; background_hover_color_opacity=&#8221;1&#8243; column_shadow=&#8221;none&#8221; column_border_radius=&#8221;none&#8221; column_link_target=&#8221;_self&#8221; gradient_direction=&#8221;left_to_right&#8221; overlay_strength=&#8221;0.3&#8243; width=&#8221;1\/1&#8243; tablet_width_inherit=&#8221;default&#8221; tablet_text_alignment=&#8221;default&#8221; phone_text_alignment=&#8221;default&#8221; column_border_width=&#8221;none&#8221; column_border_style=&#8221;solid&#8221; bg_image_animation=&#8221;none&#8221;][vc_column_text]\n<h2>Inne tematy<\/h2>\n[\/vc_column_text][vc_wp_custommenu nav_menu=&#8221;6&#8243; el_class=&#8221;sub-navigation&#8221;][\/vc_column][\/vc_row]\n","protected":false},"excerpt":{"rendered":"<p>[vc_row type=&#8221;in_container&#8221; full_screen_row_position=&#8221;middle&#8221; column_margin=&#8221;default&#8221; column_direction=&#8221;default&#8221; column_direction_tablet=&#8221;default&#8221; column_direction_phone=&#8221;default&#8221; scene_position=&#8221;center&#8221; text_color=&#8221;dark&#8221; text_align=&#8221;left&#8221; row_border_radius=&#8221;none&#8221; row_border_radius_applies=&#8221;bg&#8221; overlay_strength=&#8221;0.3&#8243; gradient_direction=&#8221;left_to_right&#8221; shape_divider_position=&#8221;bottom&#8221; bg_image_animation=&#8221;none&#8221; css_animation=&#8221;&#8221; el_class=&#8221;page-title&#8221; el_id=&#8221;&#8221; css=&#8221;&#8221; max_width=&#8221;&#8221;][vc_column column_padding=&#8221;no-extra-padding&#8221; column_padding_tablet=&#8221;inherit&#8221; column_padding_phone=&#8221;inherit&#8221; column_padding_position=&#8221;all&#8221; background_color_opacity=&#8221;1&#8243; background_hover_color_opacity=&#8221;1&#8243; column_shadow=&#8221;none&#8221; column_border_radius=&#8221;none&#8221; column_link_target=&#8221;_self&#8221;&#8230;<\/p>\n","protected":false},"author":1,"featured_media":0,"parent":639,"menu_order":0,"comment_status":"closed","ping_status":"closed","template":"","meta":[],"yoast_head":"<!-- This site is optimized with the Yoast SEO plugin v15.3 - https:\/\/yoast.com\/wordpress\/plugins\/seo\/ -->\n<title>Wskaz\u00f3wki do efektywnego zarz\u0105dzania stacj\u0105 - GreenWay<\/title>\n<meta name=\"robots\" content=\"index, follow, max-snippet:-1, max-image-preview:large, max-video-preview:-1\" \/>\n<link rel=\"canonical\" href=\"https:\/\/kb.greenway.sk\/pl\/stacje-ladowania\/quality-standard-tips\/\" \/>\n<meta property=\"og:locale\" content=\"pl_PL\" \/>\n<meta property=\"og:type\" content=\"article\" \/>\n<meta property=\"og:title\" content=\"Wskaz\u00f3wki do efektywnego zarz\u0105dzania stacj\u0105 - GreenWay\" \/>\n<meta property=\"og:description\" content=\"[vc_row type=&#8221;in_container&#8221; full_screen_row_position=&#8221;middle&#8221; column_margin=&#8221;default&#8221; column_direction=&#8221;default&#8221; column_direction_tablet=&#8221;default&#8221; column_direction_phone=&#8221;default&#8221; scene_position=&#8221;center&#8221; text_color=&#8221;dark&#8221; text_align=&#8221;left&#8221; row_border_radius=&#8221;none&#8221; row_border_radius_applies=&#8221;bg&#8221; overlay_strength=&#8221;0.3&#8243; gradient_direction=&#8221;left_to_right&#8221; shape_divider_position=&#8221;bottom&#8221; bg_image_animation=&#8221;none&#8221; css_animation=&#8221;&#8221; el_class=&#8221;page-title&#8221; el_id=&#8221;&#8221; css=&#8221;&#8221; max_width=&#8221;&#8221;][vc_column column_padding=&#8221;no-extra-padding&#8221; column_padding_tablet=&#8221;inherit&#8221; column_padding_phone=&#8221;inherit&#8221; column_padding_position=&#8221;all&#8221; background_color_opacity=&#8221;1&#8243; background_hover_color_opacity=&#8221;1&#8243; column_shadow=&#8221;none&#8221; column_border_radius=&#8221;none&#8221; column_link_target=&#8221;_self&#8221;...\" \/>\n<meta property=\"og:url\" content=\"https:\/\/kb.greenway.sk\/pl\/stacje-ladowania\/quality-standard-tips\/\" \/>\n<meta property=\"og:site_name\" content=\"GreenWay\" \/>\n<meta property=\"article:modified_time\" content=\"2025-02-10T11:56:15+00:00\" \/>\n<meta name=\"twitter:card\" content=\"summary_large_image\" \/>\n<meta name=\"twitter:label1\" content=\"Written by\">\n\t<meta name=\"twitter:data1\" content=\"admin\">\n\t<meta name=\"twitter:label2\" content=\"Est. reading time\">\n\t<meta name=\"twitter:data2\" content=\"3 minuty\">\n<script type=\"application\/ld+json\" class=\"yoast-schema-graph\">{\"@context\":\"https:\/\/schema.org\",\"@graph\":[{\"@type\":\"WebSite\",\"@id\":\"https:\/\/kb.greenway.sk\/#website\",\"url\":\"https:\/\/kb.greenway.sk\/\",\"name\":\"GreenWay\",\"description\":\"\",\"potentialAction\":[{\"@type\":\"SearchAction\",\"target\":\"https:\/\/kb.greenway.sk\/?s={search_term_string}\",\"query-input\":\"required name=search_term_string\"}],\"inLanguage\":\"pl-PL\"},{\"@type\":\"WebPage\",\"@id\":\"https:\/\/kb.greenway.sk\/pl\/stacje-ladowania\/quality-standard-tips\/#webpage\",\"url\":\"https:\/\/kb.greenway.sk\/pl\/stacje-ladowania\/quality-standard-tips\/\",\"name\":\"Wskaz\\u00f3wki do efektywnego zarz\\u0105dzania stacj\\u0105 - GreenWay\",\"isPartOf\":{\"@id\":\"https:\/\/kb.greenway.sk\/#website\"},\"datePublished\":\"2020-12-18T12:37:56+00:00\",\"dateModified\":\"2025-02-10T11:56:15+00:00\",\"breadcrumb\":{\"@id\":\"https:\/\/kb.greenway.sk\/pl\/stacje-ladowania\/quality-standard-tips\/#breadcrumb\"},\"inLanguage\":\"pl-PL\",\"potentialAction\":[{\"@type\":\"ReadAction\",\"target\":[\"https:\/\/kb.greenway.sk\/pl\/stacje-ladowania\/quality-standard-tips\/\"]}]},{\"@type\":\"BreadcrumbList\",\"@id\":\"https:\/\/kb.greenway.sk\/pl\/stacje-ladowania\/quality-standard-tips\/#breadcrumb\",\"itemListElement\":[{\"@type\":\"ListItem\",\"position\":1,\"item\":{\"@type\":\"WebPage\",\"@id\":\"https:\/\/kb.greenway.sk\/pl\/\",\"url\":\"https:\/\/kb.greenway.sk\/pl\/\",\"name\":\"Knowledge base\"}},{\"@type\":\"ListItem\",\"position\":2,\"item\":{\"@type\":\"WebPage\",\"@id\":\"https:\/\/kb.greenway.sk\/pl\/stacje-ladowania\/\",\"url\":\"https:\/\/kb.greenway.sk\/pl\/stacje-ladowania\/\",\"name\":\"Samochody elektryczne\"}},{\"@type\":\"ListItem\",\"position\":3,\"item\":{\"@type\":\"WebPage\",\"@id\":\"https:\/\/kb.greenway.sk\/pl\/stacje-ladowania\/quality-standard-tips\/\",\"url\":\"https:\/\/kb.greenway.sk\/pl\/stacje-ladowania\/quality-standard-tips\/\",\"name\":\"Wskaz\\u00f3wki do efektywnego zarz\\u0105dzania stacj\\u0105\"}}]}]}<\/script>\n<!-- \/ Yoast SEO plugin. -->","_links":{"self":[{"href":"https:\/\/kb.greenway.sk\/pl\/wp-json\/wp\/v2\/pages\/860\/"}],"collection":[{"href":"https:\/\/kb.greenway.sk\/pl\/wp-json\/wp\/v2\/pages\/"}],"about":[{"href":"https:\/\/kb.greenway.sk\/pl\/wp-json\/wp\/v2\/types\/page\/"}],"author":[{"embeddable":true,"href":"https:\/\/kb.greenway.sk\/pl\/wp-json\/wp\/v2\/users\/1\/"}],"replies":[{"embeddable":true,"href":"https:\/\/kb.greenway.sk\/pl\/wp-json\/wp\/v2\/comments\/?post=860"}],"version-history":[{"count":12,"href":"https:\/\/kb.greenway.sk\/pl\/wp-json\/wp\/v2\/pages\/860\/revisions\/"}],"predecessor-version":[{"id":2363,"href":"https:\/\/kb.greenway.sk\/pl\/wp-json\/wp\/v2\/pages\/860\/revisions\/2363\/"}],"up":[{"embeddable":true,"href":"https:\/\/kb.greenway.sk\/pl\/wp-json\/wp\/v2\/pages\/639\/"}],"wp:attachment":[{"href":"https:\/\/kb.greenway.sk\/pl\/wp-json\/wp\/v2\/media\/?parent=860"}],"curies":[{"name":"wp","href":"https:\/\/api.w.org\/{rel}","templated":true}]}}