{"id":828,"date":"2020-12-18T13:13:49","date_gmt":"2020-12-18T12:13:49","guid":{"rendered":"https:\/\/kb.greenway.sk\/chargers\/prevadzka-nabijaciek\/"},"modified":"2021-07-15T10:10:23","modified_gmt":"2021-07-15T08:10:23","slug":"obsluga-stacji-ladowania","status":"publish","type":"page","link":"https:\/\/kb.greenway.sk\/pl\/stacje-ladowania\/obsluga-stacji-ladowania\/","title":{"rendered":"Modele wsp\u00f3\u0142pracy"},"content":{"rendered":"[vc_row type=&#8221;in_container&#8221; full_screen_row_position=&#8221;middle&#8221; column_margin=&#8221;default&#8221; column_direction=&#8221;default&#8221; column_direction_tablet=&#8221;default&#8221; column_direction_phone=&#8221;default&#8221; scene_position=&#8221;center&#8221; text_color=&#8221;dark&#8221; text_align=&#8221;left&#8221; row_border_radius=&#8221;none&#8221; row_border_radius_applies=&#8221;bg&#8221; overlay_strength=&#8221;0.3&#8243; gradient_direction=&#8221;left_to_right&#8221; shape_divider_position=&#8221;bottom&#8221; bg_image_animation=&#8221;none&#8221; css_animation=&#8221;&#8221; el_class=&#8221;page-title&#8221; el_id=&#8221;&#8221; css=&#8221;&#8221; max_width=&#8221;&#8221;][vc_column column_padding=&#8221;no-extra-padding&#8221; column_padding_tablet=&#8221;inherit&#8221; column_padding_phone=&#8221;inherit&#8221; column_padding_position=&#8221;all&#8221; background_color_opacity=&#8221;1&#8243; background_hover_color_opacity=&#8221;1&#8243; column_shadow=&#8221;none&#8221; column_border_radius=&#8221;none&#8221; column_link_target=&#8221;_self&#8221; gradient_direction=&#8221;left_to_right&#8221; overlay_strength=&#8221;0.3&#8243; width=&#8221;1\/1&#8243; tablet_width_inherit=&#8221;default&#8221; tablet_text_alignment=&#8221;default&#8221; phone_text_alignment=&#8221;default&#8221; column_border_width=&#8221;none&#8221; column_border_style=&#8221;solid&#8221; bg_image_animation=&#8221;none&#8221;][vc_column_text el_class=&#8221;page-title&#8221;]\n<h1>Modele wsp\u00f3\u0142pracy GreenWay<\/h1>\n[\/vc_column_text][divider line_type=&#8221;No Line&#8221; custom_height=&#8221;50&#8243;][vc_column_text]Stacje \u0142adowania staj\u0105 si\u0119 coraz bardziej po\u017c\u0105danym wyposa\u017ceniem odwiedzanych lokalizacji, oraz coraz cz\u0119\u015bciej decyduj\u0105cym czynnikiem wyboru destynacji. Posiadanie w\u0142asnej \u0142adowarki nie tylko uatrakcyjnia Twoj\u0105 nieruchomo\u015b\u0107, ale r\u00f3wnie\u017c pomaga pozyska\u0107 now\u0105 grup\u0119 klient\u00f3w.<\/p>\n<p>To Ty decydujesz, na jakich warunkach b\u0119dzie dzia\u0142a\u0107 stacja w Twojej lokalizacji. Zaczynaj\u0105c od wyboru, czy stacja ma nale\u017ce\u0107 do Ciebie, czy chcesz j\u0105 od nas wynaj\u0105\u0107, po personalizacje aspekt\u00f3w korzystania z niej \u2013 czy stacja ma by\u0107 og\u00f3lnodost\u0119pna dla wszystkich u\u017cytkownik\u00f3w, czy te\u017c jedynie dla wybranej grupy, ko\u0144cz\u0105c na decyzji, czy korzystanie ze stacji ma by\u0107 p\u0142atne, czy te\u017c bezp\u0142atne.<\/p>\n<p>&nbsp;<\/p>\n<h2>Wynajem stacji \u0142adowania<\/h2>\n<p>Je\u017celi chcesz posiada\u0107 stacj\u0119 \u0142adowania bez du\u017cych nak\u0142ad\u00f3w, skorzystaj z\u00a0ofert stacji na wynajem. Opr\u00f3cz samej stacji \u0142adowania us\u0142uga obejmuje zazwyczaj zapewnienie jej dzia\u0142ania, serwisu, ubezpieczenia i konserwacji. G\u0142\u00f3wn\u0105 zalet\u0105 stacji na wynajem jest to, \u017ce unikasz wy\u017cszej inwestycji pocz\u0105tkowej, nie musisz zdobywa\u0107 nowych kompetencji czy zatrudnia\u0107 nowych pracownik\u00f3w. Od Ciebie zale\u017cy, dla kogo stacja \u0142adowania b\u0119dzie przeznaczona i\u00a0na jakich warunkach.<\/p>\n<p>Zapoznaj si\u0119 z\u00a0nasz\u0105 ofert\u0105 <a href=\"https:\/\/greenwaypolska.pl\/b2b\/ladowarka-jako-usluga\/\">GreenWay 360<\/a> i\u00a0zobacz, jak mo\u017cemy Ci\u0119 w tym wesprze\u0107.<\/p>\n<p>&nbsp;<\/p>\n<h2>W\u0142asna stacja \u0142adowania<\/h2>\n<p>Decyduj\u0105c si\u0119 na zakup \u0142adowarki, mo\u017cesz wybiera\u0107 z szerokiej oferty rynkowej prostych i inteligentnych stacji \u0142adowania.\u00a0W zale\u017cno\u015bci od Twoich potrzeb, mo\u017cesz wybra\u0107 stacje, kt\u00f3rej parametry techniczne, wydajno\u015b\u0107 oraz funkcje s\u0105 dla Ciebie odpowiednie. Maj\u0105c wi\u0119c tyle r\u00f3\u017cnych kombinacji, na co zwr\u00f3ci\u0107 uwag\u0119? W pierwszej kolejno\u015bci nale\u017cy sobie odpowiedzie\u0107 na pytania: dla kogo b\u0119dzie przeznaczona ta stacja \u0142adowania? Czy stacja ma by\u0107 p\u0142atna, czy te\u017c bezp\u0142atna? Przyk\u0142adowo, je\u017celi stacja ma by\u0107 og\u00f3lnodost\u0119pna, konieczne jest zapewnienie identyfikacji u\u017cytkownik\u00f3w, wsparcia technicznego oraz systemu rozliczeniowego (je\u017celi decydujemy si\u0119 na pobieranie op\u0142at za us\u0142ugi).<\/p>\n<p>Wiemy, \u017ce wyb\u00f3r ten mo\u017ce stanowi\u0107 nie lada problem, dlatego te\u017c wychodz\u0105c naprzeciw Twoim oczekiwaniom, stworzyli\u015bmy us\u0142ug\u0119 o nazwie <a href=\"https:\/\/greenwaypolska.pl\/b2b\/obsluga-stacji-ladowania\/\">GreenWay Opero<\/a>.<\/p>\n<p>Sprawd\u017a nasz\u0105 ofert\u0119 <a href=\"https:\/\/greenwaypolska.pl\/b2b\/ladowarki-akcesoria\/\">stacji \u0142adowania<\/a> oraz skontaktuj si\u0119 z nami, by om\u00f3wi\u0107 Twoje potrzeby i oczekiwania.<\/p>\n<p>&nbsp;<\/p>\n<h2>Stacja \u0142adowania w miejscu pracy<\/h2>\n<p>\u0141adowanie w miejscu pracy jest wygodnym i\u00a0optymalnym rozwi\u0105zaniem dla os\u00f3b posiadaj\u0105cych pojazdy elektryczne. Rozwi\u0105zanie to ma jednak swoj\u0105 specyfik\u0119. Istotnym elementem w tym przypadku jest odpowiednie zarz\u0105dzanie i\u00a0rozliczanie pobieranej energii elektrycznej. \u0141adowanie w miejscu pracy charakteryzuje si\u0119 tym, \u017ce godziny przybycia i\u00a0opuszczania parking\u00f3w samochodowych s\u0105 unormowane, co jednocze\u015bnie oznacza zwi\u0119kszenie zu\u017cycia energii w okre\u015blonych godzinach.<\/p>\n<p>Sprawd\u017a nasz\u0105 ofert\u0119 <a href=\"https:\/\/greenwaypolska.pl\/b2b\/dla-kogo\/budynki-biurowe\/\">GreenWay Office<\/a> i\u00a0dowiedz si\u0119, jak efektywnie oferowa\u0107 us\u0142ugi \u0142adowania w miejscu pracy.<\/p>\n<p>&nbsp;<\/p>\n<h2>Stacja \u0142adowania w budynku mieszkalnym<\/h2>\n<p>\u0141adowanie pojazdu w budynku wielorodzinnym mo\u017ce przebiega\u0107 na dwa sposoby. Pierwszy to gdy ka\u017cdy u\u017cytkownik posiada stacje \u0142adowania na wy\u0142\u0105czno\u015b\u0107 na swoim miejscu parkingowym, a\u00a0drugi to budowa og\u00f3lnodost\u0119pnej infrastruktury dla mieszka\u0144c\u00f3w zlokalizowanej w wyznaczonych do tego miejscach. W zale\u017cno\u015bci od wybranego sposobu konieczne b\u0119dzie wprowadzenie systemu rozliczeniowego lub efektywnego zarz\u0105dzania zu\u017cyciem energii.<\/p>\n<p>Sprawd\u017a nasz\u0105 ofert\u0119 <a href=\"https:\/\/greenwaypolska.pl\/b2b\/dla-kogo\/budynki-mieszkalne\/\">GreenWay Residential<\/a> i\u00a0dowiedz si\u0119, jak mo\u017cemy Ci\u0119 w tym wesprze\u0107.[\/vc_column_text][divider line_type=&#8221;No Line&#8221; custom_height=&#8221;50&#8243;][\/vc_column][\/vc_row][vc_row type=&#8221;in_container&#8221; full_screen_row_position=&#8221;middle&#8221; column_margin=&#8221;default&#8221; column_direction=&#8221;default&#8221; column_direction_tablet=&#8221;default&#8221; column_direction_phone=&#8221;default&#8221; scene_position=&#8221;center&#8221; text_color=&#8221;dark&#8221; text_align=&#8221;left&#8221; row_border_radius=&#8221;none&#8221; row_border_radius_applies=&#8221;bg&#8221; overlay_strength=&#8221;0.3&#8243; gradient_direction=&#8221;left_to_right&#8221; shape_divider_position=&#8221;bottom&#8221; bg_image_animation=&#8221;none&#8221;][vc_column column_padding=&#8221;no-extra-padding&#8221; column_padding_tablet=&#8221;inherit&#8221; column_padding_phone=&#8221;inherit&#8221; column_padding_position=&#8221;all&#8221; background_color_opacity=&#8221;1&#8243; background_hover_color_opacity=&#8221;1&#8243; column_shadow=&#8221;none&#8221; column_border_radius=&#8221;none&#8221; column_link_target=&#8221;_self&#8221; gradient_direction=&#8221;left_to_right&#8221; overlay_strength=&#8221;0.3&#8243; width=&#8221;1\/1&#8243; tablet_width_inherit=&#8221;default&#8221; tablet_text_alignment=&#8221;default&#8221; phone_text_alignment=&#8221;default&#8221; column_border_width=&#8221;none&#8221; column_border_style=&#8221;solid&#8221; bg_image_animation=&#8221;none&#8221;][vc_column_text]\n<h2>Inne tematy<\/h2>\n[\/vc_column_text][vc_wp_custommenu nav_menu=&#8221;6&#8243; el_class=&#8221;sub-navigation&#8221;][\/vc_column][\/vc_row]\n","protected":false},"excerpt":{"rendered":"<p>[vc_row type=&#8221;in_container&#8221; full_screen_row_position=&#8221;middle&#8221; column_margin=&#8221;default&#8221; column_direction=&#8221;default&#8221; column_direction_tablet=&#8221;default&#8221; column_direction_phone=&#8221;default&#8221; scene_position=&#8221;center&#8221; text_color=&#8221;dark&#8221; text_align=&#8221;left&#8221; row_border_radius=&#8221;none&#8221; row_border_radius_applies=&#8221;bg&#8221; overlay_strength=&#8221;0.3&#8243; gradient_direction=&#8221;left_to_right&#8221; shape_divider_position=&#8221;bottom&#8221; bg_image_animation=&#8221;none&#8221; css_animation=&#8221;&#8221; el_class=&#8221;page-title&#8221; el_id=&#8221;&#8221; css=&#8221;&#8221; max_width=&#8221;&#8221;][vc_column column_padding=&#8221;no-extra-padding&#8221; column_padding_tablet=&#8221;inherit&#8221; column_padding_phone=&#8221;inherit&#8221; column_padding_position=&#8221;all&#8221; background_color_opacity=&#8221;1&#8243; background_hover_color_opacity=&#8221;1&#8243; column_shadow=&#8221;none&#8221; column_border_radius=&#8221;none&#8221; column_link_target=&#8221;_self&#8221;&#8230;<\/p>\n","protected":false},"author":1,"featured_media":0,"parent":639,"menu_order":0,"comment_status":"closed","ping_status":"closed","template":"","meta":[],"yoast_head":"<!-- This site is optimized with the Yoast SEO plugin v15.3 - https:\/\/yoast.com\/wordpress\/plugins\/seo\/ -->\n<title>Modele wsp\u00f3\u0142pracy - GreenWay<\/title>\n<meta name=\"robots\" content=\"index, follow, max-snippet:-1, max-image-preview:large, max-video-preview:-1\" \/>\n<link rel=\"canonical\" href=\"https:\/\/kb.greenway.sk\/pl\/stacje-ladowania\/obsluga-stacji-ladowania\/\" \/>\n<meta property=\"og:locale\" content=\"pl_PL\" \/>\n<meta property=\"og:type\" content=\"article\" \/>\n<meta property=\"og:title\" content=\"Modele wsp\u00f3\u0142pracy - GreenWay\" \/>\n<meta property=\"og:description\" content=\"[vc_row type=&#8221;in_container&#8221; full_screen_row_position=&#8221;middle&#8221; column_margin=&#8221;default&#8221; column_direction=&#8221;default&#8221; column_direction_tablet=&#8221;default&#8221; column_direction_phone=&#8221;default&#8221; scene_position=&#8221;center&#8221; text_color=&#8221;dark&#8221; text_align=&#8221;left&#8221; row_border_radius=&#8221;none&#8221; row_border_radius_applies=&#8221;bg&#8221; overlay_strength=&#8221;0.3&#8243; gradient_direction=&#8221;left_to_right&#8221; shape_divider_position=&#8221;bottom&#8221; bg_image_animation=&#8221;none&#8221; css_animation=&#8221;&#8221; el_class=&#8221;page-title&#8221; el_id=&#8221;&#8221; css=&#8221;&#8221; max_width=&#8221;&#8221;][vc_column column_padding=&#8221;no-extra-padding&#8221; column_padding_tablet=&#8221;inherit&#8221; column_padding_phone=&#8221;inherit&#8221; column_padding_position=&#8221;all&#8221; background_color_opacity=&#8221;1&#8243; background_hover_color_opacity=&#8221;1&#8243; column_shadow=&#8221;none&#8221; column_border_radius=&#8221;none&#8221; column_link_target=&#8221;_self&#8221;...\" \/>\n<meta property=\"og:url\" content=\"https:\/\/kb.greenway.sk\/pl\/stacje-ladowania\/obsluga-stacji-ladowania\/\" \/>\n<meta property=\"og:site_name\" content=\"GreenWay\" \/>\n<meta property=\"article:modified_time\" content=\"2021-07-15T08:10:23+00:00\" \/>\n<meta name=\"twitter:card\" content=\"summary_large_image\" \/>\n<meta name=\"twitter:label1\" content=\"Written by\">\n\t<meta name=\"twitter:data1\" content=\"admin\">\n\t<meta name=\"twitter:label2\" content=\"Est. reading time\">\n\t<meta name=\"twitter:data2\" content=\"3 minuty\">\n<script type=\"application\/ld+json\" class=\"yoast-schema-graph\">{\"@context\":\"https:\/\/schema.org\",\"@graph\":[{\"@type\":\"WebSite\",\"@id\":\"https:\/\/kb.greenway.sk\/#website\",\"url\":\"https:\/\/kb.greenway.sk\/\",\"name\":\"GreenWay\",\"description\":\"\",\"potentialAction\":[{\"@type\":\"SearchAction\",\"target\":\"https:\/\/kb.greenway.sk\/?s={search_term_string}\",\"query-input\":\"required name=search_term_string\"}],\"inLanguage\":\"pl-PL\"},{\"@type\":\"WebPage\",\"@id\":\"https:\/\/kb.greenway.sk\/pl\/stacje-ladowania\/obsluga-stacji-ladowania\/#webpage\",\"url\":\"https:\/\/kb.greenway.sk\/pl\/stacje-ladowania\/obsluga-stacji-ladowania\/\",\"name\":\"Modele wsp\\u00f3\\u0142pracy - GreenWay\",\"isPartOf\":{\"@id\":\"https:\/\/kb.greenway.sk\/#website\"},\"datePublished\":\"2020-12-18T12:13:49+00:00\",\"dateModified\":\"2021-07-15T08:10:23+00:00\",\"breadcrumb\":{\"@id\":\"https:\/\/kb.greenway.sk\/pl\/stacje-ladowania\/obsluga-stacji-ladowania\/#breadcrumb\"},\"inLanguage\":\"pl-PL\",\"potentialAction\":[{\"@type\":\"ReadAction\",\"target\":[\"https:\/\/kb.greenway.sk\/pl\/stacje-ladowania\/obsluga-stacji-ladowania\/\"]}]},{\"@type\":\"BreadcrumbList\",\"@id\":\"https:\/\/kb.greenway.sk\/pl\/stacje-ladowania\/obsluga-stacji-ladowania\/#breadcrumb\",\"itemListElement\":[{\"@type\":\"ListItem\",\"position\":1,\"item\":{\"@type\":\"WebPage\",\"@id\":\"https:\/\/kb.greenway.sk\/pl\/\",\"url\":\"https:\/\/kb.greenway.sk\/pl\/\",\"name\":\"Knowledge base\"}},{\"@type\":\"ListItem\",\"position\":2,\"item\":{\"@type\":\"WebPage\",\"@id\":\"https:\/\/kb.greenway.sk\/pl\/stacje-ladowania\/\",\"url\":\"https:\/\/kb.greenway.sk\/pl\/stacje-ladowania\/\",\"name\":\"Samochody elektryczne\"}},{\"@type\":\"ListItem\",\"position\":3,\"item\":{\"@type\":\"WebPage\",\"@id\":\"https:\/\/kb.greenway.sk\/pl\/stacje-ladowania\/obsluga-stacji-ladowania\/\",\"url\":\"https:\/\/kb.greenway.sk\/pl\/stacje-ladowania\/obsluga-stacji-ladowania\/\",\"name\":\"Modele wsp\\u00f3\\u0142pracy\"}}]}]}<\/script>\n<!-- \/ Yoast SEO plugin. -->","_links":{"self":[{"href":"https:\/\/kb.greenway.sk\/pl\/wp-json\/wp\/v2\/pages\/828\/"}],"collection":[{"href":"https:\/\/kb.greenway.sk\/pl\/wp-json\/wp\/v2\/pages\/"}],"about":[{"href":"https:\/\/kb.greenway.sk\/pl\/wp-json\/wp\/v2\/types\/page\/"}],"author":[{"embeddable":true,"href":"https:\/\/kb.greenway.sk\/pl\/wp-json\/wp\/v2\/users\/1\/"}],"replies":[{"embeddable":true,"href":"https:\/\/kb.greenway.sk\/pl\/wp-json\/wp\/v2\/comments\/?post=828"}],"version-history":[{"count":5,"href":"https:\/\/kb.greenway.sk\/pl\/wp-json\/wp\/v2\/pages\/828\/revisions\/"}],"predecessor-version":[{"id":1629,"href":"https:\/\/kb.greenway.sk\/pl\/wp-json\/wp\/v2\/pages\/828\/revisions\/1629\/"}],"up":[{"embeddable":true,"href":"https:\/\/kb.greenway.sk\/pl\/wp-json\/wp\/v2\/pages\/639\/"}],"wp:attachment":[{"href":"https:\/\/kb.greenway.sk\/pl\/wp-json\/wp\/v2\/media\/?parent=828"}],"curies":[{"name":"wp","href":"https:\/\/api.w.org\/{rel}","templated":true}]}}