{"id":686,"date":"2020-12-18T11:05:20","date_gmt":"2020-12-18T10:05:20","guid":{"rendered":"https:\/\/kb.greenway.sk\/?page_id=686"},"modified":"2023-09-10T17:26:41","modified_gmt":"2023-09-10T15:26:41","slug":"podcasty","status":"publish","type":"page","link":"https:\/\/kb.greenway.sk\/pl\/elektromobilnosc\/podcasty\/","title":{"rendered":"Podcasty"},"content":{"rendered":"[vc_row type=&#8221;in_container&#8221; full_screen_row_position=&#8221;middle&#8221; column_margin=&#8221;default&#8221; column_direction=&#8221;default&#8221; column_direction_tablet=&#8221;default&#8221; column_direction_phone=&#8221;default&#8221; scene_position=&#8221;center&#8221; text_color=&#8221;dark&#8221; text_align=&#8221;left&#8221; row_border_radius=&#8221;none&#8221; row_border_radius_applies=&#8221;bg&#8221; overlay_strength=&#8221;0.3&#8243; gradient_direction=&#8221;left_to_right&#8221; shape_divider_position=&#8221;bottom&#8221; bg_image_animation=&#8221;none&#8221; css_animation=&#8221;&#8221; el_class=&#8221;page-title&#8221; el_id=&#8221;&#8221; css=&#8221;&#8221; max_width=&#8221;&#8221;][vc_column column_padding=&#8221;no-extra-padding&#8221; column_padding_tablet=&#8221;inherit&#8221; column_padding_phone=&#8221;inherit&#8221; column_padding_position=&#8221;all&#8221; background_color_opacity=&#8221;1&#8243; background_hover_color_opacity=&#8221;1&#8243; column_shadow=&#8221;none&#8221; column_border_radius=&#8221;none&#8221; column_link_target=&#8221;_self&#8221; gradient_direction=&#8221;left_to_right&#8221; overlay_strength=&#8221;0.3&#8243; width=&#8221;1\/1&#8243; tablet_width_inherit=&#8221;default&#8221; tablet_text_alignment=&#8221;default&#8221; phone_text_alignment=&#8221;default&#8221; column_border_width=&#8221;none&#8221; column_border_style=&#8221;solid&#8221; bg_image_animation=&#8221;none&#8221;][vc_column_text el_class=&#8221;page-title&#8221;]\n<h1>Podcasty<\/h1>\n[\/vc_column_text][vc_column_text]\n<table>\n<tbody>\n<tr>\n<td width=\"107\">Nazwa<\/td>\n<td width=\"129\">URL<\/td>\n<td width=\"368\">Opis<\/td>\n<\/tr>\n<tr>\n<td width=\"107\">Electric Avenue<\/td>\n<td width=\"129\"><a href=\"https:\/\/greenwaynetwork.com\/electricavenue\/\">https:\/\/greenwaynetwork.com\/electricavenue\/<\/a><\/td>\n<td width=\"368\">Podcast badaj\u0105cy ca\u0142y ekosystem elektromobilno\u015bci i krajobraz polityczny \u0142adowania pojazd\u00f3w elektrycznych w Europie, ze szczeg\u00f3lnym uwzgl\u0119dnieniem regionu Europy \u015arodkowo-Wschodniej.<\/td>\n<\/tr>\n<tr>\n<td width=\"107\">BNEF Switched on<\/td>\n<td width=\"129\"><a href=\"https:\/\/www.bloomberg.com\/podcasts\/switched_on\">https:\/\/www.bloomberg.com\/podcasts\/switched_on<\/a><\/td>\n<td width=\"368\">Przysz\u0142o\u015b\u0107 energii, transportu, zr\u00f3wnowa\u017conego rozwoju i nie tylko, wed\u0142ug analityk\u00f3w BNEF.<\/td>\n<\/tr>\n<tr>\n<td width=\"107\">The Interchange<\/td>\n<td width=\"129\"><a href=\"https:\/\/www.greentechmedia.com\/podcast\/the-interchange\">https:\/\/www.greentechmedia.com\/podcast\/the-interchange<\/a><\/td>\n<td width=\"368\">Cotygodniowy podcast na temat globalnej transformacji energetycznej z dog\u0142\u0119bnym wgl\u0105dem w technologi\u0119, rynki, projekty, finanse firmy, fuzje i przej\u0119cia, zmiany polityki i dane rynkowe.<\/td>\n<\/tr>\n<tr>\n<td width=\"107\">Talking New Energy<\/td>\n<td width=\"129\"><a href=\"https:\/\/www.delta-ee.com\/TalkingNewEnergy\">https:\/\/www.delta-ee.com\/TalkingNewEnergy<\/a><\/td>\n<td width=\"368\">O r\u00f3\u017cnych aspektach obecnego systemu energetycznego w Europie. Wysokiej jako\u015bci wywiady i tre\u015bci.<\/td>\n<\/tr>\n<tr>\n<td width=\"107\">EV news daily<\/td>\n<td width=\"129\"><a href=\"https:\/\/www.evnewsdaily.com\/\">https:\/\/www.evnewsdaily.com\/<\/a><\/td>\n<td width=\"368\">Codzienna dawka nowych wiadomo\u015bci skupiaj\u0105cych si\u0119 g\u0142\u00f3wnie na temacie pojazd\u00f3w elektrycznych, ale obejmuj\u0105cych r\u00f3wnie\u017c w\u0105tki zwi\u0105zane z \u0142adowaniem i magazynowaniem energii.<\/td>\n<\/tr>\n<tr>\n<td width=\"107\">Elektrycznie tematyczni<\/td>\n<td width=\"129\"><a href=\"https:\/\/insightoutlab.com\/elektrycznietematyczni\/\">Elektrycznie tematyczni &#8211; InsightOut Lab<\/a><\/p>\n<p>&nbsp;<\/td>\n<td width=\"368\">Podcast m\u00f3wi\u0105cy o szeroko poj\u0119tej elektromobilno\u015bci \u2013 od u\u017cytkowanie po \u0142adowanie i zarz\u0105dzanie punktami \u0142adowania. Podejmuje tematy nie tylko samych EV, ale r\u00f3wnie\u017c hybryd typu plug-in.<\/td>\n<\/tr>\n<tr>\n<td width=\"107\">Elektromobili Rozmawiaj\u0105<\/td>\n<td width=\"129\"><a href=\"https:\/\/elektromobilni.pl\/podcasty\/\">Podcasty &#8211; Elektromobilni.pl<\/a><\/td>\n<td width=\"368\">Audycja zawiera zar\u00f3wno ciekawostki o nowych modelach pojazd\u00f3w elektrycznych, jak i podejmuje tematy zwi\u0105zane z zmieniaj\u0105cymi si\u0119 ustawami, \u00a0Strefami Czystego Transportu czy elektromobilnymi statystykami.<\/td>\n<\/tr>\n<\/tbody>\n<\/table>\n[\/vc_column_text][divider line_type=&#8221;No Line&#8221; custom_height=&#8221;50&#8243;][\/vc_column][\/vc_row][vc_row type=&#8221;in_container&#8221; full_screen_row_position=&#8221;middle&#8221; column_margin=&#8221;default&#8221; column_direction=&#8221;default&#8221; column_direction_tablet=&#8221;default&#8221; column_direction_phone=&#8221;default&#8221; scene_position=&#8221;center&#8221; text_color=&#8221;dark&#8221; text_align=&#8221;left&#8221; row_border_radius=&#8221;none&#8221; row_border_radius_applies=&#8221;bg&#8221; overlay_strength=&#8221;0.3&#8243; gradient_direction=&#8221;left_to_right&#8221; shape_divider_position=&#8221;bottom&#8221; bg_image_animation=&#8221;none&#8221;][vc_column column_padding=&#8221;no-extra-padding&#8221; column_padding_tablet=&#8221;inherit&#8221; column_padding_phone=&#8221;inherit&#8221; column_padding_position=&#8221;all&#8221; background_color_opacity=&#8221;1&#8243; background_hover_color_opacity=&#8221;1&#8243; column_shadow=&#8221;none&#8221; column_border_radius=&#8221;none&#8221; column_link_target=&#8221;_self&#8221; gradient_direction=&#8221;left_to_right&#8221; overlay_strength=&#8221;0.3&#8243; width=&#8221;1\/1&#8243; tablet_width_inherit=&#8221;default&#8221; tablet_text_alignment=&#8221;default&#8221; phone_text_alignment=&#8221;default&#8221; column_border_width=&#8221;none&#8221; column_border_style=&#8221;solid&#8221; bg_image_animation=&#8221;none&#8221;][vc_column_text]\n<h2>Inne tematy<\/h2>\n[\/vc_column_text][vc_wp_custommenu nav_menu=&#8221;10&#8243; el_class=&#8221;sub-navigation&#8221;][\/vc_column][\/vc_row]\n","protected":false},"excerpt":{"rendered":"<p>[vc_row type=&#8221;in_container&#8221; full_screen_row_position=&#8221;middle&#8221; column_margin=&#8221;default&#8221; column_direction=&#8221;default&#8221; column_direction_tablet=&#8221;default&#8221; column_direction_phone=&#8221;default&#8221; scene_position=&#8221;center&#8221; text_color=&#8221;dark&#8221; text_align=&#8221;left&#8221; row_border_radius=&#8221;none&#8221; row_border_radius_applies=&#8221;bg&#8221; overlay_strength=&#8221;0.3&#8243; gradient_direction=&#8221;left_to_right&#8221; shape_divider_position=&#8221;bottom&#8221; bg_image_animation=&#8221;none&#8221; css_animation=&#8221;&#8221; el_class=&#8221;page-title&#8221; el_id=&#8221;&#8221; css=&#8221;&#8221; max_width=&#8221;&#8221;][vc_column column_padding=&#8221;no-extra-padding&#8221; column_padding_tablet=&#8221;inherit&#8221; column_padding_phone=&#8221;inherit&#8221; column_padding_position=&#8221;all&#8221; background_color_opacity=&#8221;1&#8243; background_hover_color_opacity=&#8221;1&#8243; column_shadow=&#8221;none&#8221; column_border_radius=&#8221;none&#8221; column_link_target=&#8221;_self&#8221;&#8230;<\/p>\n","protected":false},"author":1,"featured_media":0,"parent":659,"menu_order":0,"comment_status":"closed","ping_status":"closed","template":"","meta":[],"yoast_head":"<!-- This site is optimized with the Yoast SEO plugin v15.3 - https:\/\/yoast.com\/wordpress\/plugins\/seo\/ -->\n<title>Podcasty - GreenWay<\/title>\n<meta name=\"robots\" content=\"index, follow, max-snippet:-1, max-image-preview:large, max-video-preview:-1\" \/>\n<link rel=\"canonical\" href=\"https:\/\/kb.greenway.sk\/pl\/elektromobilnosc\/podcasty\/\" \/>\n<meta property=\"og:locale\" content=\"pl_PL\" \/>\n<meta property=\"og:type\" content=\"article\" \/>\n<meta property=\"og:title\" content=\"Podcasty - GreenWay\" \/>\n<meta property=\"og:description\" content=\"[vc_row type=&#8221;in_container&#8221; full_screen_row_position=&#8221;middle&#8221; column_margin=&#8221;default&#8221; column_direction=&#8221;default&#8221; column_direction_tablet=&#8221;default&#8221; column_direction_phone=&#8221;default&#8221; scene_position=&#8221;center&#8221; text_color=&#8221;dark&#8221; text_align=&#8221;left&#8221; row_border_radius=&#8221;none&#8221; row_border_radius_applies=&#8221;bg&#8221; overlay_strength=&#8221;0.3&#8243; gradient_direction=&#8221;left_to_right&#8221; shape_divider_position=&#8221;bottom&#8221; bg_image_animation=&#8221;none&#8221; css_animation=&#8221;&#8221; el_class=&#8221;page-title&#8221; el_id=&#8221;&#8221; css=&#8221;&#8221; max_width=&#8221;&#8221;][vc_column column_padding=&#8221;no-extra-padding&#8221; column_padding_tablet=&#8221;inherit&#8221; column_padding_phone=&#8221;inherit&#8221; column_padding_position=&#8221;all&#8221; background_color_opacity=&#8221;1&#8243; background_hover_color_opacity=&#8221;1&#8243; column_shadow=&#8221;none&#8221; column_border_radius=&#8221;none&#8221; column_link_target=&#8221;_self&#8221;...\" \/>\n<meta property=\"og:url\" content=\"https:\/\/kb.greenway.sk\/pl\/elektromobilnosc\/podcasty\/\" \/>\n<meta property=\"og:site_name\" content=\"GreenWay\" \/>\n<meta property=\"article:modified_time\" content=\"2023-09-10T15:26:41+00:00\" \/>\n<meta name=\"twitter:card\" content=\"summary_large_image\" \/>\n<meta name=\"twitter:label1\" content=\"Written by\">\n\t<meta name=\"twitter:data1\" content=\"admin\">\n\t<meta name=\"twitter:label2\" content=\"Est. reading time\">\n\t<meta name=\"twitter:data2\" content=\"2 minuty\">\n<script type=\"application\/ld+json\" class=\"yoast-schema-graph\">{\"@context\":\"https:\/\/schema.org\",\"@graph\":[{\"@type\":\"WebSite\",\"@id\":\"https:\/\/kb.greenway.sk\/#website\",\"url\":\"https:\/\/kb.greenway.sk\/\",\"name\":\"GreenWay\",\"description\":\"\",\"potentialAction\":[{\"@type\":\"SearchAction\",\"target\":\"https:\/\/kb.greenway.sk\/?s={search_term_string}\",\"query-input\":\"required name=search_term_string\"}],\"inLanguage\":\"pl-PL\"},{\"@type\":\"WebPage\",\"@id\":\"https:\/\/kb.greenway.sk\/pl\/elektromobilnosc\/podcasty\/#webpage\",\"url\":\"https:\/\/kb.greenway.sk\/pl\/elektromobilnosc\/podcasty\/\",\"name\":\"Podcasty - GreenWay\",\"isPartOf\":{\"@id\":\"https:\/\/kb.greenway.sk\/#website\"},\"datePublished\":\"2020-12-18T10:05:20+00:00\",\"dateModified\":\"2023-09-10T15:26:41+00:00\",\"breadcrumb\":{\"@id\":\"https:\/\/kb.greenway.sk\/pl\/elektromobilnosc\/podcasty\/#breadcrumb\"},\"inLanguage\":\"pl-PL\",\"potentialAction\":[{\"@type\":\"ReadAction\",\"target\":[\"https:\/\/kb.greenway.sk\/pl\/elektromobilnosc\/podcasty\/\"]}]},{\"@type\":\"BreadcrumbList\",\"@id\":\"https:\/\/kb.greenway.sk\/pl\/elektromobilnosc\/podcasty\/#breadcrumb\",\"itemListElement\":[{\"@type\":\"ListItem\",\"position\":1,\"item\":{\"@type\":\"WebPage\",\"@id\":\"https:\/\/kb.greenway.sk\/pl\/\",\"url\":\"https:\/\/kb.greenway.sk\/pl\/\",\"name\":\"Knowledge base\"}},{\"@type\":\"ListItem\",\"position\":2,\"item\":{\"@type\":\"WebPage\",\"@id\":\"https:\/\/kb.greenway.sk\/pl\/elektromobilnosc\/\",\"url\":\"https:\/\/kb.greenway.sk\/pl\/elektromobilnosc\/\",\"name\":\"Elektromobilno\\u015b\\u0107\"}},{\"@type\":\"ListItem\",\"position\":3,\"item\":{\"@type\":\"WebPage\",\"@id\":\"https:\/\/kb.greenway.sk\/pl\/elektromobilnosc\/podcasty\/\",\"url\":\"https:\/\/kb.greenway.sk\/pl\/elektromobilnosc\/podcasty\/\",\"name\":\"Podcasty\"}}]}]}<\/script>\n<!-- \/ Yoast SEO plugin. -->","_links":{"self":[{"href":"https:\/\/kb.greenway.sk\/pl\/wp-json\/wp\/v2\/pages\/686\/"}],"collection":[{"href":"https:\/\/kb.greenway.sk\/pl\/wp-json\/wp\/v2\/pages\/"}],"about":[{"href":"https:\/\/kb.greenway.sk\/pl\/wp-json\/wp\/v2\/types\/page\/"}],"author":[{"embeddable":true,"href":"https:\/\/kb.greenway.sk\/pl\/wp-json\/wp\/v2\/users\/1\/"}],"replies":[{"embeddable":true,"href":"https:\/\/kb.greenway.sk\/pl\/wp-json\/wp\/v2\/comments\/?post=686"}],"version-history":[{"count":4,"href":"https:\/\/kb.greenway.sk\/pl\/wp-json\/wp\/v2\/pages\/686\/revisions\/"}],"predecessor-version":[{"id":2007,"href":"https:\/\/kb.greenway.sk\/pl\/wp-json\/wp\/v2\/pages\/686\/revisions\/2007\/"}],"up":[{"embeddable":true,"href":"https:\/\/kb.greenway.sk\/pl\/wp-json\/wp\/v2\/pages\/659\/"}],"wp:attachment":[{"href":"https:\/\/kb.greenway.sk\/pl\/wp-json\/wp\/v2\/media\/?parent=686"}],"curies":[{"name":"wp","href":"https:\/\/api.w.org\/{rel}","templated":true}]}}