{"id":683,"date":"2020-12-18T11:04:10","date_gmt":"2020-12-18T10:04:10","guid":{"rendered":"https:\/\/kb.greenway.sk\/?page_id=683"},"modified":"2023-09-10T17:23:02","modified_gmt":"2023-09-10T15:23:02","slug":"konkretne-lektury-raporty","status":"publish","type":"page","link":"https:\/\/kb.greenway.sk\/pl\/elektromobilnosc\/konkretne-lektury-raporty\/","title":{"rendered":"Konkretne lektury \/ raporty"},"content":{"rendered":"[vc_row type=&#8221;in_container&#8221; full_screen_row_position=&#8221;middle&#8221; column_margin=&#8221;default&#8221; column_direction=&#8221;default&#8221; column_direction_tablet=&#8221;default&#8221; column_direction_phone=&#8221;default&#8221; scene_position=&#8221;center&#8221; text_color=&#8221;dark&#8221; text_align=&#8221;left&#8221; row_border_radius=&#8221;none&#8221; row_border_radius_applies=&#8221;bg&#8221; overlay_strength=&#8221;0.3&#8243; gradient_direction=&#8221;left_to_right&#8221; shape_divider_position=&#8221;bottom&#8221; bg_image_animation=&#8221;none&#8221; css_animation=&#8221;&#8221; el_class=&#8221;page-title&#8221; el_id=&#8221;&#8221; css=&#8221;&#8221; max_width=&#8221;&#8221;][vc_column column_padding=&#8221;no-extra-padding&#8221; column_padding_tablet=&#8221;inherit&#8221; column_padding_phone=&#8221;inherit&#8221; column_padding_position=&#8221;all&#8221; background_color_opacity=&#8221;1&#8243; background_hover_color_opacity=&#8221;1&#8243; column_shadow=&#8221;none&#8221; column_border_radius=&#8221;none&#8221; column_link_target=&#8221;_self&#8221; gradient_direction=&#8221;left_to_right&#8221; overlay_strength=&#8221;0.3&#8243; width=&#8221;1\/1&#8243; tablet_width_inherit=&#8221;default&#8221; tablet_text_alignment=&#8221;default&#8221; phone_text_alignment=&#8221;default&#8221; column_border_width=&#8221;none&#8221; column_border_style=&#8221;solid&#8221; bg_image_animation=&#8221;none&#8221;][vc_column_text el_class=&#8221;page-title&#8221;]\n<h1>Konkretne lektury \/ raporty<\/h1>\n[\/vc_column_text][vc_column_text]\n<table>\n<tbody>\n<tr>\n<td width=\"104\">Nazwa<\/td>\n<td width=\"113\">URL<\/td>\n<td width=\"387\">Opis<\/td>\n<\/tr>\n<tr>\n<td width=\"104\">BNEF<\/p>\n<p>EV outlook 2022<\/td>\n<td width=\"113\"><a href=\"https:\/\/about.bnef.com\/electric-vehicle-outlook\/\">https:\/\/about.bnef.com\/electric-vehicle-outlook\/<\/a><\/td>\n<td width=\"387\">Raport BNEF dotycz\u0105cy pojazd\u00f3w nap\u0119dzanych paliwami alternatywnymi, energii i emisji, akumulator\u00f3w i infrastruktury \u0142adowania.<\/td>\n<\/tr>\n<tr>\n<td width=\"104\">IEA<\/p>\n<p>Global EV outlook<\/td>\n<td width=\"113\"><a href=\"https:\/\/www.iea.org\/reports\/global-ev-outlook-2022\">https:\/\/www.iea.org\/reports\/global-ev-outlook-2022<\/a><\/td>\n<td width=\"387\">IEA w swoich corocznych raportach informuje o rozwoju infrastruktury \u0142adowania pojazd\u00f3w elektrycznych, cenach baterii i prognozach globalnych.<\/td>\n<\/tr>\n<tr>\n<td width=\"104\">T&amp;E charging report<\/td>\n<td width=\"113\"><a href=\"https:\/\/www.transportenvironment.org\/publications\/recharge-eu-how-many-charge-points-will-eu-countries-need-2030\">https:\/\/www.transportenvironment.org\/publications\/recharge-eu-how-many-charge-points-will-eu-countries-need-2030<\/a><\/td>\n<td width=\"387\">Szczeg\u00f3\u0142owy raport T&amp;E dotycz\u0105cy najwa\u017cniejszych temat\u00f3w bran\u017cy \u0142adowania, zawieraj\u0105cy r\u00f3wnie\u017c sugestie zmiany dyrektywy w sprawie paliw alternatywnych.<\/td>\n<\/tr>\n<tr>\n<td width=\"104\">IEA Hydrogen report<\/td>\n<td width=\"113\"><a href=\"https:\/\/www.iea.org\/reports\/global-hydrogen-review-2022\">https:\/\/www.iea.org\/reports\/global-hydrogen-review-2022<\/a><\/td>\n<td width=\"387\">Prawdopodobnie najbardziej szczeg\u00f3\u0142owe, oparte na danych i niezale\u017cne analizy gospodarki wodorowej. Mi\u0119dzynarodowa Agencja Energii przygotowa\u0142a ten prze\u0142omowy raport, aby przeanalizowa\u0107 obecny stan wodoru i przedstawi\u0107 wskaz\u00f3wki dotycz\u0105ce jego przysz\u0142ego rozwoju.<\/td>\n<\/tr>\n<tr>\n<td width=\"104\">EURELECTRIC<\/p>\n<p>Decarbonization pathways for EU economy<\/td>\n<td width=\"113\"><a href=\"https:\/\/cdn.eurelectric.org\/media\/3172\/decarbonisation-pathways-electrificatino-part-study-results-h-AD171CCC.pdf\">https:\/\/cdn.eurelectric.org\/media\/3172\/decarbonisation-pathways-electrificatino-part-study-results-h-AD171CCC.pdf<\/a><\/td>\n<td width=\"387\">Potencja\u0142 elektryfikacji jest znaczny w sektorach wykorzystuj\u0105cych energi\u0119 i b\u0119dzie stanowi\u0107 podstaw\u0119 g\u0142\u0119bokiej dekarbonizacji gospodarki. G\u0142\u0119boka dekarbonizacja jest implikowan\u0105 drog\u0105 do elektryfikacji. Elektryfikacja jest najbardziej bezpo\u015brednim, skutecznym i wydajnym sposobem osi\u0105gni\u0119cia cel\u00f3w dekarbonizacji.<\/td>\n<\/tr>\n<tr>\n<td width=\"104\">Electricity Map<\/td>\n<td width=\"113\"><a href=\"https:\/\/www.electricitymap.org\/map\">https:\/\/www.electricitymap.org\/map<\/a><\/td>\n<td width=\"387\">Mapa energii elektrycznej to \u015bwiatowa mapa ilo\u015bci gaz\u00f3w cieplarnianych emitowanych na ka\u017cd\u0105 jednostk\u0119 energii elektrycznej zu\u017cywanej w r\u00f3\u017cnych krajach (intensywno\u015b\u0107 emisji dwutlenku w\u0119gla). Obejmuje r\u00f3wnie\u017c strza\u0142ki mi\u0119dzy obszarami, kt\u00f3re wskazuj\u0105 fizyczny przep\u0142yw (import i eksport) energii elektrycznej mi\u0119dzy krajami.<\/td>\n<\/tr>\n<tr>\n<td width=\"104\">CleanTechnica<\/td>\n<td width=\"113\"><a href=\"https:\/\/cleantechnica.com\/\">https:\/\/cleantechnica.com\/<\/a><\/td>\n<td width=\"387\">CleanTechnica to ameryka\u0144ska witryna internetowa po\u015bwi\u0119cona gromadzeniu wiadomo\u015bci na temat czystych technologii, w szczeg\u00f3lno\u015bci zr\u00f3wnowa\u017conej energii i samochod\u00f3w elektrycznych, w tym samochod\u00f3w Tesli.<\/td>\n<\/tr>\n<tr>\n<td width=\"104\">Transport&amp;Environment<\/td>\n<td width=\"113\"><a href=\"https:\/\/www.transportenvironment.org\/\">https:\/\/www.transportenvironment.org\/<\/a><\/td>\n<td width=\"387\">Wiod\u0105ca w Europie grupa zajmuj\u0105ca si\u0119 czystym transportem. Wizja Transport &amp; Environment (T&amp;E) to bezemisyjny system mobilno\u015bci, kt\u00f3ry jest przyst\u0119pny cenowo i ma minimalny wp\u0142yw na nasze zdrowie, klimat i \u015brodowisko.<\/td>\n<\/tr>\n<tr>\n<td width=\"104\">Barometr Nowej Mobilno\u015bci<\/td>\n<td width=\"113\"><a href=\"https:\/\/pspa.com.pl\/raporty\/barometr-nowej-mobilnosci-2022-23\/\">Barometr Nowej Mobilno\u015bci 2022\/23 &#8211; PSPA &#8211; Polskie Stowarzyszenie Paliw Alternatywnych<\/a><\/td>\n<td width=\"387\">Badanie preferencji Polak\u00f3w dotycz\u0105ce elektromobilno\u015bci. W raporcie znajduj\u0105 si\u0119 mi\u0119dzy innymi statystyki odnosz\u0105ce si\u0119 do wybieranych przez Polak\u00f3w modeli EV czy upodobania dotycz\u0105ce infrastruktury \u0142adowania. Spor\u0105 cz\u0119\u015b\u0107 raportu zajmuje r\u00f3wnie\u017c badanie zwi\u0105zane ze zmianami w postrzeganiu elektromobilno\u015bci na przestrzeni lat.<\/td>\n<\/tr>\n<tr>\n<td width=\"104\">Katalog pojazd\u00f3w elektrycznych<\/td>\n<td width=\"113\"><a href=\"https:\/\/pspa.com.pl\/raporty\/katalog-pojazdow-elektrycznych-2023\/\">Katalog pojazd\u00f3w elektrycznych 2023 &#8211; PSPA &#8211; Polskie Stowarzyszenie Paliw Alternatywnych<\/a><\/td>\n<td width=\"387\">Prezentacja pe\u0142nej oferty modeli BEV, FCEV i PHEV dost\u0119pnych w sta\u0142ej sprzeda\u017cy na terenie Polski.<\/td>\n<\/tr>\n<\/tbody>\n<\/table>\n[\/vc_column_text][divider line_type=&#8221;No Line&#8221; custom_height=&#8221;50&#8243;][\/vc_column][\/vc_row][vc_row type=&#8221;in_container&#8221; full_screen_row_position=&#8221;middle&#8221; column_margin=&#8221;default&#8221; column_direction=&#8221;default&#8221; column_direction_tablet=&#8221;default&#8221; column_direction_phone=&#8221;default&#8221; scene_position=&#8221;center&#8221; text_color=&#8221;dark&#8221; text_align=&#8221;left&#8221; row_border_radius=&#8221;none&#8221; row_border_radius_applies=&#8221;bg&#8221; overlay_strength=&#8221;0.3&#8243; gradient_direction=&#8221;left_to_right&#8221; shape_divider_position=&#8221;bottom&#8221; bg_image_animation=&#8221;none&#8221;][vc_column column_padding=&#8221;no-extra-padding&#8221; column_padding_tablet=&#8221;inherit&#8221; column_padding_phone=&#8221;inherit&#8221; column_padding_position=&#8221;all&#8221; background_color_opacity=&#8221;1&#8243; background_hover_color_opacity=&#8221;1&#8243; column_shadow=&#8221;none&#8221; column_border_radius=&#8221;none&#8221; column_link_target=&#8221;_self&#8221; gradient_direction=&#8221;left_to_right&#8221; overlay_strength=&#8221;0.3&#8243; width=&#8221;1\/1&#8243; tablet_width_inherit=&#8221;default&#8221; tablet_text_alignment=&#8221;default&#8221; phone_text_alignment=&#8221;default&#8221; column_border_width=&#8221;none&#8221; column_border_style=&#8221;solid&#8221; bg_image_animation=&#8221;none&#8221;][vc_column_text]\n<h2>Inne tematy<\/h2>\n[\/vc_column_text][vc_wp_custommenu nav_menu=&#8221;10&#8243; el_class=&#8221;sub-navigation&#8221;][\/vc_column][\/vc_row]\n","protected":false},"excerpt":{"rendered":"<p>[vc_row type=&#8221;in_container&#8221; full_screen_row_position=&#8221;middle&#8221; column_margin=&#8221;default&#8221; column_direction=&#8221;default&#8221; column_direction_tablet=&#8221;default&#8221; column_direction_phone=&#8221;default&#8221; scene_position=&#8221;center&#8221; text_color=&#8221;dark&#8221; text_align=&#8221;left&#8221; row_border_radius=&#8221;none&#8221; row_border_radius_applies=&#8221;bg&#8221; overlay_strength=&#8221;0.3&#8243; gradient_direction=&#8221;left_to_right&#8221; shape_divider_position=&#8221;bottom&#8221; bg_image_animation=&#8221;none&#8221; css_animation=&#8221;&#8221; el_class=&#8221;page-title&#8221; el_id=&#8221;&#8221; css=&#8221;&#8221; max_width=&#8221;&#8221;][vc_column column_padding=&#8221;no-extra-padding&#8221; column_padding_tablet=&#8221;inherit&#8221; column_padding_phone=&#8221;inherit&#8221; column_padding_position=&#8221;all&#8221; background_color_opacity=&#8221;1&#8243; background_hover_color_opacity=&#8221;1&#8243; column_shadow=&#8221;none&#8221; column_border_radius=&#8221;none&#8221; column_link_target=&#8221;_self&#8221;&#8230;<\/p>\n","protected":false},"author":1,"featured_media":0,"parent":659,"menu_order":0,"comment_status":"closed","ping_status":"closed","template":"","meta":[],"yoast_head":"<!-- This site is optimized with the Yoast SEO plugin v15.3 - https:\/\/yoast.com\/wordpress\/plugins\/seo\/ -->\n<title>Konkretne lektury \/ raporty - GreenWay<\/title>\n<meta name=\"robots\" content=\"index, follow, max-snippet:-1, max-image-preview:large, max-video-preview:-1\" \/>\n<link rel=\"canonical\" href=\"https:\/\/kb.greenway.sk\/pl\/elektromobilnosc\/konkretne-lektury-raporty\/\" \/>\n<meta property=\"og:locale\" content=\"pl_PL\" \/>\n<meta property=\"og:type\" content=\"article\" \/>\n<meta property=\"og:title\" content=\"Konkretne lektury \/ raporty - GreenWay\" \/>\n<meta property=\"og:description\" content=\"[vc_row type=&#8221;in_container&#8221; full_screen_row_position=&#8221;middle&#8221; column_margin=&#8221;default&#8221; column_direction=&#8221;default&#8221; column_direction_tablet=&#8221;default&#8221; column_direction_phone=&#8221;default&#8221; scene_position=&#8221;center&#8221; text_color=&#8221;dark&#8221; text_align=&#8221;left&#8221; row_border_radius=&#8221;none&#8221; row_border_radius_applies=&#8221;bg&#8221; overlay_strength=&#8221;0.3&#8243; gradient_direction=&#8221;left_to_right&#8221; shape_divider_position=&#8221;bottom&#8221; bg_image_animation=&#8221;none&#8221; css_animation=&#8221;&#8221; el_class=&#8221;page-title&#8221; el_id=&#8221;&#8221; css=&#8221;&#8221; max_width=&#8221;&#8221;][vc_column column_padding=&#8221;no-extra-padding&#8221; column_padding_tablet=&#8221;inherit&#8221; column_padding_phone=&#8221;inherit&#8221; column_padding_position=&#8221;all&#8221; background_color_opacity=&#8221;1&#8243; background_hover_color_opacity=&#8221;1&#8243; column_shadow=&#8221;none&#8221; column_border_radius=&#8221;none&#8221; column_link_target=&#8221;_self&#8221;...\" \/>\n<meta property=\"og:url\" content=\"https:\/\/kb.greenway.sk\/pl\/elektromobilnosc\/konkretne-lektury-raporty\/\" \/>\n<meta property=\"og:site_name\" content=\"GreenWay\" \/>\n<meta property=\"article:modified_time\" content=\"2023-09-10T15:23:02+00:00\" \/>\n<meta name=\"twitter:card\" content=\"summary_large_image\" \/>\n<meta name=\"twitter:label1\" content=\"Written by\">\n\t<meta name=\"twitter:data1\" content=\"admin\">\n\t<meta name=\"twitter:label2\" content=\"Est. reading time\">\n\t<meta name=\"twitter:data2\" content=\"3 minuty\">\n<script type=\"application\/ld+json\" class=\"yoast-schema-graph\">{\"@context\":\"https:\/\/schema.org\",\"@graph\":[{\"@type\":\"WebSite\",\"@id\":\"https:\/\/kb.greenway.sk\/#website\",\"url\":\"https:\/\/kb.greenway.sk\/\",\"name\":\"GreenWay\",\"description\":\"\",\"potentialAction\":[{\"@type\":\"SearchAction\",\"target\":\"https:\/\/kb.greenway.sk\/?s={search_term_string}\",\"query-input\":\"required name=search_term_string\"}],\"inLanguage\":\"pl-PL\"},{\"@type\":\"WebPage\",\"@id\":\"https:\/\/kb.greenway.sk\/pl\/elektromobilnosc\/konkretne-lektury-raporty\/#webpage\",\"url\":\"https:\/\/kb.greenway.sk\/pl\/elektromobilnosc\/konkretne-lektury-raporty\/\",\"name\":\"Konkretne lektury \/ raporty - GreenWay\",\"isPartOf\":{\"@id\":\"https:\/\/kb.greenway.sk\/#website\"},\"datePublished\":\"2020-12-18T10:04:10+00:00\",\"dateModified\":\"2023-09-10T15:23:02+00:00\",\"breadcrumb\":{\"@id\":\"https:\/\/kb.greenway.sk\/pl\/elektromobilnosc\/konkretne-lektury-raporty\/#breadcrumb\"},\"inLanguage\":\"pl-PL\",\"potentialAction\":[{\"@type\":\"ReadAction\",\"target\":[\"https:\/\/kb.greenway.sk\/pl\/elektromobilnosc\/konkretne-lektury-raporty\/\"]}]},{\"@type\":\"BreadcrumbList\",\"@id\":\"https:\/\/kb.greenway.sk\/pl\/elektromobilnosc\/konkretne-lektury-raporty\/#breadcrumb\",\"itemListElement\":[{\"@type\":\"ListItem\",\"position\":1,\"item\":{\"@type\":\"WebPage\",\"@id\":\"https:\/\/kb.greenway.sk\/pl\/\",\"url\":\"https:\/\/kb.greenway.sk\/pl\/\",\"name\":\"Knowledge base\"}},{\"@type\":\"ListItem\",\"position\":2,\"item\":{\"@type\":\"WebPage\",\"@id\":\"https:\/\/kb.greenway.sk\/pl\/elektromobilnosc\/\",\"url\":\"https:\/\/kb.greenway.sk\/pl\/elektromobilnosc\/\",\"name\":\"Elektromobilno\\u015b\\u0107\"}},{\"@type\":\"ListItem\",\"position\":3,\"item\":{\"@type\":\"WebPage\",\"@id\":\"https:\/\/kb.greenway.sk\/pl\/elektromobilnosc\/konkretne-lektury-raporty\/\",\"url\":\"https:\/\/kb.greenway.sk\/pl\/elektromobilnosc\/konkretne-lektury-raporty\/\",\"name\":\"Konkretne lektury \/ raporty\"}}]}]}<\/script>\n<!-- \/ Yoast SEO plugin. -->","_links":{"self":[{"href":"https:\/\/kb.greenway.sk\/pl\/wp-json\/wp\/v2\/pages\/683\/"}],"collection":[{"href":"https:\/\/kb.greenway.sk\/pl\/wp-json\/wp\/v2\/pages\/"}],"about":[{"href":"https:\/\/kb.greenway.sk\/pl\/wp-json\/wp\/v2\/types\/page\/"}],"author":[{"embeddable":true,"href":"https:\/\/kb.greenway.sk\/pl\/wp-json\/wp\/v2\/users\/1\/"}],"replies":[{"embeddable":true,"href":"https:\/\/kb.greenway.sk\/pl\/wp-json\/wp\/v2\/comments\/?post=683"}],"version-history":[{"count":4,"href":"https:\/\/kb.greenway.sk\/pl\/wp-json\/wp\/v2\/pages\/683\/revisions\/"}],"predecessor-version":[{"id":2005,"href":"https:\/\/kb.greenway.sk\/pl\/wp-json\/wp\/v2\/pages\/683\/revisions\/2005\/"}],"up":[{"embeddable":true,"href":"https:\/\/kb.greenway.sk\/pl\/wp-json\/wp\/v2\/pages\/659\/"}],"wp:attachment":[{"href":"https:\/\/kb.greenway.sk\/pl\/wp-json\/wp\/v2\/media\/?parent=683"}],"curies":[{"name":"wp","href":"https:\/\/api.w.org\/{rel}","templated":true}]}}