{"id":667,"date":"2020-12-18T10:44:35","date_gmt":"2020-12-18T09:44:35","guid":{"rendered":"https:\/\/kb.greenway.sk\/emobility\/recommended-reading\/"},"modified":"2023-09-10T17:21:01","modified_gmt":"2023-09-10T15:21:01","slug":"zalecana-lektura-o-elektromobilnosci","status":"publish","type":"page","link":"https:\/\/kb.greenway.sk\/pl\/elektromobilnosc\/zalecana-lektura-o-elektromobilnosci\/","title":{"rendered":"Polecane bazy wiedzy o elektromobilno\u015bci"},"content":{"rendered":"[vc_row type=&#8221;in_container&#8221; full_screen_row_position=&#8221;middle&#8221; column_margin=&#8221;default&#8221; column_direction=&#8221;default&#8221; column_direction_tablet=&#8221;default&#8221; column_direction_phone=&#8221;default&#8221; scene_position=&#8221;center&#8221; text_color=&#8221;dark&#8221; text_align=&#8221;left&#8221; row_border_radius=&#8221;none&#8221; row_border_radius_applies=&#8221;bg&#8221; overlay_strength=&#8221;0.3&#8243; gradient_direction=&#8221;left_to_right&#8221; shape_divider_position=&#8221;bottom&#8221; bg_image_animation=&#8221;none&#8221; css_animation=&#8221;&#8221; el_class=&#8221;page-title&#8221; el_id=&#8221;&#8221; css=&#8221;&#8221; max_width=&#8221;&#8221;][vc_column column_padding=&#8221;no-extra-padding&#8221; column_padding_tablet=&#8221;inherit&#8221; column_padding_phone=&#8221;inherit&#8221; column_padding_position=&#8221;all&#8221; background_color_opacity=&#8221;1&#8243; background_hover_color_opacity=&#8221;1&#8243; column_shadow=&#8221;none&#8221; column_border_radius=&#8221;none&#8221; column_link_target=&#8221;_self&#8221; gradient_direction=&#8221;left_to_right&#8221; overlay_strength=&#8221;0.3&#8243; width=&#8221;1\/1&#8243; tablet_width_inherit=&#8221;default&#8221; tablet_text_alignment=&#8221;default&#8221; phone_text_alignment=&#8221;default&#8221; column_border_width=&#8221;none&#8221; column_border_style=&#8221;solid&#8221; bg_image_animation=&#8221;none&#8221;][vc_column_text el_class=&#8221;page-title&#8221;]\n<h1>Polecane bazy wiedzy o elektromobilno\u015bci<\/h1>\n[\/vc_column_text][vc_column_text]\n<table>\n<tbody>\n<tr>\n<td width=\"113\">Nazwa<\/td>\n<td width=\"151\">URL<\/td>\n<td width=\"340\">Opis<\/td>\n<\/tr>\n<tr>\n<td width=\"113\">Bloomberg new energy finance (BNEF)<\/td>\n<td width=\"151\"><a href=\"https:\/\/about.bnef.com\/\">https:\/\/about.bnef.com\/<\/a><\/td>\n<td width=\"340\">BNFE to najwa\u017cniejsza agencja badawcza zajmuj\u0105ca si\u0119 analiz\u0105 trend\u00f3w i technologii zwi\u0105zanych z nowymi systemami energii \u2013 odnawialne \u017ar\u00f3d\u0142a energii, pojazdy elektryczne, dekarbonizacja itp.<\/td>\n<\/tr>\n<tr>\n<td width=\"113\">T&amp;E<\/td>\n<td width=\"151\"><a href=\"https:\/\/www.transportenvironment.org\/\">https:\/\/www.transportenvironment.org\/<\/a><\/td>\n<td width=\"340\">Najbardziej wp\u0142ywowa organizacja non-profit z wyra\u017anym naciskiem na czyst\u0105 mobilno\u015b\u0107. Dog\u0142\u0119bne analizy czyni\u0105 z nich cenne \u017ar\u00f3d\u0142o informacji o sektorze. Publikuj\u0105 r\u00f3wnie\u017c wiele ciekawych dokument\u00f3w prezentuj\u0105cych ich stanowisko na ka\u017cdy aktualny temat dotycz\u0105cy zr\u00f3wnowa\u017cone transportu.<\/td>\n<\/tr>\n<tr>\n<td width=\"113\">IEA<\/td>\n<td width=\"151\"><a href=\"https:\/\/www.iea.org\/\">https:\/\/www.iea.org\/<\/a><\/td>\n<td width=\"340\">Mi\u0119dzynarodowa Agencja Energetyczna (IEA) jest w centrum globalnego dialogu na temat energii, dostarczaj\u0105c miarodajnych analiz, danych, zalece\u0144 politycznych i rzeczywistych rozwi\u0105za\u0144, aby pom\u00f3c krajom w zapewnieniu bezpiecznej i zr\u00f3wnowa\u017conej energii.<\/td>\n<\/tr>\n<tr>\n<td width=\"113\">EURELECTRIC<\/td>\n<td width=\"151\"><a href=\"https:\/\/www.eurelectric.org\/\">https:\/\/www.eurelectric.org\/<\/a><\/td>\n<td width=\"340\">Eurelectric to stowarzyszenie bran\u017cowe reprezentuj\u0105ce wsp\u00f3lne interesy bran\u017cy elektrycznej. Mo\u017cna tam znale\u017a\u0107 pog\u0142\u0119bione analizy dotycz\u0105ce europejskiego sektora energetycznego.<\/td>\n<\/tr>\n<tr>\n<td width=\"113\">PSPA<\/td>\n<td width=\"151\"><a href=\"https:\/\/pspa.com.pl\/\">https:\/\/pspa.com.pl\/<\/a><\/td>\n<td width=\"340\">Polskie Stowarzyszenie Paliw Alternatywnych (PSPA) jest najwi\u0119ksz\u0105, w pe\u0142ni reprezentatywn\u0105 organizacj\u0105 bran\u017cow\u0105, promuj\u0105c\u0105 technologie zero- i niskoemisyjne w transporcie. Na stronie stowarzyszenia mo\u017cna znale\u017a\u0107 wiele r\u00f3\u017cnych dokument\u00f3w zwi\u0105zanych z polskim sektorem elektromobilno\u015bci.<\/td>\n<\/tr>\n<tr>\n<td width=\"113\">SEVA<\/td>\n<td width=\"151\"><a href=\"https:\/\/www.seva.sk\/\">https:\/\/www.seva.sk\/<\/a><\/td>\n<td width=\"340\">S\u0142owackie Stowarzyszenie Pojazd\u00f3w Elektrycznych (SEVA) dostarcza wiele wa\u017cnych wiadomo\u015bci, dokument\u00f3w strategicznych i innych danych dotycz\u0105cych sektora elektromobilno\u015bci na rynku S\u0142owackim.<\/td>\n<\/tr>\n<tr>\n<td width=\"113\">Elektromobilni.pl<\/td>\n<td width=\"151\"><a href=\"https:\/\/elektromobilni.pl\/\">https:\/\/elektromobilni.pl\/<\/a><\/p>\n<p>&nbsp;<\/p>\n<p>&nbsp;<\/td>\n<td width=\"340\">Portal edukacyjny prowadzony przez PSPA wraz z partnerami b\u0119d\u0105cymi liderami rynku elektromobilno\u015bci, w tym firm\u0105 GreenWay. Kampania elektromobilni.pl ma na celu budowanie \u015bwiadomo\u015bci spo\u0142ecznej, edukacj\u0119 i promocj\u0119 elektromobilno\u015bci w Polsce.<\/td>\n<\/tr>\n<tr>\n<td width=\"113\">Acea<\/td>\n<td width=\"151\">https:\/\/www.acea.auto\/<\/td>\n<td width=\"340\">Europejskie Stowarzyszenie Producent\u00f3w Samochod\u00f3w. Organizacja publikuje newsy o \u015bwiecie elektromobilno\u015bci, badania czy informacje o eventach zwi\u0105zanych z EV, kt\u00f3re odb\u0119d\u0105 si\u0119 w najbli\u017cszym czasie.<\/td>\n<\/tr>\n<tr>\n<td width=\"113\">EV VOLUMES.COM<\/td>\n<td width=\"151\">https:\/\/www.ev-volumes.com\/<\/td>\n<td width=\"340\">Jest to baza wiedzy dotycz\u0105ca sprzeda\u017cy EV na ca\u0142ym \u015bwiecie. Raporty i informacje zawarte na stronie pokazuj\u0105 dok\u0142adne wyniki sprzeda\u017cy samochod\u00f3w elektrycznych i hybrydowych w poszczeg\u00f3lnych krajach i kontynentach.<\/td>\n<\/tr>\n<tr>\n<td width=\"113\">European Alternative Fuels Observatory<\/td>\n<td width=\"151\">https:\/\/alternative-fuels-observatory.ec.europa.eu\/<\/td>\n<td width=\"340\">Strona podlegaj\u0105ca pod Komisj\u0119 Europejsk\u0105, publikuj\u0105ca raporty dotycz\u0105ce: transportu (nie tylko drogowego). Zakres informacji obejmuje ka\u017cde z pa\u0144stw cz\u0142onkowskich UE, opisuj\u0105c zar\u00f3wno infrastruktur\u0119 drogow\u0105, jak i floty pojazd\u00f3w, obowi\u0105zuj\u0105ce ustawy czy og\u00f3lne dane dotycz\u0105ce funkcjonowania EV, PHEV i BEV w danym pa\u0144stwie.<\/td>\n<\/tr>\n<\/tbody>\n<\/table>\n[\/vc_column_text][divider line_type=&#8221;No Line&#8221; custom_height=&#8221;50&#8243;][\/vc_column][\/vc_row][vc_row type=&#8221;in_container&#8221; full_screen_row_position=&#8221;middle&#8221; column_margin=&#8221;default&#8221; column_direction=&#8221;default&#8221; column_direction_tablet=&#8221;default&#8221; column_direction_phone=&#8221;default&#8221; scene_position=&#8221;center&#8221; text_color=&#8221;dark&#8221; text_align=&#8221;left&#8221; row_border_radius=&#8221;none&#8221; row_border_radius_applies=&#8221;bg&#8221; overlay_strength=&#8221;0.3&#8243; gradient_direction=&#8221;left_to_right&#8221; shape_divider_position=&#8221;bottom&#8221; bg_image_animation=&#8221;none&#8221;][vc_column column_padding=&#8221;no-extra-padding&#8221; column_padding_tablet=&#8221;inherit&#8221; column_padding_phone=&#8221;inherit&#8221; column_padding_position=&#8221;all&#8221; background_color_opacity=&#8221;1&#8243; background_hover_color_opacity=&#8221;1&#8243; column_shadow=&#8221;none&#8221; column_border_radius=&#8221;none&#8221; column_link_target=&#8221;_self&#8221; gradient_direction=&#8221;left_to_right&#8221; overlay_strength=&#8221;0.3&#8243; width=&#8221;1\/1&#8243; tablet_width_inherit=&#8221;default&#8221; tablet_text_alignment=&#8221;default&#8221; phone_text_alignment=&#8221;default&#8221; column_border_width=&#8221;none&#8221; column_border_style=&#8221;solid&#8221; bg_image_animation=&#8221;none&#8221;][vc_column_text]\n<h2>Inne tematy<\/h2>\n[\/vc_column_text][vc_wp_custommenu nav_menu=&#8221;10&#8243; el_class=&#8221;sub-navigation&#8221;][\/vc_column][\/vc_row]\n","protected":false},"excerpt":{"rendered":"<p>[vc_row type=&#8221;in_container&#8221; full_screen_row_position=&#8221;middle&#8221; column_margin=&#8221;default&#8221; column_direction=&#8221;default&#8221; column_direction_tablet=&#8221;default&#8221; column_direction_phone=&#8221;default&#8221; scene_position=&#8221;center&#8221; text_color=&#8221;dark&#8221; text_align=&#8221;left&#8221; row_border_radius=&#8221;none&#8221; row_border_radius_applies=&#8221;bg&#8221; overlay_strength=&#8221;0.3&#8243; gradient_direction=&#8221;left_to_right&#8221; shape_divider_position=&#8221;bottom&#8221; bg_image_animation=&#8221;none&#8221; css_animation=&#8221;&#8221; el_class=&#8221;page-title&#8221; el_id=&#8221;&#8221; css=&#8221;&#8221; max_width=&#8221;&#8221;][vc_column column_padding=&#8221;no-extra-padding&#8221; column_padding_tablet=&#8221;inherit&#8221; column_padding_phone=&#8221;inherit&#8221; column_padding_position=&#8221;all&#8221; background_color_opacity=&#8221;1&#8243; background_hover_color_opacity=&#8221;1&#8243; column_shadow=&#8221;none&#8221; column_border_radius=&#8221;none&#8221; column_link_target=&#8221;_self&#8221;&#8230;<\/p>\n","protected":false},"author":1,"featured_media":0,"parent":659,"menu_order":0,"comment_status":"closed","ping_status":"closed","template":"","meta":[],"yoast_head":"<!-- This site is optimized with the Yoast SEO plugin v15.3 - https:\/\/yoast.com\/wordpress\/plugins\/seo\/ -->\n<title>Polecane bazy wiedzy o elektromobilno\u015bci - GreenWay<\/title>\n<meta name=\"robots\" content=\"index, follow, max-snippet:-1, max-image-preview:large, max-video-preview:-1\" \/>\n<link rel=\"canonical\" href=\"https:\/\/kb.greenway.sk\/pl\/elektromobilnosc\/zalecana-lektura-o-elektromobilnosci\/\" \/>\n<meta property=\"og:locale\" content=\"pl_PL\" \/>\n<meta property=\"og:type\" content=\"article\" \/>\n<meta property=\"og:title\" content=\"Polecane bazy wiedzy o elektromobilno\u015bci - GreenWay\" \/>\n<meta property=\"og:description\" content=\"[vc_row type=&#8221;in_container&#8221; full_screen_row_position=&#8221;middle&#8221; column_margin=&#8221;default&#8221; column_direction=&#8221;default&#8221; column_direction_tablet=&#8221;default&#8221; column_direction_phone=&#8221;default&#8221; scene_position=&#8221;center&#8221; text_color=&#8221;dark&#8221; text_align=&#8221;left&#8221; row_border_radius=&#8221;none&#8221; row_border_radius_applies=&#8221;bg&#8221; overlay_strength=&#8221;0.3&#8243; gradient_direction=&#8221;left_to_right&#8221; shape_divider_position=&#8221;bottom&#8221; bg_image_animation=&#8221;none&#8221; css_animation=&#8221;&#8221; el_class=&#8221;page-title&#8221; el_id=&#8221;&#8221; css=&#8221;&#8221; max_width=&#8221;&#8221;][vc_column column_padding=&#8221;no-extra-padding&#8221; column_padding_tablet=&#8221;inherit&#8221; column_padding_phone=&#8221;inherit&#8221; column_padding_position=&#8221;all&#8221; background_color_opacity=&#8221;1&#8243; background_hover_color_opacity=&#8221;1&#8243; column_shadow=&#8221;none&#8221; column_border_radius=&#8221;none&#8221; column_link_target=&#8221;_self&#8221;...\" \/>\n<meta property=\"og:url\" content=\"https:\/\/kb.greenway.sk\/pl\/elektromobilnosc\/zalecana-lektura-o-elektromobilnosci\/\" \/>\n<meta property=\"og:site_name\" content=\"GreenWay\" \/>\n<meta property=\"article:modified_time\" content=\"2023-09-10T15:21:01+00:00\" \/>\n<meta name=\"twitter:card\" content=\"summary_large_image\" \/>\n<meta name=\"twitter:label1\" content=\"Written by\">\n\t<meta name=\"twitter:data1\" content=\"admin\">\n\t<meta name=\"twitter:label2\" content=\"Est. reading time\">\n\t<meta name=\"twitter:data2\" content=\"3 minuty\">\n<script type=\"application\/ld+json\" class=\"yoast-schema-graph\">{\"@context\":\"https:\/\/schema.org\",\"@graph\":[{\"@type\":\"WebSite\",\"@id\":\"https:\/\/kb.greenway.sk\/#website\",\"url\":\"https:\/\/kb.greenway.sk\/\",\"name\":\"GreenWay\",\"description\":\"\",\"potentialAction\":[{\"@type\":\"SearchAction\",\"target\":\"https:\/\/kb.greenway.sk\/?s={search_term_string}\",\"query-input\":\"required name=search_term_string\"}],\"inLanguage\":\"pl-PL\"},{\"@type\":\"WebPage\",\"@id\":\"https:\/\/kb.greenway.sk\/pl\/elektromobilnosc\/zalecana-lektura-o-elektromobilnosci\/#webpage\",\"url\":\"https:\/\/kb.greenway.sk\/pl\/elektromobilnosc\/zalecana-lektura-o-elektromobilnosci\/\",\"name\":\"Polecane bazy wiedzy o elektromobilno\\u015bci - GreenWay\",\"isPartOf\":{\"@id\":\"https:\/\/kb.greenway.sk\/#website\"},\"datePublished\":\"2020-12-18T09:44:35+00:00\",\"dateModified\":\"2023-09-10T15:21:01+00:00\",\"breadcrumb\":{\"@id\":\"https:\/\/kb.greenway.sk\/pl\/elektromobilnosc\/zalecana-lektura-o-elektromobilnosci\/#breadcrumb\"},\"inLanguage\":\"pl-PL\",\"potentialAction\":[{\"@type\":\"ReadAction\",\"target\":[\"https:\/\/kb.greenway.sk\/pl\/elektromobilnosc\/zalecana-lektura-o-elektromobilnosci\/\"]}]},{\"@type\":\"BreadcrumbList\",\"@id\":\"https:\/\/kb.greenway.sk\/pl\/elektromobilnosc\/zalecana-lektura-o-elektromobilnosci\/#breadcrumb\",\"itemListElement\":[{\"@type\":\"ListItem\",\"position\":1,\"item\":{\"@type\":\"WebPage\",\"@id\":\"https:\/\/kb.greenway.sk\/pl\/\",\"url\":\"https:\/\/kb.greenway.sk\/pl\/\",\"name\":\"Knowledge base\"}},{\"@type\":\"ListItem\",\"position\":2,\"item\":{\"@type\":\"WebPage\",\"@id\":\"https:\/\/kb.greenway.sk\/pl\/elektromobilnosc\/\",\"url\":\"https:\/\/kb.greenway.sk\/pl\/elektromobilnosc\/\",\"name\":\"Elektromobilno\\u015b\\u0107\"}},{\"@type\":\"ListItem\",\"position\":3,\"item\":{\"@type\":\"WebPage\",\"@id\":\"https:\/\/kb.greenway.sk\/pl\/elektromobilnosc\/zalecana-lektura-o-elektromobilnosci\/\",\"url\":\"https:\/\/kb.greenway.sk\/pl\/elektromobilnosc\/zalecana-lektura-o-elektromobilnosci\/\",\"name\":\"Polecane bazy wiedzy o elektromobilno\\u015bci\"}}]}]}<\/script>\n<!-- \/ Yoast SEO plugin. -->","_links":{"self":[{"href":"https:\/\/kb.greenway.sk\/pl\/wp-json\/wp\/v2\/pages\/667\/"}],"collection":[{"href":"https:\/\/kb.greenway.sk\/pl\/wp-json\/wp\/v2\/pages\/"}],"about":[{"href":"https:\/\/kb.greenway.sk\/pl\/wp-json\/wp\/v2\/types\/page\/"}],"author":[{"embeddable":true,"href":"https:\/\/kb.greenway.sk\/pl\/wp-json\/wp\/v2\/users\/1\/"}],"replies":[{"embeddable":true,"href":"https:\/\/kb.greenway.sk\/pl\/wp-json\/wp\/v2\/comments\/?post=667"}],"version-history":[{"count":8,"href":"https:\/\/kb.greenway.sk\/pl\/wp-json\/wp\/v2\/pages\/667\/revisions\/"}],"predecessor-version":[{"id":2003,"href":"https:\/\/kb.greenway.sk\/pl\/wp-json\/wp\/v2\/pages\/667\/revisions\/2003\/"}],"up":[{"embeddable":true,"href":"https:\/\/kb.greenway.sk\/pl\/wp-json\/wp\/v2\/pages\/659\/"}],"wp:attachment":[{"href":"https:\/\/kb.greenway.sk\/pl\/wp-json\/wp\/v2\/media\/?parent=667"}],"curies":[{"name":"wp","href":"https:\/\/api.w.org\/{rel}","templated":true}]}}