{"id":222,"date":"2020-12-17T21:13:17","date_gmt":"2020-12-17T20:13:17","guid":{"rendered":"https:\/\/kb.greenway.sk\/?page_id=222"},"modified":"2023-09-08T13:14:39","modified_gmt":"2023-09-08T11:14:39","slug":"przydatne-aplikacje-i-strony-internetowe-dla-kierowcow-ev","status":"publish","type":"page","link":"https:\/\/kb.greenway.sk\/pl\/ladowanie\/przydatne-aplikacje-i-strony-internetowe-dla-kierowcow-ev\/","title":{"rendered":"Przydatne aplikacje i strony internetowe dla kierowc\u00f3w EV"},"content":{"rendered":"[vc_row type=&#8221;in_container&#8221; full_screen_row_position=&#8221;middle&#8221; column_margin=&#8221;default&#8221; column_direction=&#8221;default&#8221; column_direction_tablet=&#8221;default&#8221; column_direction_phone=&#8221;default&#8221; scene_position=&#8221;center&#8221; text_color=&#8221;dark&#8221; text_align=&#8221;left&#8221; row_border_radius=&#8221;none&#8221; row_border_radius_applies=&#8221;bg&#8221; overlay_strength=&#8221;0.3&#8243; gradient_direction=&#8221;left_to_right&#8221; shape_divider_position=&#8221;bottom&#8221; bg_image_animation=&#8221;none&#8221; css_animation=&#8221;&#8221; el_class=&#8221;page-title&#8221; el_id=&#8221;&#8221; css=&#8221;&#8221; max_width=&#8221;&#8221;][vc_column column_padding=&#8221;no-extra-padding&#8221; column_padding_tablet=&#8221;inherit&#8221; column_padding_phone=&#8221;inherit&#8221; column_padding_position=&#8221;all&#8221; background_color_opacity=&#8221;1&#8243; background_hover_color_opacity=&#8221;1&#8243; column_shadow=&#8221;none&#8221; column_border_radius=&#8221;none&#8221; column_link_target=&#8221;_self&#8221; gradient_direction=&#8221;left_to_right&#8221; overlay_strength=&#8221;0.3&#8243; width=&#8221;1\/1&#8243; tablet_width_inherit=&#8221;default&#8221; tablet_text_alignment=&#8221;default&#8221; phone_text_alignment=&#8221;default&#8221; column_border_width=&#8221;none&#8221; column_border_style=&#8221;solid&#8221; bg_image_animation=&#8221;none&#8221;][vc_column_text el_class=&#8221;page-title&#8221;]\n<h1>Przydatne aplikacje i strony internetowe dla kierowc\u00f3w EV<\/h1>\n[\/vc_column_text][divider line_type=&#8221;No Line&#8221; custom_height=&#8221;20&#8243;][vc_column_text]\n<ol>\n<li>\n<h2>Znajd\u017a swoj\u0105 stacj\u0119 \u0142adowania i na\u0142aduj si\u0119 z GreenWay<\/h2>\n<\/li>\n<\/ol>\n[\/vc_column_text][vc_column_text]Dzi\u0119ki GreenWay mo\u017cesz rozpocz\u0105\u0107 \u0142adowanie natychmiast po pobraniu aplikacji i wype\u0142nieniu obowi\u0105zkowych p\u00f3l dotycz\u0105cych danych kontaktowych oraz p\u0142atno\u015bci. Aplikacja daje Ci nie tylko mo\u017cliwo\u015b\u0107 szybkiego znalezienia stacji \u0142adowania na mapie \u2013 zar\u00f3wno nale\u017c\u0105cych do GreenWay, jak i do os\u00f3b trzecich i partner\u00f3w roamingowych. Dodatkowo umo\u017cliwia rozpocz\u0119cie \u0142adowania za pomoc\u0105 wbudowanego w aplikacj\u0119 czytnika do kod\u00f3w QR. Inne funkcjonalno\u015bci to m.in.: mo\u017cliwo\u015b\u0107 sprawdzenia dost\u0119pno\u015bci i stanu stacji w czasie rzeczywistym oraz otoczenia w jakim si\u0119 znajduje, mo\u017cliwo\u015b\u0107 filtrowania typu stacji oraz z\u0142\u0105cza kt\u00f3re Ci\u0119 interesuje, nawigacji do wybranej \u0142adowarki, przegl\u0105d zrealizowanych sesji \u0142adowania, natychmiastowe powiadomienia\u00a0 z wa\u017cnymi dla Ciebie informacjami oraz wiele wi\u0119cej!<\/p>\n<p><a href=\"http:\/\/www.greenwaypolska.pl\">www.greenwaypolska.pl<\/a>[\/vc_column_text][image_with_animation image_url=&#8221;1876&#8243; animation=&#8221;Fade In&#8221; hover_animation=&#8221;none&#8221; alignment=&#8221;center&#8221; border_radius=&#8221;none&#8221; box_shadow=&#8221;none&#8221; image_loading=&#8221;default&#8221; max_width=&#8221;100%&#8221; max_width_mobile=&#8221;default&#8221;][vc_column_text el_class=&#8221;text-with-stars&#8221;]Co najbardziej cenimy w naszej apce? To, \u017ce jest bezpieczna i wygodna w u\u017cytkowaniu. W przypadku napotkanego problemu lub zapytania, nasz dzia\u0142 obs\u0142ugi Klienta udzieli Ci pomocy o ka\u017cdej porze dnia i nocy, daj\u0105c Ci tym samym komfort korzystania z naszej sieci.[\/vc_column_text][divider line_type=&#8221;No Line&#8221; custom_height=&#8221;50&#8243;][\/vc_column][\/vc_row][vc_row type=&#8221;in_container&#8221; full_screen_row_position=&#8221;middle&#8221; column_margin=&#8221;default&#8221; column_direction=&#8221;default&#8221; column_direction_tablet=&#8221;default&#8221; column_direction_phone=&#8221;default&#8221; scene_position=&#8221;center&#8221; text_color=&#8221;dark&#8221; text_align=&#8221;left&#8221; row_border_radius=&#8221;none&#8221; row_border_radius_applies=&#8221;bg&#8221; overlay_strength=&#8221;0.3&#8243; gradient_direction=&#8221;left_to_right&#8221; shape_divider_position=&#8221;bottom&#8221; bg_image_animation=&#8221;none&#8221;][vc_column column_padding=&#8221;no-extra-padding&#8221; column_padding_tablet=&#8221;inherit&#8221; column_padding_phone=&#8221;inherit&#8221; column_padding_position=&#8221;all&#8221; background_color_opacity=&#8221;1&#8243; background_hover_color_opacity=&#8221;1&#8243; column_shadow=&#8221;none&#8221; column_border_radius=&#8221;none&#8221; column_link_target=&#8221;_self&#8221; gradient_direction=&#8221;left_to_right&#8221; overlay_strength=&#8221;0.3&#8243; width=&#8221;1\/1&#8243; tablet_width_inherit=&#8221;default&#8221; tablet_text_alignment=&#8221;default&#8221; phone_text_alignment=&#8221;default&#8221; column_border_width=&#8221;none&#8221; column_border_style=&#8221;solid&#8221; bg_image_animation=&#8221;none&#8221;][vc_column_text]\n<ol start=\"2\">\n<li>\n<h2>Znajd\u017a swoj\u0105 stacj\u0119 \u0142adowania z PlugShare<\/h2>\n<\/li>\n<\/ol>\n[\/vc_column_text][vc_column_text]PlugShare jest jedn\u0105 z najlepszych aplikacji oferuj\u0105cych informacje o stacjach \u0142adowania dla samochod\u00f3w elektrycznych. W swojej bazie posiada ponad 600 000 lokalizacji oraz funkcj\u0119 planowania podr\u00f3\u017cy. Ponadto, pozwala na filtrowanie typu szukanej stacji, w zale\u017cno\u015bci czy interesuj\u0105 nas \u0142adowarki publiczne, z wysok\u0105 moc\u0105, znajduj\u0105ce si\u0119 w przestrzeni mieszkalnej, jak i wyszukanie konkretnego operatora stacji \u0142adowania. PlugShare cieszy si\u0119 du\u017c\u0105 popularno\u015bci\u0105 w\u015br\u00f3d kierowc\u00f3w aut elektrycznych. Jego u\u017cytkownicy korzystaj\u0105c z opcji \u201eMeldowania si\u0119\u201d w danej lokalizacji, maj\u0105 mo\u017cliwo\u015b\u0107 oceniania stacji, dodawania jej zdj\u0119\u0107 oraz opinii dotycz\u0105cej jej u\u017cytkowania. Dzi\u0119ki temu, przysz\u0142y u\u017cytkownik mo\u017ce zdoby\u0107 nie tylko informacje o samym stanie stacji, ale r\u00f3wnie\u017c dowiedzie\u0107 si\u0119 o udogodnieniach znajduj\u0105cych si\u0119 w jej pobli\u017cu.<\/p>\n<p><a href=\"https:\/\/www.plugshare.com\/\">https:\/\/www.plugshare.com\/<\/a>[\/vc_column_text][image_with_animation image_url=&#8221;1873&#8243; animation=&#8221;Fade In&#8221; hover_animation=&#8221;none&#8221; alignment=&#8221;center&#8221; border_radius=&#8221;none&#8221; box_shadow=&#8221;none&#8221; image_loading=&#8221;default&#8221; max_width=&#8221;100%&#8221; max_width_mobile=&#8221;default&#8221;][vc_column_text el_class=&#8221;text-with-stars&#8221;]Co najbardziej cenimy w apce PlugShare? Zapewnia ona najbardziej dok\u0142adn\u0105 i kompletn\u0105 publiczn\u0105 map\u0119 stacji \u0142adowania na ca\u0142ym \u015bwiecie z filtrami wyszukiwania \u0142adowarek. Zawiera r\u00f3wnie\u017c wiele istotnych informacji z perspektywy kierowcy oraz co najwa\u017cniejsze opinie o danej lokalizacji. Z aplikacji PlugShare miesi\u0119cznie korzysta ponad 300 000 aktywnych u\u017cytkownik\u00f3w, tworz\u0105c tym samym najwi\u0119ksz\u0105 spo\u0142eczno\u015b\u0107 kierowc\u00f3w pojazd\u00f3w elektrycznych na \u015bwiecie.[\/vc_column_text][divider line_type=&#8221;No Line&#8221; custom_height=&#8221;50&#8243;][\/vc_column][\/vc_row][vc_row type=&#8221;in_container&#8221; full_screen_row_position=&#8221;middle&#8221; column_margin=&#8221;default&#8221; column_direction=&#8221;default&#8221; column_direction_tablet=&#8221;default&#8221; column_direction_phone=&#8221;default&#8221; scene_position=&#8221;center&#8221; text_color=&#8221;dark&#8221; text_align=&#8221;left&#8221; row_border_radius=&#8221;none&#8221; row_border_radius_applies=&#8221;bg&#8221; overlay_strength=&#8221;0.3&#8243; gradient_direction=&#8221;left_to_right&#8221; shape_divider_position=&#8221;bottom&#8221; bg_image_animation=&#8221;none&#8221;][vc_column column_padding=&#8221;no-extra-padding&#8221; column_padding_tablet=&#8221;inherit&#8221; column_padding_phone=&#8221;inherit&#8221; column_padding_position=&#8221;all&#8221; background_color_opacity=&#8221;1&#8243; background_hover_color_opacity=&#8221;1&#8243; column_shadow=&#8221;none&#8221; column_border_radius=&#8221;none&#8221; column_link_target=&#8221;_self&#8221; gradient_direction=&#8221;left_to_right&#8221; overlay_strength=&#8221;0.3&#8243; width=&#8221;1\/1&#8243; tablet_width_inherit=&#8221;default&#8221; tablet_text_alignment=&#8221;default&#8221; phone_text_alignment=&#8221;default&#8221; column_border_width=&#8221;none&#8221; column_border_style=&#8221;solid&#8221; bg_image_animation=&#8221;none&#8221;][vc_column_text]\n<ol start=\"3\">\n<li>\n<h2>Uzyskaj aktualne informacje o samochodach elektrycznych z Electric Vehicle Database<\/h2>\n<\/li>\n<\/ol>\n[\/vc_column_text][vc_column_text]Electric Vehicle Database jest og\u00f3lnodost\u0119pn\u0105 baz\u0105 zawieraj\u0105c\u0105 szczeg\u00f3\u0142owe dane dotycz\u0105ce pojazd\u00f3w elektrycznych. Strona ta pozwala na wyszukanie i por\u00f3wnanie r\u00f3\u017cnych modeli samochod\u00f3w elektrycznych na podstawie ich ceny, wydajno\u015bci czy te\u017c osi\u0105ganych pr\u0119dko\u015bci. Celem strony Electric Vehicle Database jest prezentowanie jak najrzetelniejszych danych, wi\u0119c korzystaj\u0105c z niej mamy pewno\u015b\u0107, \u017ce przedstawione dane maj\u0105 realne prze\u0142o\u017cenie na rzeczywiste osi\u0105gi pojazd\u00f3w.<\/p>\n<p><a href=\"https:\/\/ev-database.org\">https:\/\/ev-database.org<\/a>[\/vc_column_text][image_with_animation image_url=&#8221;1879&#8243; animation=&#8221;Fade In&#8221; hover_animation=&#8221;none&#8221; alignment=&#8221;center&#8221; border_radius=&#8221;none&#8221; box_shadow=&#8221;none&#8221; image_loading=&#8221;default&#8221; max_width=&#8221;100%&#8221; max_width_mobile=&#8221;default&#8221;][vc_column_text el_class=&#8221;text-with-stars&#8221;]Co najbardziej cenimy w Electric Vehicle Database? Baza danych jest ca\u0142kowicie niezale\u017cna: nie jest w \u017caden spos\u00f3b sponsorowana, wi\u0119c \u017caden prezentowany pojazd nie zosta\u0142 przyja\u017aniej potraktowany. Korzystaj\u0105c zatem z tej strony, mo\u017cemy sprawdzi\u0107 realne informacje dotycz\u0105ce poszczeg\u00f3lnych modeli samochod\u00f3w.[\/vc_column_text][divider line_type=&#8221;No Line&#8221; custom_height=&#8221;50&#8243;][\/vc_column][\/vc_row][vc_row type=&#8221;in_container&#8221; full_screen_row_position=&#8221;middle&#8221; column_margin=&#8221;default&#8221; column_direction=&#8221;default&#8221; column_direction_tablet=&#8221;default&#8221; column_direction_phone=&#8221;default&#8221; scene_position=&#8221;center&#8221; text_color=&#8221;dark&#8221; text_align=&#8221;left&#8221; row_border_radius=&#8221;none&#8221; row_border_radius_applies=&#8221;bg&#8221; overlay_strength=&#8221;0.3&#8243; gradient_direction=&#8221;left_to_right&#8221; shape_divider_position=&#8221;bottom&#8221; bg_image_animation=&#8221;none&#8221;][vc_column column_padding=&#8221;no-extra-padding&#8221; column_padding_tablet=&#8221;inherit&#8221; column_padding_phone=&#8221;inherit&#8221; column_padding_position=&#8221;all&#8221; background_color_opacity=&#8221;1&#8243; background_hover_color_opacity=&#8221;1&#8243; column_shadow=&#8221;none&#8221; column_border_radius=&#8221;none&#8221; column_link_target=&#8221;_self&#8221; gradient_direction=&#8221;left_to_right&#8221; overlay_strength=&#8221;0.3&#8243; width=&#8221;1\/1&#8243; tablet_width_inherit=&#8221;default&#8221; tablet_text_alignment=&#8221;default&#8221; phone_text_alignment=&#8221;default&#8221; column_border_width=&#8221;none&#8221; column_border_style=&#8221;solid&#8221; bg_image_animation=&#8221;none&#8221;][vc_column_text]\n<h2>Inne tematy<\/h2>\n[\/vc_column_text][vc_wp_custommenu nav_menu=&#8221;7&#8243; el_class=&#8221;sub-navigation&#8221;][\/vc_column][\/vc_row]\n","protected":false},"excerpt":{"rendered":"<p>[vc_row type=&#8221;in_container&#8221; full_screen_row_position=&#8221;middle&#8221; column_margin=&#8221;default&#8221; column_direction=&#8221;default&#8221; column_direction_tablet=&#8221;default&#8221; column_direction_phone=&#8221;default&#8221; scene_position=&#8221;center&#8221; text_color=&#8221;dark&#8221; text_align=&#8221;left&#8221; row_border_radius=&#8221;none&#8221; row_border_radius_applies=&#8221;bg&#8221; overlay_strength=&#8221;0.3&#8243; gradient_direction=&#8221;left_to_right&#8221; shape_divider_position=&#8221;bottom&#8221; bg_image_animation=&#8221;none&#8221; css_animation=&#8221;&#8221; el_class=&#8221;page-title&#8221; el_id=&#8221;&#8221; css=&#8221;&#8221; max_width=&#8221;&#8221;][vc_column column_padding=&#8221;no-extra-padding&#8221; column_padding_tablet=&#8221;inherit&#8221; column_padding_phone=&#8221;inherit&#8221; column_padding_position=&#8221;all&#8221; background_color_opacity=&#8221;1&#8243; background_hover_color_opacity=&#8221;1&#8243; column_shadow=&#8221;none&#8221; column_border_radius=&#8221;none&#8221; column_link_target=&#8221;_self&#8221;&#8230;<\/p>\n","protected":false},"author":1,"featured_media":0,"parent":214,"menu_order":0,"comment_status":"closed","ping_status":"closed","template":"","meta":[],"yoast_head":"<!-- This site is optimized with the Yoast SEO plugin v15.3 - https:\/\/yoast.com\/wordpress\/plugins\/seo\/ -->\n<title>Przydatne aplikacje i strony internetowe dla kierowc\u00f3w EV - GreenWay<\/title>\n<meta name=\"robots\" content=\"index, follow, max-snippet:-1, max-image-preview:large, max-video-preview:-1\" \/>\n<link rel=\"canonical\" href=\"https:\/\/kb.greenway.sk\/pl\/ladowanie\/przydatne-aplikacje-i-strony-internetowe-dla-kierowcow-ev\/\" \/>\n<meta property=\"og:locale\" content=\"pl_PL\" \/>\n<meta property=\"og:type\" content=\"article\" \/>\n<meta property=\"og:title\" content=\"Przydatne aplikacje i strony internetowe dla kierowc\u00f3w EV - GreenWay\" \/>\n<meta property=\"og:description\" content=\"[vc_row type=&#8221;in_container&#8221; full_screen_row_position=&#8221;middle&#8221; column_margin=&#8221;default&#8221; column_direction=&#8221;default&#8221; column_direction_tablet=&#8221;default&#8221; column_direction_phone=&#8221;default&#8221; scene_position=&#8221;center&#8221; text_color=&#8221;dark&#8221; text_align=&#8221;left&#8221; row_border_radius=&#8221;none&#8221; row_border_radius_applies=&#8221;bg&#8221; overlay_strength=&#8221;0.3&#8243; gradient_direction=&#8221;left_to_right&#8221; shape_divider_position=&#8221;bottom&#8221; bg_image_animation=&#8221;none&#8221; css_animation=&#8221;&#8221; el_class=&#8221;page-title&#8221; el_id=&#8221;&#8221; css=&#8221;&#8221; max_width=&#8221;&#8221;][vc_column column_padding=&#8221;no-extra-padding&#8221; column_padding_tablet=&#8221;inherit&#8221; column_padding_phone=&#8221;inherit&#8221; column_padding_position=&#8221;all&#8221; background_color_opacity=&#8221;1&#8243; background_hover_color_opacity=&#8221;1&#8243; column_shadow=&#8221;none&#8221; column_border_radius=&#8221;none&#8221; column_link_target=&#8221;_self&#8221;...\" \/>\n<meta property=\"og:url\" content=\"https:\/\/kb.greenway.sk\/pl\/ladowanie\/przydatne-aplikacje-i-strony-internetowe-dla-kierowcow-ev\/\" \/>\n<meta property=\"og:site_name\" content=\"GreenWay\" \/>\n<meta property=\"article:modified_time\" content=\"2023-09-08T11:14:39+00:00\" \/>\n<meta name=\"twitter:card\" content=\"summary_large_image\" \/>\n<meta name=\"twitter:label1\" content=\"Written by\">\n\t<meta name=\"twitter:data1\" content=\"admin\">\n\t<meta name=\"twitter:label2\" content=\"Est. reading time\">\n\t<meta name=\"twitter:data2\" content=\"5 minut\">\n<script type=\"application\/ld+json\" class=\"yoast-schema-graph\">{\"@context\":\"https:\/\/schema.org\",\"@graph\":[{\"@type\":\"WebSite\",\"@id\":\"https:\/\/kb.greenway.sk\/#website\",\"url\":\"https:\/\/kb.greenway.sk\/\",\"name\":\"GreenWay\",\"description\":\"\",\"potentialAction\":[{\"@type\":\"SearchAction\",\"target\":\"https:\/\/kb.greenway.sk\/?s={search_term_string}\",\"query-input\":\"required name=search_term_string\"}],\"inLanguage\":\"pl-PL\"},{\"@type\":\"WebPage\",\"@id\":\"https:\/\/kb.greenway.sk\/pl\/ladowanie\/przydatne-aplikacje-i-strony-internetowe-dla-kierowcow-ev\/#webpage\",\"url\":\"https:\/\/kb.greenway.sk\/pl\/ladowanie\/przydatne-aplikacje-i-strony-internetowe-dla-kierowcow-ev\/\",\"name\":\"Przydatne aplikacje i strony internetowe dla kierowc\\u00f3w EV - GreenWay\",\"isPartOf\":{\"@id\":\"https:\/\/kb.greenway.sk\/#website\"},\"datePublished\":\"2020-12-17T20:13:17+00:00\",\"dateModified\":\"2023-09-08T11:14:39+00:00\",\"breadcrumb\":{\"@id\":\"https:\/\/kb.greenway.sk\/pl\/ladowanie\/przydatne-aplikacje-i-strony-internetowe-dla-kierowcow-ev\/#breadcrumb\"},\"inLanguage\":\"pl-PL\",\"potentialAction\":[{\"@type\":\"ReadAction\",\"target\":[\"https:\/\/kb.greenway.sk\/pl\/ladowanie\/przydatne-aplikacje-i-strony-internetowe-dla-kierowcow-ev\/\"]}]},{\"@type\":\"BreadcrumbList\",\"@id\":\"https:\/\/kb.greenway.sk\/pl\/ladowanie\/przydatne-aplikacje-i-strony-internetowe-dla-kierowcow-ev\/#breadcrumb\",\"itemListElement\":[{\"@type\":\"ListItem\",\"position\":1,\"item\":{\"@type\":\"WebPage\",\"@id\":\"https:\/\/kb.greenway.sk\/pl\/\",\"url\":\"https:\/\/kb.greenway.sk\/pl\/\",\"name\":\"Knowledge base\"}},{\"@type\":\"ListItem\",\"position\":2,\"item\":{\"@type\":\"WebPage\",\"@id\":\"https:\/\/kb.greenway.sk\/pl\/ladowanie\/\",\"url\":\"https:\/\/kb.greenway.sk\/pl\/ladowanie\/\",\"name\":\"\\u0141adowanie\"}},{\"@type\":\"ListItem\",\"position\":3,\"item\":{\"@type\":\"WebPage\",\"@id\":\"https:\/\/kb.greenway.sk\/pl\/ladowanie\/przydatne-aplikacje-i-strony-internetowe-dla-kierowcow-ev\/\",\"url\":\"https:\/\/kb.greenway.sk\/pl\/ladowanie\/przydatne-aplikacje-i-strony-internetowe-dla-kierowcow-ev\/\",\"name\":\"Przydatne aplikacje i strony internetowe dla kierowc\\u00f3w EV\"}}]}]}<\/script>\n<!-- \/ Yoast SEO plugin. -->","_links":{"self":[{"href":"https:\/\/kb.greenway.sk\/pl\/wp-json\/wp\/v2\/pages\/222\/"}],"collection":[{"href":"https:\/\/kb.greenway.sk\/pl\/wp-json\/wp\/v2\/pages\/"}],"about":[{"href":"https:\/\/kb.greenway.sk\/pl\/wp-json\/wp\/v2\/types\/page\/"}],"author":[{"embeddable":true,"href":"https:\/\/kb.greenway.sk\/pl\/wp-json\/wp\/v2\/users\/1\/"}],"replies":[{"embeddable":true,"href":"https:\/\/kb.greenway.sk\/pl\/wp-json\/wp\/v2\/comments\/?post=222"}],"version-history":[{"count":5,"href":"https:\/\/kb.greenway.sk\/pl\/wp-json\/wp\/v2\/pages\/222\/revisions\/"}],"predecessor-version":[{"id":1866,"href":"https:\/\/kb.greenway.sk\/pl\/wp-json\/wp\/v2\/pages\/222\/revisions\/1866\/"}],"up":[{"embeddable":true,"href":"https:\/\/kb.greenway.sk\/pl\/wp-json\/wp\/v2\/pages\/214\/"}],"wp:attachment":[{"href":"https:\/\/kb.greenway.sk\/pl\/wp-json\/wp\/v2\/media\/?parent=222"}],"curies":[{"name":"wp","href":"https:\/\/api.w.org\/{rel}","templated":true}]}}