{"id":210,"date":"2020-12-17T17:29:47","date_gmt":"2020-12-17T16:29:47","guid":{"rendered":"https:\/\/kb.greenway.sk\/charging-in-brief\/"},"modified":"2024-02-21T12:17:25","modified_gmt":"2024-02-21T11:17:25","slug":"ladowanie-w-skrocie","status":"publish","type":"page","link":"https:\/\/kb.greenway.sk\/pl\/ladowanie\/ladowanie-w-skrocie\/","title":{"rendered":"S\u0142owniczek"},"content":{"rendered":"[vc_row type=&#8221;in_container&#8221; full_screen_row_position=&#8221;middle&#8221; column_margin=&#8221;default&#8221; column_direction=&#8221;default&#8221; column_direction_tablet=&#8221;default&#8221; column_direction_phone=&#8221;default&#8221; scene_position=&#8221;center&#8221; text_color=&#8221;dark&#8221; text_align=&#8221;left&#8221; row_border_radius=&#8221;none&#8221; row_border_radius_applies=&#8221;bg&#8221; overlay_strength=&#8221;0.3&#8243; gradient_direction=&#8221;left_to_right&#8221; shape_divider_position=&#8221;bottom&#8221; bg_image_animation=&#8221;none&#8221; css_animation=&#8221;&#8221; el_class=&#8221;page-title&#8221; el_id=&#8221;&#8221; css=&#8221;&#8221; max_width=&#8221;&#8221;][vc_column column_padding=&#8221;no-extra-padding&#8221; column_padding_tablet=&#8221;inherit&#8221; column_padding_phone=&#8221;inherit&#8221; column_padding_position=&#8221;all&#8221; background_color_opacity=&#8221;1&#8243; background_hover_color_opacity=&#8221;1&#8243; column_shadow=&#8221;none&#8221; column_border_radius=&#8221;none&#8221; column_link_target=&#8221;_self&#8221; gradient_direction=&#8221;left_to_right&#8221; overlay_strength=&#8221;0.3&#8243; width=&#8221;1\/1&#8243; tablet_width_inherit=&#8221;default&#8221; tablet_text_alignment=&#8221;default&#8221; phone_text_alignment=&#8221;default&#8221; column_border_width=&#8221;none&#8221; column_border_style=&#8221;solid&#8221; bg_image_animation=&#8221;none&#8221;][vc_column_text el_class=&#8221;page-title&#8221;]\n<h1>S\u0142owniczek<\/h1>\n[\/vc_column_text][vc_column_text]\n<div>Poni\u017cej przedstawiamy przygotowan\u0105 tabel\u0119 por\u00f3wnawcz\u0105 naszych stacji \u0142adowania.<\/div>\n<div>W zale\u017cno\u015bci od ich parametr\u00f3w rozr\u00f3\u017cniamy trzy typy \u0142adowarek:<\/div>\n<div><\/div>\n<ul>\n<li>Stacje AC \u2013 s\u0105 to stacje wolne\/p\u00f3\u0142szybkie, \u0142aduj\u0105ce z moc\u0105 do 22 kW. Wybierane s\u0105 zazwyczaj jako \u0142adowarki domowe, poniewa\u017c s\u0105 lekkie, zajmuj\u0105 ma\u0142o miejsce oraz mog\u0105 zosta\u0107 zamontowane na \u015bcianie. Stacje te \u0142aduj\u0105 pojazdy pr\u0105dem przemiennym (alternative current), w skr\u00f3cie AC.<\/li>\n<li>Stacje szybkie \u2013 moc stacji szybkich wacha si\u0119 od 25kW do 50kW. Najcz\u0119\u015bciej spotykanymi stacjami w naszej sieci s\u0105 \u0142adowarki firmy Delta. Sprawdzaj\u0105 si\u0119 doskonale przy g\u0142\u00f3wnych trasach, poniewa\u017c oferuj\u0105 one 3 rodzaje z\u0142\u0105cz najbardziej spopularyzowanych w Europie, tym samym daj\u0105c mo\u017cliwo\u015b\u0107 \u0142adowania si\u0119 wi\u0119kszo\u015bci samochodom elektrycznym poruszaj\u0105cym si\u0119 po europejskich drogach.<\/li>\n<li>Stacje ultraszybkie \u2013 s\u0105 to \u0142adowarki oferuj\u0105ce moc \u0142adowania si\u0119gaj\u0105c\u0105 nawet do 350kW. Tak samo jak stacje szybkie, stacje ultraszybkie \u0142aduj\u0105 pojazdy pr\u0105dem sta\u0142ym (direct current), w skr\u00f3cie DC. Z racji oferowanej przez te stacje mocy, \u0142adowanie pojazdu odbywa si\u0119 w relatywnie kr\u00f3tkim czasie, wi\u0119c powinny one by\u0107 zlokalizowane g\u0142\u00f3wnie na drogach szybkiego ruchu.<\/li>\n<\/ul>\n<div><\/div>\n<div>Jednak czas z jakim dany pojazd zostanie na\u0142adowany, zale\u017cy od jego baterii.<\/div>\n<div>Znaj\u0105c parametry naszego pojazdu, mo\u017cemy za pomoc\u0105 poni\u017cszego wzoru go wyliczy\u0107:<\/div>\n<div><\/div>\n<div style=\"text-align: center;\"><strong>Czas \u0142adowania = pojemno\u015b\u0107 akumulatora \/ moc \u0142adowania<\/strong><\/div>\n[\/vc_column_text][image_with_animation image_url=&#8221;1858&#8243; animation=&#8221;None&#8221; hover_animation=&#8221;none&#8221; alignment=&#8221;center&#8221; border_radius=&#8221;none&#8221; box_shadow=&#8221;none&#8221; image_loading=&#8221;default&#8221; max_width=&#8221;100%&#8221; max_width_mobile=&#8221;default&#8221;][vc_column_text]<a href=\"https:\/\/kb.greenway.sk\/wp-content\/uploads\/2023\/09\/Charging-in-brief.pdf\" target=\"_blank\" rel=\"noopener noreferrer\">Pobierz PDF<\/a>[\/vc_column_text][divider line_type=&#8221;No Line&#8221; custom_height=&#8221;50&#8243;][\/vc_column][\/vc_row][vc_row type=&#8221;in_container&#8221; full_screen_row_position=&#8221;middle&#8221; column_margin=&#8221;default&#8221; column_direction=&#8221;default&#8221; column_direction_tablet=&#8221;default&#8221; column_direction_phone=&#8221;default&#8221; scene_position=&#8221;center&#8221; text_color=&#8221;dark&#8221; text_align=&#8221;left&#8221; row_border_radius=&#8221;none&#8221; row_border_radius_applies=&#8221;bg&#8221; overlay_strength=&#8221;0.3&#8243; gradient_direction=&#8221;left_to_right&#8221; shape_divider_position=&#8221;bottom&#8221; bg_image_animation=&#8221;none&#8221;][vc_column column_padding=&#8221;no-extra-padding&#8221; column_padding_tablet=&#8221;inherit&#8221; column_padding_phone=&#8221;inherit&#8221; column_padding_position=&#8221;all&#8221; background_color_opacity=&#8221;1&#8243; background_hover_color_opacity=&#8221;1&#8243; column_shadow=&#8221;none&#8221; column_border_radius=&#8221;none&#8221; column_link_target=&#8221;_self&#8221; gradient_direction=&#8221;left_to_right&#8221; overlay_strength=&#8221;0.3&#8243; width=&#8221;1\/1&#8243; tablet_width_inherit=&#8221;default&#8221; tablet_text_alignment=&#8221;default&#8221; phone_text_alignment=&#8221;default&#8221; column_border_width=&#8221;none&#8221; column_border_style=&#8221;solid&#8221; bg_image_animation=&#8221;none&#8221;][vc_column_text]\n<h2>Inne tematy<\/h2>\n[\/vc_column_text][vc_wp_custommenu nav_menu=&#8221;30&#8243; el_class=&#8221;sub-navigation&#8221;][\/vc_column][\/vc_row]\n","protected":false},"excerpt":{"rendered":"<p>[vc_row type=&#8221;in_container&#8221; full_screen_row_position=&#8221;middle&#8221; column_margin=&#8221;default&#8221; column_direction=&#8221;default&#8221; column_direction_tablet=&#8221;default&#8221; column_direction_phone=&#8221;default&#8221; scene_position=&#8221;center&#8221; text_color=&#8221;dark&#8221; text_align=&#8221;left&#8221; row_border_radius=&#8221;none&#8221; row_border_radius_applies=&#8221;bg&#8221; overlay_strength=&#8221;0.3&#8243; gradient_direction=&#8221;left_to_right&#8221; shape_divider_position=&#8221;bottom&#8221; bg_image_animation=&#8221;none&#8221; css_animation=&#8221;&#8221; el_class=&#8221;page-title&#8221; el_id=&#8221;&#8221; css=&#8221;&#8221; max_width=&#8221;&#8221;][vc_column column_padding=&#8221;no-extra-padding&#8221; column_padding_tablet=&#8221;inherit&#8221; column_padding_phone=&#8221;inherit&#8221; column_padding_position=&#8221;all&#8221; background_color_opacity=&#8221;1&#8243; background_hover_color_opacity=&#8221;1&#8243; column_shadow=&#8221;none&#8221; column_border_radius=&#8221;none&#8221; column_link_target=&#8221;_self&#8221;&#8230;<\/p>\n","protected":false},"author":1,"featured_media":0,"parent":214,"menu_order":0,"comment_status":"closed","ping_status":"closed","template":"","meta":[],"yoast_head":"<!-- This site is optimized with the Yoast SEO plugin v15.3 - https:\/\/yoast.com\/wordpress\/plugins\/seo\/ -->\n<title>S\u0142owniczek - GreenWay<\/title>\n<meta name=\"robots\" content=\"index, follow, max-snippet:-1, max-image-preview:large, max-video-preview:-1\" \/>\n<link rel=\"canonical\" href=\"https:\/\/kb.greenway.sk\/pl\/ladowanie\/ladowanie-w-skrocie\/\" \/>\n<meta property=\"og:locale\" content=\"pl_PL\" \/>\n<meta property=\"og:type\" content=\"article\" \/>\n<meta property=\"og:title\" content=\"S\u0142owniczek - GreenWay\" \/>\n<meta property=\"og:description\" content=\"[vc_row type=&#8221;in_container&#8221; full_screen_row_position=&#8221;middle&#8221; column_margin=&#8221;default&#8221; column_direction=&#8221;default&#8221; column_direction_tablet=&#8221;default&#8221; column_direction_phone=&#8221;default&#8221; scene_position=&#8221;center&#8221; text_color=&#8221;dark&#8221; text_align=&#8221;left&#8221; row_border_radius=&#8221;none&#8221; row_border_radius_applies=&#8221;bg&#8221; overlay_strength=&#8221;0.3&#8243; gradient_direction=&#8221;left_to_right&#8221; shape_divider_position=&#8221;bottom&#8221; bg_image_animation=&#8221;none&#8221; css_animation=&#8221;&#8221; el_class=&#8221;page-title&#8221; el_id=&#8221;&#8221; css=&#8221;&#8221; max_width=&#8221;&#8221;][vc_column column_padding=&#8221;no-extra-padding&#8221; column_padding_tablet=&#8221;inherit&#8221; column_padding_phone=&#8221;inherit&#8221; column_padding_position=&#8221;all&#8221; background_color_opacity=&#8221;1&#8243; background_hover_color_opacity=&#8221;1&#8243; column_shadow=&#8221;none&#8221; column_border_radius=&#8221;none&#8221; column_link_target=&#8221;_self&#8221;...\" \/>\n<meta property=\"og:url\" content=\"https:\/\/kb.greenway.sk\/pl\/ladowanie\/ladowanie-w-skrocie\/\" \/>\n<meta property=\"og:site_name\" content=\"GreenWay\" \/>\n<meta property=\"article:modified_time\" content=\"2024-02-21T11:17:25+00:00\" \/>\n<meta name=\"twitter:card\" content=\"summary_large_image\" \/>\n<meta name=\"twitter:label1\" content=\"Written by\">\n\t<meta name=\"twitter:data1\" content=\"admin\">\n\t<meta name=\"twitter:label2\" content=\"Est. reading time\">\n\t<meta name=\"twitter:data2\" content=\"2 minuty\">\n<script type=\"application\/ld+json\" class=\"yoast-schema-graph\">{\"@context\":\"https:\/\/schema.org\",\"@graph\":[{\"@type\":\"WebSite\",\"@id\":\"https:\/\/kb.greenway.sk\/#website\",\"url\":\"https:\/\/kb.greenway.sk\/\",\"name\":\"GreenWay\",\"description\":\"\",\"potentialAction\":[{\"@type\":\"SearchAction\",\"target\":\"https:\/\/kb.greenway.sk\/?s={search_term_string}\",\"query-input\":\"required name=search_term_string\"}],\"inLanguage\":\"pl-PL\"},{\"@type\":\"WebPage\",\"@id\":\"https:\/\/kb.greenway.sk\/pl\/ladowanie\/ladowanie-w-skrocie\/#webpage\",\"url\":\"https:\/\/kb.greenway.sk\/pl\/ladowanie\/ladowanie-w-skrocie\/\",\"name\":\"S\\u0142owniczek - GreenWay\",\"isPartOf\":{\"@id\":\"https:\/\/kb.greenway.sk\/#website\"},\"datePublished\":\"2020-12-17T16:29:47+00:00\",\"dateModified\":\"2024-02-21T11:17:25+00:00\",\"breadcrumb\":{\"@id\":\"https:\/\/kb.greenway.sk\/pl\/ladowanie\/ladowanie-w-skrocie\/#breadcrumb\"},\"inLanguage\":\"pl-PL\",\"potentialAction\":[{\"@type\":\"ReadAction\",\"target\":[\"https:\/\/kb.greenway.sk\/pl\/ladowanie\/ladowanie-w-skrocie\/\"]}]},{\"@type\":\"BreadcrumbList\",\"@id\":\"https:\/\/kb.greenway.sk\/pl\/ladowanie\/ladowanie-w-skrocie\/#breadcrumb\",\"itemListElement\":[{\"@type\":\"ListItem\",\"position\":1,\"item\":{\"@type\":\"WebPage\",\"@id\":\"https:\/\/kb.greenway.sk\/pl\/\",\"url\":\"https:\/\/kb.greenway.sk\/pl\/\",\"name\":\"Knowledge base\"}},{\"@type\":\"ListItem\",\"position\":2,\"item\":{\"@type\":\"WebPage\",\"@id\":\"https:\/\/kb.greenway.sk\/pl\/ladowanie\/\",\"url\":\"https:\/\/kb.greenway.sk\/pl\/ladowanie\/\",\"name\":\"\\u0141adowanie\"}},{\"@type\":\"ListItem\",\"position\":3,\"item\":{\"@type\":\"WebPage\",\"@id\":\"https:\/\/kb.greenway.sk\/pl\/ladowanie\/ladowanie-w-skrocie\/\",\"url\":\"https:\/\/kb.greenway.sk\/pl\/ladowanie\/ladowanie-w-skrocie\/\",\"name\":\"S\\u0142owniczek\"}}]}]}<\/script>\n<!-- \/ Yoast SEO plugin. -->","_links":{"self":[{"href":"https:\/\/kb.greenway.sk\/pl\/wp-json\/wp\/v2\/pages\/210\/"}],"collection":[{"href":"https:\/\/kb.greenway.sk\/pl\/wp-json\/wp\/v2\/pages\/"}],"about":[{"href":"https:\/\/kb.greenway.sk\/pl\/wp-json\/wp\/v2\/types\/page\/"}],"author":[{"embeddable":true,"href":"https:\/\/kb.greenway.sk\/pl\/wp-json\/wp\/v2\/users\/1\/"}],"replies":[{"embeddable":true,"href":"https:\/\/kb.greenway.sk\/pl\/wp-json\/wp\/v2\/comments\/?post=210"}],"version-history":[{"count":16,"href":"https:\/\/kb.greenway.sk\/pl\/wp-json\/wp\/v2\/pages\/210\/revisions\/"}],"predecessor-version":[{"id":2092,"href":"https:\/\/kb.greenway.sk\/pl\/wp-json\/wp\/v2\/pages\/210\/revisions\/2092\/"}],"up":[{"embeddable":true,"href":"https:\/\/kb.greenway.sk\/pl\/wp-json\/wp\/v2\/pages\/214\/"}],"wp:attachment":[{"href":"https:\/\/kb.greenway.sk\/pl\/wp-json\/wp\/v2\/media\/?parent=210"}],"curies":[{"name":"wp","href":"https:\/\/api.w.org\/{rel}","templated":true}]}}