{"id":2052,"date":"2023-09-10T18:14:58","date_gmt":"2023-09-10T16:14:58","guid":{"rendered":"https:\/\/kb.greenway.sk\/?page_id=2052"},"modified":"2023-09-10T18:14:58","modified_gmt":"2023-09-10T16:14:58","slug":"czy-mozliwe-jest-pozyskiwanie-energii-podczas-jazdy-ev","status":"publish","type":"page","link":"https:\/\/kb.greenway.sk\/pl\/czy-mozliwe-jest-pozyskiwanie-energii-podczas-jazdy-ev\/","title":{"rendered":"Czy mo\u017cliwe jest pozyskiwanie energii podczas jazdy EV?"},"content":{"rendered":"<h1>Czy mo\u017cliwe jest pozyskiwanie energii podczas jazdy EV?<\/h1>\n<p>&nbsp;<\/p>\n<p><strong>Hamowanie rekuperacyjne, a odzyskiwanie energii.<\/strong><\/p>\n<p>Pos\u0142uguj\u0105c si\u0119 najszersz\u0105 definicj\u0105 rekuperacji, mo\u017cna powiedzie\u0107, \u017ce jest to odzyskiwanie energii wytwarzanej podczas hamowania samochodu typu PHEV lub BEV. Jest ona gromadzona w akumulatorze, a nast\u0119pnie u\u017cytkownik samochodu mo\u017ce skorzysta\u0107 z niej podczas pokonywania kolejnych kilometr\u00f3w.<\/p>\n<p><strong>Jak wygl\u0105da proces rekuperacji w EV?<\/strong><\/p>\n<p>Podczas hamowania, nazywanego odzyskowym (w zale\u017cno\u015bci od modelu samochodu \u2013 mo\u017ce odbywa\u0107 si\u0119 przez wci\u015bni\u0119cie hamulca lub puszczenie peda\u0142u \u201egazu\u201d) silnik przekszta\u0142ca energi\u0119 mechaniczn\u0105, wytworzon\u0105 podczas jazdy w energi\u0119 elektryczn\u0105.<\/p>\n<p>Systemy rekuperacji s\u0105 stale dopracowywane przez producent\u00f3w samochod\u00f3w, jednak efektywno\u015b\u0107 procesu jest mo\u017cliwa dzi\u0119ki uproszczonemu modelowi budowy EV w stosunku do samochod\u00f3w spalinowych (<a href=\"https:\/\/kb.greenway.sk\/pl\/budowa-ev\/\">Budowa EV<\/a> \u2013 dowiedz si\u0119 wi\u0119cej).<\/p>\n<p><strong>Jakie s\u0105 zalety odzysku energii?<\/strong><\/p>\n<p>Do najcz\u0119\u015bciej wymienianych zalet mo\u017cna przypisa\u0107 zwi\u0119kszony zasi\u0119g samochodu (a przy tym zmniejszone koszty u\u017cytkowania ze wzgl\u0119du na rzadsze \u0142adowanie zar\u00f3wno w domu, jak i podczas pokonywania d\u0142u\u017cszych tras) oraz mniejsze zu\u017cycie element\u00f3w ciernych pojazdu, takich jak tarcze czy klocki hamulcowe (co pozwala na wyd\u0142u\u017cenie okresu ich eksploatacji). Rekuperacja ma te\u017c bezpo\u015bredni wp\u0142yw na \u015brodowisko, bo dzi\u0119ki procesowi ponownego odzyskiwania energii, zmniejszeniu ulega liczba py\u0142\u00f3w uwalnianych do atmosfery podczas hamowania przez klocki hamulcowe.<\/p>\n","protected":false},"excerpt":{"rendered":"<p>Czy mo\u017cliwe jest pozyskiwanie energii podczas jazdy EV? &nbsp; Hamowanie rekuperacyjne, a odzyskiwanie energii. Pos\u0142uguj\u0105c si\u0119 najszersz\u0105 definicj\u0105 rekuperacji, mo\u017cna powiedzie\u0107, \u017ce jest to odzyskiwanie energii wytwarzanej podczas hamowania samochodu&#8230;<\/p>\n","protected":false},"author":8,"featured_media":0,"parent":0,"menu_order":0,"comment_status":"closed","ping_status":"closed","template":"","meta":[],"yoast_head":"<!-- This site is optimized with the Yoast SEO plugin v15.3 - https:\/\/yoast.com\/wordpress\/plugins\/seo\/ -->\n<title>Czy mo\u017cliwe jest pozyskiwanie energii podczas jazdy EV? - GreenWay<\/title>\n<meta name=\"robots\" content=\"index, follow, max-snippet:-1, max-image-preview:large, max-video-preview:-1\" \/>\n<link rel=\"canonical\" href=\"https:\/\/kb.greenway.sk\/pl\/czy-mozliwe-jest-pozyskiwanie-energii-podczas-jazdy-ev\/\" \/>\n<meta property=\"og:locale\" content=\"pl_PL\" \/>\n<meta property=\"og:type\" content=\"article\" \/>\n<meta property=\"og:title\" content=\"Czy mo\u017cliwe jest pozyskiwanie energii podczas jazdy EV? - GreenWay\" \/>\n<meta property=\"og:description\" content=\"Czy mo\u017cliwe jest pozyskiwanie energii podczas jazdy EV? &nbsp; Hamowanie rekuperacyjne, a odzyskiwanie energii. Pos\u0142uguj\u0105c si\u0119 najszersz\u0105 definicj\u0105 rekuperacji, mo\u017cna powiedzie\u0107, \u017ce jest to odzyskiwanie energii wytwarzanej podczas hamowania samochodu...\" \/>\n<meta property=\"og:url\" content=\"https:\/\/kb.greenway.sk\/pl\/czy-mozliwe-jest-pozyskiwanie-energii-podczas-jazdy-ev\/\" \/>\n<meta property=\"og:site_name\" content=\"GreenWay\" \/>\n<meta name=\"twitter:card\" content=\"summary_large_image\" \/>\n<meta name=\"twitter:label1\" content=\"Written by\">\n\t<meta name=\"twitter:data1\" content=\"Dominika Sujkowska\">\n\t<meta name=\"twitter:label2\" content=\"Est. reading time\">\n\t<meta name=\"twitter:data2\" content=\"1 minuta\">\n<script type=\"application\/ld+json\" class=\"yoast-schema-graph\">{\"@context\":\"https:\/\/schema.org\",\"@graph\":[{\"@type\":\"WebSite\",\"@id\":\"https:\/\/kb.greenway.sk\/#website\",\"url\":\"https:\/\/kb.greenway.sk\/\",\"name\":\"GreenWay\",\"description\":\"\",\"potentialAction\":[{\"@type\":\"SearchAction\",\"target\":\"https:\/\/kb.greenway.sk\/?s={search_term_string}\",\"query-input\":\"required name=search_term_string\"}],\"inLanguage\":\"pl-PL\"},{\"@type\":\"WebPage\",\"@id\":\"https:\/\/kb.greenway.sk\/pl\/czy-mozliwe-jest-pozyskiwanie-energii-podczas-jazdy-ev\/#webpage\",\"url\":\"https:\/\/kb.greenway.sk\/pl\/czy-mozliwe-jest-pozyskiwanie-energii-podczas-jazdy-ev\/\",\"name\":\"Czy mo\\u017cliwe jest pozyskiwanie energii podczas jazdy EV? - GreenWay\",\"isPartOf\":{\"@id\":\"https:\/\/kb.greenway.sk\/#website\"},\"datePublished\":\"2023-09-10T16:14:58+00:00\",\"dateModified\":\"2023-09-10T16:14:58+00:00\",\"breadcrumb\":{\"@id\":\"https:\/\/kb.greenway.sk\/pl\/czy-mozliwe-jest-pozyskiwanie-energii-podczas-jazdy-ev\/#breadcrumb\"},\"inLanguage\":\"pl-PL\",\"potentialAction\":[{\"@type\":\"ReadAction\",\"target\":[\"https:\/\/kb.greenway.sk\/pl\/czy-mozliwe-jest-pozyskiwanie-energii-podczas-jazdy-ev\/\"]}]},{\"@type\":\"BreadcrumbList\",\"@id\":\"https:\/\/kb.greenway.sk\/pl\/czy-mozliwe-jest-pozyskiwanie-energii-podczas-jazdy-ev\/#breadcrumb\",\"itemListElement\":[{\"@type\":\"ListItem\",\"position\":1,\"item\":{\"@type\":\"WebPage\",\"@id\":\"https:\/\/kb.greenway.sk\/pl\/\",\"url\":\"https:\/\/kb.greenway.sk\/pl\/\",\"name\":\"Knowledge base\"}},{\"@type\":\"ListItem\",\"position\":2,\"item\":{\"@type\":\"WebPage\",\"@id\":\"https:\/\/kb.greenway.sk\/pl\/czy-mozliwe-jest-pozyskiwanie-energii-podczas-jazdy-ev\/\",\"url\":\"https:\/\/kb.greenway.sk\/pl\/czy-mozliwe-jest-pozyskiwanie-energii-podczas-jazdy-ev\/\",\"name\":\"Czy mo\\u017cliwe jest pozyskiwanie energii podczas jazdy EV?\"}}]}]}<\/script>\n<!-- \/ Yoast SEO plugin. -->","_links":{"self":[{"href":"https:\/\/kb.greenway.sk\/pl\/wp-json\/wp\/v2\/pages\/2052\/"}],"collection":[{"href":"https:\/\/kb.greenway.sk\/pl\/wp-json\/wp\/v2\/pages\/"}],"about":[{"href":"https:\/\/kb.greenway.sk\/pl\/wp-json\/wp\/v2\/types\/page\/"}],"author":[{"embeddable":true,"href":"https:\/\/kb.greenway.sk\/pl\/wp-json\/wp\/v2\/users\/8\/"}],"replies":[{"embeddable":true,"href":"https:\/\/kb.greenway.sk\/pl\/wp-json\/wp\/v2\/comments\/?post=2052"}],"version-history":[{"count":2,"href":"https:\/\/kb.greenway.sk\/pl\/wp-json\/wp\/v2\/pages\/2052\/revisions\/"}],"predecessor-version":[{"id":2055,"href":"https:\/\/kb.greenway.sk\/pl\/wp-json\/wp\/v2\/pages\/2052\/revisions\/2055\/"}],"wp:attachment":[{"href":"https:\/\/kb.greenway.sk\/pl\/wp-json\/wp\/v2\/media\/?parent=2052"}],"curies":[{"name":"wp","href":"https:\/\/api.w.org\/{rel}","templated":true}]}}