{"id":2046,"date":"2023-09-10T18:13:04","date_gmt":"2023-09-10T16:13:04","guid":{"rendered":"https:\/\/kb.greenway.sk\/?page_id=2046"},"modified":"2023-09-10T18:13:28","modified_gmt":"2023-09-10T16:13:28","slug":"zielone-tablice-rejestracyjne","status":"publish","type":"page","link":"https:\/\/kb.greenway.sk\/pl\/zielone-tablice-rejestracyjne\/","title":{"rendered":"Zielone tablice rejestracyjne"},"content":{"rendered":"<h1>Zielone tablice rejestracyjne<\/h1>\n<p>&nbsp;<\/p>\n<p>W r\u00f3\u017cnych krajach na drogach mo\u017cemy dostrzec zielone tablice rejestracyjne. Niekoniecznie oznaczaj\u0105 one to samo, bo kolor zielony zarezerwowany jest do przekazywania informacji dodatkowych o pojazdach.<\/p>\n<p>Od 2020 roku w Polsce zeroemisyjne samochody oznaczane s\u0105 w\u0142a\u015bnie w taki spos\u00f3b. Od kierowc\u00f3w poruszaj\u0105cych si\u0119 EV ju\u017c przed wskazan\u0105 dat\u0105, nie wymaga si\u0119 wymiany rejestracji, chocia\u017c podpowiadamy, \u017ce warto.<\/p>\n<p><strong>Dlaczego warto mie\u0107 \u201ezielone\u201d rejestracje?<\/strong><\/p>\n<p>Kolor zielony pomaga s\u0142u\u017cbom porz\u0105dkowym oraz innym kierowcom rozpozna\u0107 pojazdy nap\u0119dzane elektrycznie, a tym samym nie wyst\u0119puj\u0105 nieporozumienia podczas korzystania z przywilej\u00f3w udzielonych w\u0142a\u015bcicielom EV, takich jak: bezp\u0142atne parkowanie (na podstawie lokalnych przepis\u00f3w), korzystanie z buspas\u00f3w czy wjazd do strefy czystego transportu.<\/p>\n<p><strong>Czy w innych krajach EV r\u00f3wnie\u017c oznaczone s\u0105 zielonym kolorem?<\/strong><\/p>\n<p>Tak, ale nie zawsze. W Wielkiej Brytanii zielony pasek na tablicach rejestracyjnych oznacza EV, a w Szwecji zielony kolor przypisany jest dla oznacze\u0144 dealerskich w salonach sprzeda\u017cy. Za to w Turcji przyznawany jest pojazdom konsularnym. Trzeba jednak wspomnie\u0107, \u017ce klasyczne rejestracje przyjmuj\u0105 r\u00f3wnie\u017c inne kolory, np. czerwony we Francji u\u017cywany jest do oznaczenia tymczasowych samochod\u00f3w, kt\u00f3re zostan\u0105 eksportowane i wyrejestrowane z kraju zakupu. W Polsce mo\u017cemy natomiast spotka\u0107 \u017c\u00f3\u0142te oznaczenie dedykowane dla zabytkowych pojazd\u00f3w.<\/p>\n<p>&nbsp;<\/p>\n","protected":false},"excerpt":{"rendered":"<p>Zielone tablice rejestracyjne &nbsp; W r\u00f3\u017cnych krajach na drogach mo\u017cemy dostrzec zielone tablice rejestracyjne. Niekoniecznie oznaczaj\u0105 one to samo, bo kolor zielony zarezerwowany jest do przekazywania informacji dodatkowych o pojazdach&#8230;.<\/p>\n","protected":false},"author":8,"featured_media":0,"parent":0,"menu_order":0,"comment_status":"closed","ping_status":"closed","template":"","meta":[],"yoast_head":"<!-- This site is optimized with the Yoast SEO plugin v15.3 - https:\/\/yoast.com\/wordpress\/plugins\/seo\/ -->\n<title>Zielone tablice rejestracyjne - GreenWay<\/title>\n<meta name=\"robots\" content=\"index, follow, max-snippet:-1, max-image-preview:large, max-video-preview:-1\" \/>\n<link rel=\"canonical\" href=\"https:\/\/kb.greenway.sk\/pl\/zielone-tablice-rejestracyjne\/\" \/>\n<meta property=\"og:locale\" content=\"pl_PL\" \/>\n<meta property=\"og:type\" content=\"article\" \/>\n<meta property=\"og:title\" content=\"Zielone tablice rejestracyjne - GreenWay\" \/>\n<meta property=\"og:description\" content=\"Zielone tablice rejestracyjne &nbsp; W r\u00f3\u017cnych krajach na drogach mo\u017cemy dostrzec zielone tablice rejestracyjne. Niekoniecznie oznaczaj\u0105 one to samo, bo kolor zielony zarezerwowany jest do przekazywania informacji dodatkowych o pojazdach....\" \/>\n<meta property=\"og:url\" content=\"https:\/\/kb.greenway.sk\/pl\/zielone-tablice-rejestracyjne\/\" \/>\n<meta property=\"og:site_name\" content=\"GreenWay\" \/>\n<meta property=\"article:modified_time\" content=\"2023-09-10T16:13:28+00:00\" \/>\n<meta name=\"twitter:card\" content=\"summary_large_image\" \/>\n<meta name=\"twitter:label1\" content=\"Written by\">\n\t<meta name=\"twitter:data1\" content=\"Dominika Sujkowska\">\n\t<meta name=\"twitter:label2\" content=\"Est. reading time\">\n\t<meta name=\"twitter:data2\" content=\"1 minuta\">\n<script type=\"application\/ld+json\" class=\"yoast-schema-graph\">{\"@context\":\"https:\/\/schema.org\",\"@graph\":[{\"@type\":\"WebSite\",\"@id\":\"https:\/\/kb.greenway.sk\/#website\",\"url\":\"https:\/\/kb.greenway.sk\/\",\"name\":\"GreenWay\",\"description\":\"\",\"potentialAction\":[{\"@type\":\"SearchAction\",\"target\":\"https:\/\/kb.greenway.sk\/?s={search_term_string}\",\"query-input\":\"required name=search_term_string\"}],\"inLanguage\":\"pl-PL\"},{\"@type\":\"WebPage\",\"@id\":\"https:\/\/kb.greenway.sk\/pl\/zielone-tablice-rejestracyjne\/#webpage\",\"url\":\"https:\/\/kb.greenway.sk\/pl\/zielone-tablice-rejestracyjne\/\",\"name\":\"Zielone tablice rejestracyjne - GreenWay\",\"isPartOf\":{\"@id\":\"https:\/\/kb.greenway.sk\/#website\"},\"datePublished\":\"2023-09-10T16:13:04+00:00\",\"dateModified\":\"2023-09-10T16:13:28+00:00\",\"breadcrumb\":{\"@id\":\"https:\/\/kb.greenway.sk\/pl\/zielone-tablice-rejestracyjne\/#breadcrumb\"},\"inLanguage\":\"pl-PL\",\"potentialAction\":[{\"@type\":\"ReadAction\",\"target\":[\"https:\/\/kb.greenway.sk\/pl\/zielone-tablice-rejestracyjne\/\"]}]},{\"@type\":\"BreadcrumbList\",\"@id\":\"https:\/\/kb.greenway.sk\/pl\/zielone-tablice-rejestracyjne\/#breadcrumb\",\"itemListElement\":[{\"@type\":\"ListItem\",\"position\":1,\"item\":{\"@type\":\"WebPage\",\"@id\":\"https:\/\/kb.greenway.sk\/pl\/\",\"url\":\"https:\/\/kb.greenway.sk\/pl\/\",\"name\":\"Knowledge base\"}},{\"@type\":\"ListItem\",\"position\":2,\"item\":{\"@type\":\"WebPage\",\"@id\":\"https:\/\/kb.greenway.sk\/pl\/zielone-tablice-rejestracyjne\/\",\"url\":\"https:\/\/kb.greenway.sk\/pl\/zielone-tablice-rejestracyjne\/\",\"name\":\"Zielone tablice rejestracyjne\"}}]}]}<\/script>\n<!-- \/ Yoast SEO plugin. -->","_links":{"self":[{"href":"https:\/\/kb.greenway.sk\/pl\/wp-json\/wp\/v2\/pages\/2046\/"}],"collection":[{"href":"https:\/\/kb.greenway.sk\/pl\/wp-json\/wp\/v2\/pages\/"}],"about":[{"href":"https:\/\/kb.greenway.sk\/pl\/wp-json\/wp\/v2\/types\/page\/"}],"author":[{"embeddable":true,"href":"https:\/\/kb.greenway.sk\/pl\/wp-json\/wp\/v2\/users\/8\/"}],"replies":[{"embeddable":true,"href":"https:\/\/kb.greenway.sk\/pl\/wp-json\/wp\/v2\/comments\/?post=2046"}],"version-history":[{"count":1,"href":"https:\/\/kb.greenway.sk\/pl\/wp-json\/wp\/v2\/pages\/2046\/revisions\/"}],"predecessor-version":[{"id":2047,"href":"https:\/\/kb.greenway.sk\/pl\/wp-json\/wp\/v2\/pages\/2046\/revisions\/2047\/"}],"wp:attachment":[{"href":"https:\/\/kb.greenway.sk\/pl\/wp-json\/wp\/v2\/media\/?parent=2046"}],"curies":[{"name":"wp","href":"https:\/\/api.w.org\/{rel}","templated":true}]}}