{"id":2042,"date":"2023-09-10T18:10:46","date_gmt":"2023-09-10T16:10:46","guid":{"rendered":"https:\/\/kb.greenway.sk\/?page_id=2042"},"modified":"2023-09-10T18:10:46","modified_gmt":"2023-09-10T16:10:46","slug":"degradacja-baterii-w-ev","status":"publish","type":"page","link":"https:\/\/kb.greenway.sk\/pl\/degradacja-baterii-w-ev\/","title":{"rendered":"Degradacja baterii w EV"},"content":{"rendered":"<h1>Degradacja baterii w EV<\/h1>\n<p>&nbsp;<\/p>\n<p><strong>Degradacja akumulatora w samochodzie elektrycznym jest nieuniknionym zjawiskiem, ale czy post\u0119puje, a\u017c tak szybko?<\/strong><\/p>\n<p>Nowoczesne sposoby tworzenia akumulator\u00f3w jonowo-litowych pozwalaj\u0105 na coraz mniejsz\u0105 degradacj\u0119 baterii podczas jej u\u017cytkowania. Jak pokazuj\u0105 badania, Polacy \u015brednio pokonuj\u0105 12 tysi\u0119cy kilometr\u00f3w rocznie. Uwzgl\u0119dniaj\u0105c odsetek os\u00f3b czynnie korzystaj\u0105cych z pojazd\u00f3w firmowych i dostawczych mo\u017cna za\u0142o\u017cy\u0107 wi\u0119ksz\u0105 \u015bredni\u0105 \u2013 oko\u0142o 20 tysi\u0119cy kilometr\u00f3w rocznie.<\/p>\n<p>Przechodz\u0105c do kolejnych liczb, to wed\u0142ug statystyk G\u0142\u00f3wnego Urz\u0119du Statystycznego \u015brednio dopiero po 25 latach eksploatacji auta na liczniku pojawia si\u0119 liczba 320 tysi\u0119cy kilometr\u00f3w. Mo\u017cna by\u0142oby postawi\u0107 pytanie jaki to ma zwi\u0105zek z degradacj\u0105 baterii w EV. A korelacja mi\u0119dzy tymi dwoma czynnikami, czyli liczb\u0105 przejechanych kilometr\u00f3w i wydajno\u015bci\u0105 baterii w EV jest bardzo du\u017ca.<\/p>\n<p>Zak\u0142adaj\u0105c, \u017ce rocznie przeje\u017cd\u017casz oko\u0142o 20 tysi\u0119cy kilometr\u00f3w, to 320 tysi\u0119cy kilometr\u00f3w osi\u0105gniesz dopiero po 16 latach. A zu\u017cycie akumulatora b\u0119dzie (w zale\u017cno\u015bci od modelu pojazdu) utrzymywa\u0142o si\u0119 na poziomie oko\u0142o 80% pierwotnej pojemno\u015bci.<\/p>\n<p>Granic\u0105, kt\u00f3ra wyznacza sprawno\u015b\u0107 samochodu elektrycznego jest pojemno\u015b\u0107 akumulatora na poziomie 70%. Pocz\u0105tkowo mo\u017ce to budzi\u0107 groz\u0119, ale taki poziom zu\u017cycia baterii osi\u0105gniesz dopiero po 40 latach eksploatacji, a wspomnimy, \u017ce ma\u0142o kt\u00f3ry samoch\u00f3d spalinowy u\u017cytkowany jest przez tak d\u0142ugi okres. Wniosek nasuwa si\u0119 jeden \u2013 degradacja jest nieuniknionym procesem, ale jej post\u0119p jest na tyle odsuni\u0119ty w czasie, \u017ce nie wp\u0142ywa na rzeczywiste u\u017cytkowanie samochodu.<\/p>\n<p>Dok\u0142adny przyk\u0142ad na modelu Tesli S znajdziesz: <a href=\"https:\/\/www.cire.pl\/artykuly\/materialy-problemowe\/jak-zuzywaja-sie-baterie-w-autach-elektrycznych\">https:\/\/www.cire.pl\/artykuly\/materialy-problemowe\/jak-zuzywaja-sie-baterie-w-autach-elektrycznych<\/a><\/p>\n<p>&nbsp;<\/p>\n","protected":false},"excerpt":{"rendered":"<p>Degradacja baterii w EV &nbsp; Degradacja akumulatora w samochodzie elektrycznym jest nieuniknionym zjawiskiem, ale czy post\u0119puje, a\u017c tak szybko? Nowoczesne sposoby tworzenia akumulator\u00f3w jonowo-litowych pozwalaj\u0105 na coraz mniejsz\u0105 degradacj\u0119 baterii&#8230;<\/p>\n","protected":false},"author":8,"featured_media":0,"parent":0,"menu_order":0,"comment_status":"closed","ping_status":"closed","template":"","meta":[],"yoast_head":"<!-- This site is optimized with the Yoast SEO plugin v15.3 - https:\/\/yoast.com\/wordpress\/plugins\/seo\/ -->\n<title>Degradacja baterii w EV - GreenWay<\/title>\n<meta name=\"robots\" content=\"index, follow, max-snippet:-1, max-image-preview:large, max-video-preview:-1\" \/>\n<link rel=\"canonical\" href=\"https:\/\/kb.greenway.sk\/pl\/degradacja-baterii-w-ev\/\" \/>\n<meta property=\"og:locale\" content=\"pl_PL\" \/>\n<meta property=\"og:type\" content=\"article\" \/>\n<meta property=\"og:title\" content=\"Degradacja baterii w EV - GreenWay\" \/>\n<meta property=\"og:description\" content=\"Degradacja baterii w EV &nbsp; Degradacja akumulatora w samochodzie elektrycznym jest nieuniknionym zjawiskiem, ale czy post\u0119puje, a\u017c tak szybko? Nowoczesne sposoby tworzenia akumulator\u00f3w jonowo-litowych pozwalaj\u0105 na coraz mniejsz\u0105 degradacj\u0119 baterii...\" \/>\n<meta property=\"og:url\" content=\"https:\/\/kb.greenway.sk\/pl\/degradacja-baterii-w-ev\/\" \/>\n<meta property=\"og:site_name\" content=\"GreenWay\" \/>\n<meta name=\"twitter:card\" content=\"summary_large_image\" \/>\n<meta name=\"twitter:label1\" content=\"Written by\">\n\t<meta name=\"twitter:data1\" content=\"Dominika Sujkowska\">\n\t<meta name=\"twitter:label2\" content=\"Est. reading time\">\n\t<meta name=\"twitter:data2\" content=\"1 minuta\">\n<script type=\"application\/ld+json\" class=\"yoast-schema-graph\">{\"@context\":\"https:\/\/schema.org\",\"@graph\":[{\"@type\":\"WebSite\",\"@id\":\"https:\/\/kb.greenway.sk\/#website\",\"url\":\"https:\/\/kb.greenway.sk\/\",\"name\":\"GreenWay\",\"description\":\"\",\"potentialAction\":[{\"@type\":\"SearchAction\",\"target\":\"https:\/\/kb.greenway.sk\/?s={search_term_string}\",\"query-input\":\"required name=search_term_string\"}],\"inLanguage\":\"pl-PL\"},{\"@type\":\"WebPage\",\"@id\":\"https:\/\/kb.greenway.sk\/pl\/degradacja-baterii-w-ev\/#webpage\",\"url\":\"https:\/\/kb.greenway.sk\/pl\/degradacja-baterii-w-ev\/\",\"name\":\"Degradacja baterii w EV - GreenWay\",\"isPartOf\":{\"@id\":\"https:\/\/kb.greenway.sk\/#website\"},\"datePublished\":\"2023-09-10T16:10:46+00:00\",\"dateModified\":\"2023-09-10T16:10:46+00:00\",\"breadcrumb\":{\"@id\":\"https:\/\/kb.greenway.sk\/pl\/degradacja-baterii-w-ev\/#breadcrumb\"},\"inLanguage\":\"pl-PL\",\"potentialAction\":[{\"@type\":\"ReadAction\",\"target\":[\"https:\/\/kb.greenway.sk\/pl\/degradacja-baterii-w-ev\/\"]}]},{\"@type\":\"BreadcrumbList\",\"@id\":\"https:\/\/kb.greenway.sk\/pl\/degradacja-baterii-w-ev\/#breadcrumb\",\"itemListElement\":[{\"@type\":\"ListItem\",\"position\":1,\"item\":{\"@type\":\"WebPage\",\"@id\":\"https:\/\/kb.greenway.sk\/pl\/\",\"url\":\"https:\/\/kb.greenway.sk\/pl\/\",\"name\":\"Knowledge base\"}},{\"@type\":\"ListItem\",\"position\":2,\"item\":{\"@type\":\"WebPage\",\"@id\":\"https:\/\/kb.greenway.sk\/pl\/degradacja-baterii-w-ev\/\",\"url\":\"https:\/\/kb.greenway.sk\/pl\/degradacja-baterii-w-ev\/\",\"name\":\"Degradacja baterii w EV\"}}]}]}<\/script>\n<!-- \/ Yoast SEO plugin. -->","_links":{"self":[{"href":"https:\/\/kb.greenway.sk\/pl\/wp-json\/wp\/v2\/pages\/2042\/"}],"collection":[{"href":"https:\/\/kb.greenway.sk\/pl\/wp-json\/wp\/v2\/pages\/"}],"about":[{"href":"https:\/\/kb.greenway.sk\/pl\/wp-json\/wp\/v2\/types\/page\/"}],"author":[{"embeddable":true,"href":"https:\/\/kb.greenway.sk\/pl\/wp-json\/wp\/v2\/users\/8\/"}],"replies":[{"embeddable":true,"href":"https:\/\/kb.greenway.sk\/pl\/wp-json\/wp\/v2\/comments\/?post=2042"}],"version-history":[{"count":1,"href":"https:\/\/kb.greenway.sk\/pl\/wp-json\/wp\/v2\/pages\/2042\/revisions\/"}],"predecessor-version":[{"id":2043,"href":"https:\/\/kb.greenway.sk\/pl\/wp-json\/wp\/v2\/pages\/2042\/revisions\/2043\/"}],"wp:attachment":[{"href":"https:\/\/kb.greenway.sk\/pl\/wp-json\/wp\/v2\/media\/?parent=2042"}],"curies":[{"name":"wp","href":"https:\/\/api.w.org\/{rel}","templated":true}]}}