{"id":2029,"date":"2023-09-10T17:55:44","date_gmt":"2023-09-10T15:55:44","guid":{"rendered":"https:\/\/kb.greenway.sk\/?page_id=2029"},"modified":"2023-09-10T18:13:43","modified_gmt":"2023-09-10T16:13:43","slug":"samochod-elektryczny-a-spalinowy","status":"publish","type":"page","link":"https:\/\/kb.greenway.sk\/pl\/samochod-elektryczny-a-spalinowy\/","title":{"rendered":"Samoch\u00f3d elektryczny, a spalinowy"},"content":{"rendered":"<h1>Samoch\u00f3d elektryczny, a spalinowy<\/h1>\n<p>&nbsp;<\/p>\n<p><strong>Samoch\u00f3d spalinowy czy elektryczny, kt\u00f3ry by\u0142 pierwszy?<\/strong><\/p>\n<p>Zaczynaj\u0105c od drobnej ciekawostki \u2013 pierwszy skonstruowany samoch\u00f3d zasilany by\u0142 w\u0142a\u015bnie na pr\u0105d, a stworzono go w latach 30. XIX w. Jednak do\u015b\u0107 szybko zosta\u0142 wyparty przez ta\u0144sz\u0105 i osi\u0105gaj\u0105c\u0105 znacznie wi\u0119ksze zasi\u0119gi maszyn\u0119 spalinow\u0105.<\/p>\n<p>Mo\u017cna powiedzie\u0107, \u017ce wsp\u00f3\u0142cze\u015bnie wracamy do korzeni, a dzi\u0119ki wi\u0119kszej \u015bwiadomo\u015bci ekologicznej rezygnujemy ze spalania w\u0119glowodor\u00f3w na rzecz elektromobilno\u015bci. Obecnie nie tylko samochody osobowe posiadaj\u0105 eco nap\u0119d, bo powoli zmienia si\u0119 r\u00f3wnie\u017c sektor pojazd\u00f3w dostawczych, kt\u00f3rych zielone tablice coraz cz\u0119\u015bciej mo\u017cemy zobaczy\u0107 na naszych drogach (<a href=\"https:\/\/kb.greenway.sk\/pl\/zielone-tablice-rejestracyjne\/\">zielone tablice rejestracyjne<\/a> \u2013 dowiedz si\u0119 wi\u0119cej).<\/p>\n<p><strong>Silnik w samochodzie elektrycznym, a jego spalinowy odpowiednik.<\/strong><\/p>\n<p>Samoch\u00f3d elektryczny pod wzgl\u0119dem funkcjonowania, wbrew pozorom nie odbiega a\u017c tak mocno od swojego klasycznego spalinowego brata. Natomiast konstrukcja tych dw\u00f3ch pokrewnych maszyn jest ju\u017c zupe\u0142nie inna.<\/p>\n<p>Pierwsz\u0105 i podstawow\u0105 r\u00f3\u017cnic\u0105 jest wykorzystywanie w EV energii elektrycznej zamiast gazu, ropy czy benzyny. Dodatkowo w klasycznej wersji samochod\u00f3w architekci musz\u0105 starannie zaplanowa\u0107 miejsce na silnik, w wi\u0119kszo\u015bci przypadk\u00f3w pod mask\u0105, podczas kiedy w wersji eco umiejscowienie \u201eserca\u201d maszyny, akumulator\u00f3w i sterownik\u00f3w jest ju\u017c w zasadzie prawie dowolne. Najcz\u0119\u015bciej trzon elektryka, czyli akumulator trakcyjny, znajdziemy w podwoziu, bo pomimo stosunkowo niewielkich rozmiar\u00f3w, potrafi wa\u017cy\u0107 nawet p\u00f3\u0142 tony (<a href=\"https:\/\/kb.greenway.sk\/pl\/budowa-ev\/\">budowa samochodu elektrycznego<\/a> \u2013 dowiedz si\u0119 wi\u0119cej).<\/p>\n<p><strong>Jak wytwarzana jest moc w EV?<\/strong><\/p>\n<p>W samochodach spalinowych dochodzi do spalania paliwa i powietrza, w wyniku czego wytwarza si\u0119 moc przekazywana do k\u00f3\u0142. W EV to pole magnetyczne wytworzone przez stojan i wirnik sprawia, \u017ce powstaje ruch obrotowy, dzi\u0119ki czemu mo\u017cna wymieni\u0107 zalety elektryk\u00f3w. Po\u015br\u00f3d nich:<\/p>\n<ul>\n<li>brak konieczno\u015bci stosowania dodatkowych element\u00f3w, jak turbospr\u0119\u017carka,<\/li>\n<li>koniec martwienia si\u0119 o cykliczn\u0105 wymian\u0119 oleju w silniku spalinowym,<\/li>\n<li>zero problem\u00f3w z przegrzanym czy zbyt ch\u0142odnym silnikiem.<\/li>\n<\/ul>\n<p>To z kolei wp\u0142ywa na koszty utrzymania i trwa\u0142o\u015b\u0107 samochodu elektrycznego.<\/p>\n<p><strong>Jakie inne zalety posiada samoch\u00f3d elektryczny? <\/strong><\/p>\n<p>Ze wzgl\u0119du na prost\u0105 budow\u0119 samochody elektryczne g\u00f3ruj\u0105 nad modelami spalinowymi. Dzi\u0119ki swojej architekturze s\u0105 nie tylko mniej awaryjne, ale te\u017c bardziej niezawodne. BEV nie potrzebuje wielobiegowej skrzyni i sprz\u0119g\u0142a, a ju\u017c podczas rozpocz\u0119cia jazdy osi\u0105ga maksymalny moment obrotowy. Jednocze\u015bnie samochody elektryczne doceniane s\u0105 za gwarantowany przez nie poziom p\u0142ynno\u015bci jazdy, jak i zrywno\u015b\u0107. Za to w miastach zyskuj\u0105 coraz wi\u0119ksz\u0105 rzesz\u0119 fan\u00f3w ze wzgl\u0119du na brak emisji ha\u0142asu, kt\u00f3ry stanowi spory problem w aglomeracjach i metropoliach.<\/p>\n","protected":false},"excerpt":{"rendered":"<p>Samoch\u00f3d elektryczny, a spalinowy &nbsp; Samoch\u00f3d spalinowy czy elektryczny, kt\u00f3ry by\u0142 pierwszy? Zaczynaj\u0105c od drobnej ciekawostki \u2013 pierwszy skonstruowany samoch\u00f3d zasilany by\u0142 w\u0142a\u015bnie na pr\u0105d, a stworzono go w latach&#8230;<\/p>\n","protected":false},"author":8,"featured_media":0,"parent":0,"menu_order":0,"comment_status":"closed","ping_status":"closed","template":"","meta":[],"yoast_head":"<!-- This site is optimized with the Yoast SEO plugin v15.3 - https:\/\/yoast.com\/wordpress\/plugins\/seo\/ -->\n<title>Samoch\u00f3d elektryczny, a spalinowy - GreenWay<\/title>\n<meta name=\"robots\" content=\"index, follow, max-snippet:-1, max-image-preview:large, max-video-preview:-1\" \/>\n<link rel=\"canonical\" href=\"https:\/\/kb.greenway.sk\/pl\/samochod-elektryczny-a-spalinowy\/\" \/>\n<meta property=\"og:locale\" content=\"pl_PL\" \/>\n<meta property=\"og:type\" content=\"article\" \/>\n<meta property=\"og:title\" content=\"Samoch\u00f3d elektryczny, a spalinowy - GreenWay\" \/>\n<meta property=\"og:description\" content=\"Samoch\u00f3d elektryczny, a spalinowy &nbsp; Samoch\u00f3d spalinowy czy elektryczny, kt\u00f3ry by\u0142 pierwszy? Zaczynaj\u0105c od drobnej ciekawostki \u2013 pierwszy skonstruowany samoch\u00f3d zasilany by\u0142 w\u0142a\u015bnie na pr\u0105d, a stworzono go w latach...\" \/>\n<meta property=\"og:url\" content=\"https:\/\/kb.greenway.sk\/pl\/samochod-elektryczny-a-spalinowy\/\" \/>\n<meta property=\"og:site_name\" content=\"GreenWay\" \/>\n<meta property=\"article:modified_time\" content=\"2023-09-10T16:13:43+00:00\" \/>\n<meta name=\"twitter:card\" content=\"summary_large_image\" \/>\n<meta name=\"twitter:label1\" content=\"Written by\">\n\t<meta name=\"twitter:data1\" content=\"Dominika Sujkowska\">\n\t<meta name=\"twitter:label2\" content=\"Est. reading time\">\n\t<meta name=\"twitter:data2\" content=\"2 minuty\">\n<script type=\"application\/ld+json\" class=\"yoast-schema-graph\">{\"@context\":\"https:\/\/schema.org\",\"@graph\":[{\"@type\":\"WebSite\",\"@id\":\"https:\/\/kb.greenway.sk\/#website\",\"url\":\"https:\/\/kb.greenway.sk\/\",\"name\":\"GreenWay\",\"description\":\"\",\"potentialAction\":[{\"@type\":\"SearchAction\",\"target\":\"https:\/\/kb.greenway.sk\/?s={search_term_string}\",\"query-input\":\"required name=search_term_string\"}],\"inLanguage\":\"pl-PL\"},{\"@type\":\"WebPage\",\"@id\":\"https:\/\/kb.greenway.sk\/pl\/samochod-elektryczny-a-spalinowy\/#webpage\",\"url\":\"https:\/\/kb.greenway.sk\/pl\/samochod-elektryczny-a-spalinowy\/\",\"name\":\"Samoch\\u00f3d elektryczny, a spalinowy - GreenWay\",\"isPartOf\":{\"@id\":\"https:\/\/kb.greenway.sk\/#website\"},\"datePublished\":\"2023-09-10T15:55:44+00:00\",\"dateModified\":\"2023-09-10T16:13:43+00:00\",\"breadcrumb\":{\"@id\":\"https:\/\/kb.greenway.sk\/pl\/samochod-elektryczny-a-spalinowy\/#breadcrumb\"},\"inLanguage\":\"pl-PL\",\"potentialAction\":[{\"@type\":\"ReadAction\",\"target\":[\"https:\/\/kb.greenway.sk\/pl\/samochod-elektryczny-a-spalinowy\/\"]}]},{\"@type\":\"BreadcrumbList\",\"@id\":\"https:\/\/kb.greenway.sk\/pl\/samochod-elektryczny-a-spalinowy\/#breadcrumb\",\"itemListElement\":[{\"@type\":\"ListItem\",\"position\":1,\"item\":{\"@type\":\"WebPage\",\"@id\":\"https:\/\/kb.greenway.sk\/pl\/\",\"url\":\"https:\/\/kb.greenway.sk\/pl\/\",\"name\":\"Knowledge base\"}},{\"@type\":\"ListItem\",\"position\":2,\"item\":{\"@type\":\"WebPage\",\"@id\":\"https:\/\/kb.greenway.sk\/pl\/samochod-elektryczny-a-spalinowy\/\",\"url\":\"https:\/\/kb.greenway.sk\/pl\/samochod-elektryczny-a-spalinowy\/\",\"name\":\"Samoch\\u00f3d elektryczny, a spalinowy\"}}]}]}<\/script>\n<!-- \/ Yoast SEO plugin. -->","_links":{"self":[{"href":"https:\/\/kb.greenway.sk\/pl\/wp-json\/wp\/v2\/pages\/2029\/"}],"collection":[{"href":"https:\/\/kb.greenway.sk\/pl\/wp-json\/wp\/v2\/pages\/"}],"about":[{"href":"https:\/\/kb.greenway.sk\/pl\/wp-json\/wp\/v2\/types\/page\/"}],"author":[{"embeddable":true,"href":"https:\/\/kb.greenway.sk\/pl\/wp-json\/wp\/v2\/users\/8\/"}],"replies":[{"embeddable":true,"href":"https:\/\/kb.greenway.sk\/pl\/wp-json\/wp\/v2\/comments\/?post=2029"}],"version-history":[{"count":7,"href":"https:\/\/kb.greenway.sk\/pl\/wp-json\/wp\/v2\/pages\/2029\/revisions\/"}],"predecessor-version":[{"id":2051,"href":"https:\/\/kb.greenway.sk\/pl\/wp-json\/wp\/v2\/pages\/2029\/revisions\/2051\/"}],"wp:attachment":[{"href":"https:\/\/kb.greenway.sk\/pl\/wp-json\/wp\/v2\/media\/?parent=2029"}],"curies":[{"name":"wp","href":"https:\/\/api.w.org\/{rel}","templated":true}]}}