{"id":2023,"date":"2023-09-10T17:42:28","date_gmt":"2023-09-10T15:42:28","guid":{"rendered":"https:\/\/kb.greenway.sk\/?page_id=2023"},"modified":"2023-09-10T17:42:28","modified_gmt":"2023-09-10T15:42:28","slug":"budynki-niemieszkalne-a-obowiazkowe-stacje-ladowania","status":"publish","type":"page","link":"https:\/\/kb.greenway.sk\/pl\/elektromobilnosc\/budynki-niemieszkalne-a-obowiazkowe-stacje-ladowania\/","title":{"rendered":"Budynki niemieszkalne, a obowi\u0105zkowe stacje \u0142adowania"},"content":{"rendered":"[vc_row type=&#8221;in_container&#8221; full_screen_row_position=&#8221;middle&#8221; column_margin=&#8221;default&#8221; column_direction=&#8221;default&#8221; column_direction_tablet=&#8221;default&#8221; column_direction_phone=&#8221;default&#8221; scene_position=&#8221;center&#8221; text_color=&#8221;dark&#8221; text_align=&#8221;left&#8221; row_border_radius=&#8221;none&#8221; row_border_radius_applies=&#8221;bg&#8221; overlay_strength=&#8221;0.3&#8243; gradient_direction=&#8221;left_to_right&#8221; shape_divider_position=&#8221;bottom&#8221; bg_image_animation=&#8221;none&#8221;][vc_column column_padding=&#8221;no-extra-padding&#8221; column_padding_tablet=&#8221;inherit&#8221; column_padding_phone=&#8221;inherit&#8221; column_padding_position=&#8221;all&#8221; background_color_opacity=&#8221;1&#8243; background_hover_color_opacity=&#8221;1&#8243; column_shadow=&#8221;none&#8221; column_border_radius=&#8221;none&#8221; column_link_target=&#8221;_self&#8221; gradient_direction=&#8221;left_to_right&#8221; overlay_strength=&#8221;0.3&#8243; width=&#8221;1\/1&#8243; tablet_width_inherit=&#8221;default&#8221; tablet_text_alignment=&#8221;default&#8221; phone_text_alignment=&#8221;default&#8221; column_border_width=&#8221;none&#8221; column_border_style=&#8221;solid&#8221; bg_image_animation=&#8221;none&#8221;][vc_column_text el_class=&#8221;page-title&#8221;]\n<h1>Budynki niemieszkalne, a obowi\u0105zkowe stacje \u0142adowania<\/h1>\n[\/vc_column_text][vc_column_text]Aby wspiera\u0107 rozw\u00f3j zeroemisyjnego transportu, niezb\u0119dne s\u0105 zmiany w regulacjach prawnych i przepisach. Technologie post\u0119puj\u0105 niezwykle szybko, a regulacje prawne cz\u0119sto nie odpowiadaj\u0105 na zmieniaj\u0105ce si\u0119 potrzeby rynku. Mo\u017cemy jednak powiedzie\u0107, \u017ce odnosz\u0105c si\u0119 do elektromobilno\u015bci, powoli obserwujemy zmiany r\u00f3wnie\u017c w ustawodawstwie.<\/p>\n<p><strong>Jakie zmiany wprowadza ustawa?<\/strong><\/p>\n<p>Nowelizacja ustawy o elektormobilno\u015bci i paliwach alternatywnych (Dz. U. 2022 poz. 1083) jest jednym z punkt\u00f3w, kt\u00f3re maj\u0105 znacznie przyspieszy\u0107 proces dekarbonizacji sektora transportowego. Ustawa zak\u0142ada, \u017ce od 2025 roku ka\u017cdy budynek niemieszkalny, przy kt\u00f3rym znajduje si\u0119 wi\u0119cej ni\u017c 20 stanowisk postojowych, b\u0119dzie musia\u0142 by\u0107 wyposa\u017cony w przynajmniej 1 punkt \u0142adowania oraz niezb\u0119dn\u0105 infrastruktur\u0119 na co najmniej 1 na 5 stanowisk postojowych. Za enigmatycznym poj\u0119ciem niezb\u0119dnej infrastruktury, kryj\u0105 si\u0119 przy\u0142\u0105cza elektryczne s\u0142u\u017c\u0105ce do pod\u0142\u0105czenia kolejnych stacji, kt\u00f3re maj\u0105 by\u0107 zainstalowane w kolejnych latach.<\/p>\n<p><strong>Jakie podmioty obejmie ustawa?<\/strong><\/p>\n<p>Wst\u0119pnie ma\u0142e i \u015brednie przedsi\u0119biorstwa wy\u0142\u0105czone s\u0105 z prawnych regulacji. Wym\u00f3g b\u0119dzie dotyczy\u0142: biurowc\u00f3w, hoteli, szpitali, budynk\u00f3w magazynowych, handlowo-us\u0142ugowych czy obiekt\u00f3w kulturalnych.<\/p>\n<p><strong>Jak ustawa b\u0119dzie wygl\u0105da\u0107 w kolejnych latach?<\/strong><\/p>\n<p>Docelowo w p\u00f3\u017aniejszym czasie ustawa ma obj\u0105\u0107 r\u00f3wnie\u017c budynki niemieszkalne. Obecnie w\u0142a\u015bciciele nowych i remontowanych budynk\u00f3w zobowi\u0105zani s\u0105 do instalacji niezb\u0119dnej infrastruktury, s\u0142u\u017c\u0105cej do pod\u0142\u0105czenia w przysz\u0142o\u015bci stacji \u0142adowania. Nie ustalono jednak, kiedy obowi\u0105zek budowy stacji zostanie wprowadzony r\u00f3wnie\u017c w tym przypadku.[\/vc_column_text][\/vc_column][\/vc_row][vc_row type=&#8221;in_container&#8221; full_screen_row_position=&#8221;middle&#8221; column_margin=&#8221;default&#8221; column_direction=&#8221;default&#8221; column_direction_tablet=&#8221;default&#8221; column_direction_phone=&#8221;default&#8221; scene_position=&#8221;center&#8221; text_color=&#8221;dark&#8221; text_align=&#8221;left&#8221; row_border_radius=&#8221;none&#8221; row_border_radius_applies=&#8221;bg&#8221; overlay_strength=&#8221;0.3&#8243; gradient_direction=&#8221;left_to_right&#8221; shape_divider_position=&#8221;bottom&#8221; bg_image_animation=&#8221;none&#8221;][vc_column column_padding=&#8221;no-extra-padding&#8221; column_padding_tablet=&#8221;inherit&#8221; column_padding_phone=&#8221;inherit&#8221; column_padding_position=&#8221;all&#8221; background_color_opacity=&#8221;1&#8243; background_hover_color_opacity=&#8221;1&#8243; column_shadow=&#8221;none&#8221; column_border_radius=&#8221;none&#8221; column_link_target=&#8221;_self&#8221; gradient_direction=&#8221;left_to_right&#8221; overlay_strength=&#8221;0.3&#8243; width=&#8221;1\/1&#8243; tablet_width_inherit=&#8221;default&#8221; tablet_text_alignment=&#8221;default&#8221; phone_text_alignment=&#8221;default&#8221; column_border_width=&#8221;none&#8221; column_border_style=&#8221;solid&#8221; bg_image_animation=&#8221;none&#8221;][\/vc_column][\/vc_row]\n","protected":false},"excerpt":{"rendered":"<p>[vc_row type=&#8221;in_container&#8221; full_screen_row_position=&#8221;middle&#8221; column_margin=&#8221;default&#8221; column_direction=&#8221;default&#8221; column_direction_tablet=&#8221;default&#8221; column_direction_phone=&#8221;default&#8221; scene_position=&#8221;center&#8221; text_color=&#8221;dark&#8221; text_align=&#8221;left&#8221; row_border_radius=&#8221;none&#8221; row_border_radius_applies=&#8221;bg&#8221; overlay_strength=&#8221;0.3&#8243; gradient_direction=&#8221;left_to_right&#8221; shape_divider_position=&#8221;bottom&#8221; bg_image_animation=&#8221;none&#8221;][vc_column column_padding=&#8221;no-extra-padding&#8221; column_padding_tablet=&#8221;inherit&#8221; column_padding_phone=&#8221;inherit&#8221; column_padding_position=&#8221;all&#8221; background_color_opacity=&#8221;1&#8243; background_hover_color_opacity=&#8221;1&#8243; column_shadow=&#8221;none&#8221; column_border_radius=&#8221;none&#8221; column_link_target=&#8221;_self&#8221; gradient_direction=&#8221;left_to_right&#8221; overlay_strength=&#8221;0.3&#8243; width=&#8221;1\/1&#8243; tablet_width_inherit=&#8221;default&#8221; tablet_text_alignment=&#8221;default&#8221;&#8230;<\/p>\n","protected":false},"author":8,"featured_media":0,"parent":659,"menu_order":0,"comment_status":"closed","ping_status":"closed","template":"","meta":[],"yoast_head":"<!-- This site is optimized with the Yoast SEO plugin v15.3 - https:\/\/yoast.com\/wordpress\/plugins\/seo\/ -->\n<title>Budynki niemieszkalne, a obowi\u0105zkowe stacje \u0142adowania - GreenWay<\/title>\n<meta name=\"robots\" content=\"index, follow, max-snippet:-1, max-image-preview:large, max-video-preview:-1\" \/>\n<link rel=\"canonical\" href=\"https:\/\/kb.greenway.sk\/pl\/elektromobilnosc\/budynki-niemieszkalne-a-obowiazkowe-stacje-ladowania\/\" \/>\n<meta property=\"og:locale\" content=\"pl_PL\" \/>\n<meta property=\"og:type\" content=\"article\" \/>\n<meta property=\"og:title\" content=\"Budynki niemieszkalne, a obowi\u0105zkowe stacje \u0142adowania - GreenWay\" \/>\n<meta property=\"og:description\" content=\"[vc_row type=&#8221;in_container&#8221; full_screen_row_position=&#8221;middle&#8221; column_margin=&#8221;default&#8221; column_direction=&#8221;default&#8221; column_direction_tablet=&#8221;default&#8221; column_direction_phone=&#8221;default&#8221; scene_position=&#8221;center&#8221; text_color=&#8221;dark&#8221; text_align=&#8221;left&#8221; row_border_radius=&#8221;none&#8221; row_border_radius_applies=&#8221;bg&#8221; overlay_strength=&#8221;0.3&#8243; gradient_direction=&#8221;left_to_right&#8221; shape_divider_position=&#8221;bottom&#8221; bg_image_animation=&#8221;none&#8221;][vc_column column_padding=&#8221;no-extra-padding&#8221; column_padding_tablet=&#8221;inherit&#8221; column_padding_phone=&#8221;inherit&#8221; column_padding_position=&#8221;all&#8221; background_color_opacity=&#8221;1&#8243; background_hover_color_opacity=&#8221;1&#8243; column_shadow=&#8221;none&#8221; column_border_radius=&#8221;none&#8221; column_link_target=&#8221;_self&#8221; gradient_direction=&#8221;left_to_right&#8221; overlay_strength=&#8221;0.3&#8243; width=&#8221;1\/1&#8243; tablet_width_inherit=&#8221;default&#8221; tablet_text_alignment=&#8221;default&#8221;...\" \/>\n<meta property=\"og:url\" content=\"https:\/\/kb.greenway.sk\/pl\/elektromobilnosc\/budynki-niemieszkalne-a-obowiazkowe-stacje-ladowania\/\" \/>\n<meta property=\"og:site_name\" content=\"GreenWay\" \/>\n<meta name=\"twitter:card\" content=\"summary_large_image\" \/>\n<meta name=\"twitter:label1\" content=\"Written by\">\n\t<meta name=\"twitter:data1\" content=\"Dominika Sujkowska\">\n\t<meta name=\"twitter:label2\" content=\"Est. reading time\">\n\t<meta name=\"twitter:data2\" content=\"2 minuty\">\n<script type=\"application\/ld+json\" class=\"yoast-schema-graph\">{\"@context\":\"https:\/\/schema.org\",\"@graph\":[{\"@type\":\"WebSite\",\"@id\":\"https:\/\/kb.greenway.sk\/#website\",\"url\":\"https:\/\/kb.greenway.sk\/\",\"name\":\"GreenWay\",\"description\":\"\",\"potentialAction\":[{\"@type\":\"SearchAction\",\"target\":\"https:\/\/kb.greenway.sk\/?s={search_term_string}\",\"query-input\":\"required name=search_term_string\"}],\"inLanguage\":\"pl-PL\"},{\"@type\":\"WebPage\",\"@id\":\"https:\/\/kb.greenway.sk\/pl\/elektromobilnosc\/budynki-niemieszkalne-a-obowiazkowe-stacje-ladowania\/#webpage\",\"url\":\"https:\/\/kb.greenway.sk\/pl\/elektromobilnosc\/budynki-niemieszkalne-a-obowiazkowe-stacje-ladowania\/\",\"name\":\"Budynki niemieszkalne, a obowi\\u0105zkowe stacje \\u0142adowania - GreenWay\",\"isPartOf\":{\"@id\":\"https:\/\/kb.greenway.sk\/#website\"},\"datePublished\":\"2023-09-10T15:42:28+00:00\",\"dateModified\":\"2023-09-10T15:42:28+00:00\",\"breadcrumb\":{\"@id\":\"https:\/\/kb.greenway.sk\/pl\/elektromobilnosc\/budynki-niemieszkalne-a-obowiazkowe-stacje-ladowania\/#breadcrumb\"},\"inLanguage\":\"pl-PL\",\"potentialAction\":[{\"@type\":\"ReadAction\",\"target\":[\"https:\/\/kb.greenway.sk\/pl\/elektromobilnosc\/budynki-niemieszkalne-a-obowiazkowe-stacje-ladowania\/\"]}]},{\"@type\":\"BreadcrumbList\",\"@id\":\"https:\/\/kb.greenway.sk\/pl\/elektromobilnosc\/budynki-niemieszkalne-a-obowiazkowe-stacje-ladowania\/#breadcrumb\",\"itemListElement\":[{\"@type\":\"ListItem\",\"position\":1,\"item\":{\"@type\":\"WebPage\",\"@id\":\"https:\/\/kb.greenway.sk\/pl\/\",\"url\":\"https:\/\/kb.greenway.sk\/pl\/\",\"name\":\"Knowledge base\"}},{\"@type\":\"ListItem\",\"position\":2,\"item\":{\"@type\":\"WebPage\",\"@id\":\"https:\/\/kb.greenway.sk\/pl\/elektromobilnosc\/\",\"url\":\"https:\/\/kb.greenway.sk\/pl\/elektromobilnosc\/\",\"name\":\"Elektromobilno\\u015b\\u0107\"}},{\"@type\":\"ListItem\",\"position\":3,\"item\":{\"@type\":\"WebPage\",\"@id\":\"https:\/\/kb.greenway.sk\/pl\/elektromobilnosc\/budynki-niemieszkalne-a-obowiazkowe-stacje-ladowania\/\",\"url\":\"https:\/\/kb.greenway.sk\/pl\/elektromobilnosc\/budynki-niemieszkalne-a-obowiazkowe-stacje-ladowania\/\",\"name\":\"Budynki niemieszkalne, a obowi\\u0105zkowe stacje \\u0142adowania\"}}]}]}<\/script>\n<!-- \/ Yoast SEO plugin. -->","_links":{"self":[{"href":"https:\/\/kb.greenway.sk\/pl\/wp-json\/wp\/v2\/pages\/2023\/"}],"collection":[{"href":"https:\/\/kb.greenway.sk\/pl\/wp-json\/wp\/v2\/pages\/"}],"about":[{"href":"https:\/\/kb.greenway.sk\/pl\/wp-json\/wp\/v2\/types\/page\/"}],"author":[{"embeddable":true,"href":"https:\/\/kb.greenway.sk\/pl\/wp-json\/wp\/v2\/users\/8\/"}],"replies":[{"embeddable":true,"href":"https:\/\/kb.greenway.sk\/pl\/wp-json\/wp\/v2\/comments\/?post=2023"}],"version-history":[{"count":1,"href":"https:\/\/kb.greenway.sk\/pl\/wp-json\/wp\/v2\/pages\/2023\/revisions\/"}],"predecessor-version":[{"id":2024,"href":"https:\/\/kb.greenway.sk\/pl\/wp-json\/wp\/v2\/pages\/2023\/revisions\/2024\/"}],"up":[{"embeddable":true,"href":"https:\/\/kb.greenway.sk\/pl\/wp-json\/wp\/v2\/pages\/659\/"}],"wp:attachment":[{"href":"https:\/\/kb.greenway.sk\/pl\/wp-json\/wp\/v2\/media\/?parent=2023"}],"curies":[{"name":"wp","href":"https:\/\/api.w.org\/{rel}","templated":true}]}}