{"id":1885,"date":"2023-09-08T13:24:36","date_gmt":"2023-09-08T11:24:36","guid":{"rendered":"https:\/\/kb.greenway.sk\/?page_id=1885"},"modified":"2025-01-15T15:14:03","modified_gmt":"2025-01-15T14:14:03","slug":"co-wplywa-na-szybkosc-ladowania","status":"publish","type":"page","link":"https:\/\/kb.greenway.sk\/pl\/ladowanie\/co-wplywa-na-szybkosc-ladowania\/","title":{"rendered":"Co wp\u0142ywa na szybko\u015b\u0107 \u0142adowania?"},"content":{"rendered":"[vc_row type=&#8221;in_container&#8221; full_screen_row_position=&#8221;middle&#8221; column_margin=&#8221;default&#8221; column_direction=&#8221;default&#8221; column_direction_tablet=&#8221;default&#8221; column_direction_phone=&#8221;default&#8221; scene_position=&#8221;center&#8221; text_color=&#8221;dark&#8221; text_align=&#8221;left&#8221; row_border_radius=&#8221;none&#8221; row_border_radius_applies=&#8221;bg&#8221; overlay_strength=&#8221;0.3&#8243; gradient_direction=&#8221;left_to_right&#8221; shape_divider_position=&#8221;bottom&#8221; bg_image_animation=&#8221;none&#8221; css_animation=&#8221;&#8221; el_class=&#8221;page-title&#8221; el_id=&#8221;&#8221; css=&#8221;&#8221; width=&#8221;&#8221;][vc_column column_padding=&#8221;no-extra-padding&#8221; column_padding_tablet=&#8221;inherit&#8221; column_padding_phone=&#8221;inherit&#8221; column_padding_position=&#8221;all&#8221; background_color_opacity=&#8221;1&#8243; background_hover_color_opacity=&#8221;1&#8243; column_shadow=&#8221;none&#8221; column_border_radius=&#8221;none&#8221; column_link_target=&#8221;_self&#8221; gradient_direction=&#8221;left_to_right&#8221; overlay_strength=&#8221;0.3&#8243; width=&#8221;brak&#8221; tablet_width_inherit=&#8221;default&#8221; tablet_text_alignment=&#8221;default&#8221; phone_text_alignment=&#8221;default&#8221; column_border_width=&#8221;none&#8221; column_border_style=&#8221;sta\u0142y&#8221; bg_image_animation=&#8221;brak&#8221;][vc_column_text el_class=&#8221;page-title&#8221;]\n<h1><strong>Co wp\u0142ywa na szybko\u015b\u0107 \u0142adowania?<\/strong><\/h1>\n[\/vc_column_text][vc_column_text]Ka\u017cdy, kto chocia\u017c raz \u0142adowa\u0142 samoch\u00f3d elektryczny, zastanawia\u0142 si\u0119 jak to jest z tym \u0142adowaniem i dlaczego, skoro stacja oferuje moc 250 kWh, to realna moc \u0142adowania jest du\u017co ni\u017csza. Poni\u017cej przedstawiamy kilka czynnik\u00f3w, kt\u00f3re wp\u0142ywaj\u0105 na to, jak szybko b\u0119dziesz m\u00f3g\u0142 ruszy\u0107 w dalsz\u0105 drog\u0119.<\/p>\n<h4><strong>Co z t\u0105 moc\u0105 przesy\u0142u? <\/strong><\/h4>\n<p>Pojemno\u015b\u0107 akumulatora i moc, kt\u00f3r\u0105 mo\u017ce przyj\u0105\u0107 nasz model EV, to pierwszy czynnik warunkuj\u0105cy szybko\u015b\u0107 \u0142adowania. Ka\u017cde auto posiada okre\u015blon\u0105 wielko\u015b\u0107 baterii (netto i brutto \u2013 <a href=\"https:\/\/kb.greenway.sk\/pl\/stacje-ladowania\/pojemnosc-brutto-i-netto-jak-to-jest-z-tym-akumulatorem-w-ev\/\">dowiedz si\u0119 wi\u0119cej<\/a>). Je\u015bli brutto nasz pojazd posiada 50 kWh pojemno\u015bci, to oznacza, \u017ce realnie mo\u017cemy wykorzysta\u0107 oko\u0142o 10% mniejsz\u0105 pojemno\u015b\u0107.<\/p>\n<p>Przechodz\u0105c do przyjmowanej mocy \u0142adowania, r\u00f3\u017cne modele samochod\u00f3w pozwalaj\u0105 na r\u00f3\u017cny przesy\u0142 mocy. To z kolei oznacza, \u017ce je\u015bli nasze auto jest w stanie przyj\u0105\u0107 50 kW, to \u0142aduj\u0105c je \u0142adowark\u0105 o mocy 200 kWh, przyjmie ono odpowiedni\u0105 dla siebie warto\u015b\u0107 nieprzekraczaj\u0105c\u0105 dozwolonej i mo\u017cliwej do przyj\u0119cia mocy samochodu. Dodatkowo ma tu znaczenie r\u00f3wnie\u017c poziom degradacji baterii (chocia\u017c jak pokazuj\u0105 ostatnie testy, degradacja wynikaj\u0105ca z u\u017cytkowania jest minimalna). (Degradacja baterii \u2013 <a href=\"https:\/\/kb.greenway.sk\/pl\/degradacja-baterii-w-ev\/\">sprawd\u017a wi\u0119cej<\/a>).<\/p>\n<h4><strong>Na co warto zwr\u00f3ci\u0107 uwag\u0119?<\/strong><\/h4>\n<p>Nie warto korzysta\u0107 z ca\u0142ej oferowanej pojemno\u015bci, czyli nie roz\u0142adowywa\u0107 akumulatora do zera i nie \u0142adowa\u0107 go zawsze do poziomu 100%, dzi\u0119ki czemu mo\u017cna przed\u0142u\u017cy\u0107 \u017cycie baterii EV. Dobrym sposobem na odzyskanie cz\u0119\u015bci mocy jest jazda z wykorzystaniem tryb\u00f3w eco, kt\u00f3re posiadaj\u0105 mo\u017cliwo\u015b\u0107 wykorzystywania zjawiska rekuperacji, tym samym zwi\u0119kszaj\u0105c zasi\u0119g Twojego pojazdu przez ponowne wykorzystanie odzyskanej energii podczas hamowania.<\/p>\n<h4><strong>A co z pogod\u0105? Czy ma wp\u0142yw na czas \u0142adowania? <\/strong><\/h4>\n<p>Odpowiadamy \u2013 tak! Optymalna temperatura dla \u0142adowania to oko\u0142o 20C, ale wa\u017cniejszym czynnikiem jest stopie\u0144 rozgrzania akumulatora. Warto \u0142adowa\u0107 samoch\u00f3d, kiedy akumulator posiada temperatur\u0119 eksploatacyjn\u0105, czyli oscyluj\u0105c\u0105 w zakresie oko\u0142o 19C, nie jest on w\u00f3wczas przegrzany (nie wymaga ch\u0142odzenia), ani te\u017c nie jest zbyt ch\u0142odny; Co zdecydowanie wp\u0142ywa na efektywne \u0142adowanie. St\u0105d podczas trasy, do\u0142adowuj\u0105c si\u0119 \u0142adowark\u0105 DC, szybciej uzupe\u0142nisz moc w akumulatorze ni\u017c korzystaj\u0105c z niej bezpo\u015brednio przed wyjazdem w tras\u0119.<\/p>\n<p>Dodatkowo podobnie jak w samochodzie spalinowym, kt\u00f3ry do ogrzania lub ch\u0142odzenia kabiny zu\u017cywa paliwo, EV zu\u017cywa zmagazynowan\u0105 moc w akumulatorze. Przy elektrykach mamy jednak dla Ciebie ma\u0142\u0105 wskaz\u00f3wk\u0119 \u2013 ustawienie optymalnej temperatury w samochodzie przed wyjazdem, wykorzystuj\u0105c pr\u0105d z sieci, pozwoli Ci na przejechanie wi\u0119kszego odcinka drogi ni\u017c kiedy temperatur\u0119 ustawisz ju\u017c po wyruszeniu.<\/p>\n<h4><strong>Na co warto zwr\u00f3ci\u0107 uwag\u0119?<\/strong><\/h4>\n<p>Niekt\u00f3rzy producenci oferuj\u0105 w swoich elektrycznych modelach samochod\u00f3w, opcj\u0119 przygotowania baterii pod \u0142adowanie. W praktyce oznacza to, \u017ce po wybraniu tej funkcji, bateria samochodu nagrzewa si\u0119 do odpowiedniego poziomu, umo\u017cliwiaj\u0105c tym samym niemal natychmiastowe \u0142adowanie z maksymaln\u0105 moc\u0105.<\/p>\n<h4><strong>Czy budynek lub parking z postawion\u0105 \u0142adowark\u0105 mo\u017ce ogranicza\u0107 przesy\u0142 mocy?<\/strong><\/h4>\n<p>Tu r\u00f3wnie\u017c odpowied\u017a jest twierdz\u0105ca. Szczeg\u00f3lnie wtedy, kiedy wyst\u0119puj\u0105 ogromne upa\u0142y lub mr\u00f3z. W\u00f3wczas zar\u00f3wno operatorzy sieci, w\u0142a\u015bcicie nieruchomo\u015bci czy jej administratorzy, jak i Rada Ministr\u00f3w (w wyj\u0105tkowych przypadkach) mog\u0105 wprowadzi\u0107 ograniczenia w dostarczaniu i poborze energii elektrycznej. Ograniczenia te maj\u0105 r\u00f3wnie\u017c analogiczny wp\u0142yw na \u0142adowarki, kt\u00f3re dysponuj\u0105 w takiej sytuacji mniejsz\u0105 moc\u0105 nominaln\u0105, a to przek\u0142ada si\u0119 na szybko\u015b\u0107 \u0142adowania samochodu.<\/p>\n<p>Kolejnym aspektem s\u0105 ograniczenia przesy\u0142u mocy wynikaj\u0105ce z norm budynk\u00f3w. Tutaj moc przy\u0142\u0105czeniowa, czyli parametr informuj\u0105cy o tym, ile maksymalnie w jednym momencie mo\u017cemy wykorzysta\u0107 pr\u0105du, stanowi warto\u015b\u0107 maksymalnej mocy wymaganej do funkcjonowania okre\u015blonych sprz\u0119t\u00f3w w danym budynku (bior\u0105c pod uwag\u0119 zar\u00f3wno ogrzewanie, du\u017cy, jak i ma\u0142y sprz\u0119t AGD, a\u017c po systemy ppo\u017c. czy windy). Moc \u0142adowarki w takim wypadku mo\u017ce zosta\u0107 ograniczona przez zarz\u0105dc\u0119 czy administratora obiektu, szczeg\u00f3lnie je\u015bli m\u00f3wimy o wielkopowierzchniowych sklepach i galeriach handlowych.<\/p>\n<h4><strong>Moc, a kilka jednocze\u015bnie \u0142aduj\u0105cych si\u0119 EV<\/strong><\/h4>\n<p>Kolejn\u0105 kwesti\u0105 jest te\u017c ilo\u015b\u0107 \u0142aduj\u0105cych si\u0119 pojazd\u00f3w. Je\u015bli \u0142adowarka ma du\u017c\u0105 moc, oba samochody mog\u0105 uzyska\u0107 maksymaln\u0105 moc na ka\u017cdym z pod\u0142\u0105czonych z\u0142\u0105czy. Jednak zdarza si\u0119, \u017ce przy jednoczesnym \u0142adowaniu kilku pojazd\u00f3w, moc zostanie odpowiednio podzielona. Jednocze\u015bnie technologia pozwala na to aby wolumen inteligentnie przep\u0142ywa\u0142 pomi\u0119dzy pojazdami, a kiedy jeden osi\u0105gnie 80% pojemno\u015bci baterii, drugi uzyskuje wi\u0119ksz\u0105 moc.<\/p>\n<h4><strong>Na co warto zwr\u00f3ci\u0107 uwag\u0119?<\/strong><\/h4>\n<p>Ka\u017cde \u0142adowanie, czy w optymalnych warunkach, czy te\u017c nie, a po osi\u0105gni\u0119ciu 80% pojemno\u015bci akumulatora na pewno znacznie spowolni. Warto wzi\u0105\u0107 to pod uwag\u0119 planuj\u0105c tras\u0119 i czas przejazdu.<\/p>\n<p>Odkrywaj\u0105c ju\u017c wszystkie tajniki tego jak \u0142adowa\u0107 samoch\u00f3d elektryczny, warto sprawdzi\u0107 unikalne dla ka\u017cdego modelu pojazdu krzywe \u0142adowania. S\u0105 to wykresy obrazuj\u0105ce wielko\u015b\u0107 przyjmowanej przez pojazd energii przy danym wska\u017aniku na\u0142adowania akumulatora. Pozwol\u0105 one zaplanowa\u0107 \u0142adowanie w taki spos\u00f3b, aby by\u0142o ono dla Ciebie najbardziej komfortowe.<\/p>\n<p>Na stronie: <a href=\"https:\/\/ev-database.org\">https:\/\/ev-database.org<\/a> znajdziesz krzywe \u0142adowania dla wi\u0119kszo\u015bci pojazd\u00f3w elektrycznych, a warto si\u0119 im przyjrze\u0107.<\/p>\n<p>Na koniec przypomnimy tylko, \u017ce najkorzystniejsze jest \u0142adowanie przewa\u017caj\u0105c\u0105 ilo\u015b\u0107 czasu swojego samochodu w domu. W zale\u017cno\u015bci od mo\u017cliwo\u015bci, 80% czasu zalecamy \u0142adowanie w domu, a przy pozosta\u0142ych 20% zapraszamy na nasze stacje.[\/vc_column_text][\/vc_column][\/vc_row][vc_row type=&#8221;in_container&#8221; full_screen_row_position=&#8221;middle&#8221; column_margin=&#8221;default&#8221; column_direction=&#8221;default&#8221; column_direction_tablet=&#8221;default&#8221; column_direction_phone=&#8221;default&#8221; scene_position=&#8221;center&#8221; text_color=&#8221;dark&#8221; text_align=&#8221;left&#8221; row_border_radius=&#8221;none&#8221; row_border_radius_applies=&#8221;bg&#8221; overlay_strength=&#8221;0.3&#8243; gradient_direction=&#8221;left_to_right&#8221; shape_divider_position=&#8221;bottom&#8221; bg_image_animation=&#8221;none&#8221;][vc_column column_padding=&#8221;no-extra-padding&#8221; column_padding_tablet=&#8221;inherit&#8221; column_padding_phone=&#8221;inherit&#8221; column_padding_position=&#8221;all&#8221; background_color_opacity=&#8221;1&#8243; background_hover_color_opacity=&#8221;1&#8243; column_shadow=&#8221;none&#8221; column_border_radius=&#8221;none&#8221; column_link_target=&#8221;_self&#8221; gradient_direction=&#8221;left_to_right&#8221; overlay_strength=&#8221;0.3&#8243; width=&#8221;1\/1&#8243; tablet_width_inherit=&#8221;default&#8221; tablet_text_alignment=&#8221;default&#8221; phone_text_alignment=&#8221;default&#8221; column_border_width=&#8221;none&#8221; column_border_style=&#8221;solid&#8221; bg_image_animation=&#8221;none&#8221;][vc_column_text] [\/vc_column_text][\/vc_column][\/vc_row][vc_row type=&#8221;in_container&#8221; full_screen_row_position=&#8221;middle&#8221; column_margin=&#8221;default&#8221; column_direction=&#8221;default&#8221; column_direction_tablet=&#8221;default&#8221; column_direction_phone=&#8221;default&#8221; scene_position=&#8221;center&#8221; text_color=&#8221;dark&#8221; text_align=&#8221;left&#8221; row_border_radius=&#8221;none&#8221; row_border_radius_applies=&#8221;bg&#8221; overlay_strength=&#8221;0.3&#8243; gradient_direction=&#8221;left_to_right&#8221; shape_divider_position=&#8221;bottom&#8221; bg_image_animation=&#8221;none&#8221;][vc_column column_padding=&#8221;no-extra-padding&#8221; column_padding_tablet=&#8221;inherit&#8221; column_padding_phone=&#8221;inherit&#8221; column_padding_position=&#8221;all&#8221; background_color_opacity=&#8221;1&#8243; background_hover_color_opacity=&#8221;1&#8243; column_shadow=&#8221;none&#8221; column_border_radius=&#8221;none&#8221; column_link_target=&#8221;_self&#8221; gradient_direction=&#8221;left_to_right&#8221; overlay_strength=&#8221;0.3&#8243; width=&#8221;1\/1&#8243; tablet_width_inherit=&#8221;default&#8221; tablet_text_alignment=&#8221;default&#8221; phone_text_alignment=&#8221;default&#8221; column_border_width=&#8221;brak&#8221; column_border_style=&#8221;sta\u0142y&#8221; bg_image_animation=&#8221;brak&#8221;][\/vc_column][\/vc_row]\n","protected":false},"excerpt":{"rendered":"<p>[vc_row type=&#8221;in_container&#8221; full_screen_row_position=&#8221;middle&#8221; column_margin=&#8221;default&#8221; column_direction=&#8221;default&#8221; column_direction_tablet=&#8221;default&#8221; column_direction_phone=&#8221;default&#8221; scene_position=&#8221;center&#8221; text_color=&#8221;dark&#8221; text_align=&#8221;left&#8221; row_border_radius=&#8221;none&#8221; row_border_radius_applies=&#8221;bg&#8221; overlay_strength=&#8221;0.3&#8243; gradient_direction=&#8221;left_to_right&#8221; shape_divider_position=&#8221;bottom&#8221; bg_image_animation=&#8221;none&#8221; css_animation=&#8221;&#8221; el_class=&#8221;page-title&#8221; el_id=&#8221;&#8221; css=&#8221;&#8221; width=&#8221;&#8221;][vc_column column_padding=&#8221;no-extra-padding&#8221; column_padding_tablet=&#8221;inherit&#8221; column_padding_phone=&#8221;inherit&#8221; column_padding_position=&#8221;all&#8221; background_color_opacity=&#8221;1&#8243; background_hover_color_opacity=&#8221;1&#8243; column_shadow=&#8221;none&#8221; column_border_radius=&#8221;none&#8221; column_link_target=&#8221;_self&#8221;&#8230;<\/p>\n","protected":false},"author":8,"featured_media":0,"parent":214,"menu_order":0,"comment_status":"closed","ping_status":"closed","template":"","meta":[],"yoast_head":"<!-- This site is optimized with the Yoast SEO plugin v15.3 - https:\/\/yoast.com\/wordpress\/plugins\/seo\/ -->\n<title>Co wp\u0142ywa na szybko\u015b\u0107 \u0142adowania? - GreenWay<\/title>\n<meta name=\"robots\" content=\"index, follow, max-snippet:-1, max-image-preview:large, max-video-preview:-1\" \/>\n<link rel=\"canonical\" href=\"https:\/\/kb.greenway.sk\/pl\/ladowanie\/co-wplywa-na-szybkosc-ladowania\/\" \/>\n<meta property=\"og:locale\" content=\"pl_PL\" \/>\n<meta property=\"og:type\" content=\"article\" \/>\n<meta property=\"og:title\" content=\"Co wp\u0142ywa na szybko\u015b\u0107 \u0142adowania? - GreenWay\" \/>\n<meta property=\"og:description\" content=\"[vc_row type=&#8221;in_container&#8221; full_screen_row_position=&#8221;middle&#8221; column_margin=&#8221;default&#8221; column_direction=&#8221;default&#8221; column_direction_tablet=&#8221;default&#8221; column_direction_phone=&#8221;default&#8221; scene_position=&#8221;center&#8221; text_color=&#8221;dark&#8221; text_align=&#8221;left&#8221; row_border_radius=&#8221;none&#8221; row_border_radius_applies=&#8221;bg&#8221; overlay_strength=&#8221;0.3&#8243; gradient_direction=&#8221;left_to_right&#8221; shape_divider_position=&#8221;bottom&#8221; bg_image_animation=&#8221;none&#8221; css_animation=&#8221;&#8221; el_class=&#8221;page-title&#8221; el_id=&#8221;&#8221; css=&#8221;&#8221; width=&#8221;&#8221;][vc_column column_padding=&#8221;no-extra-padding&#8221; column_padding_tablet=&#8221;inherit&#8221; column_padding_phone=&#8221;inherit&#8221; column_padding_position=&#8221;all&#8221; background_color_opacity=&#8221;1&#8243; background_hover_color_opacity=&#8221;1&#8243; column_shadow=&#8221;none&#8221; column_border_radius=&#8221;none&#8221; column_link_target=&#8221;_self&#8221;...\" \/>\n<meta property=\"og:url\" content=\"https:\/\/kb.greenway.sk\/pl\/ladowanie\/co-wplywa-na-szybkosc-ladowania\/\" \/>\n<meta property=\"og:site_name\" content=\"GreenWay\" \/>\n<meta property=\"article:modified_time\" content=\"2025-01-15T14:14:03+00:00\" \/>\n<meta name=\"twitter:card\" content=\"summary_large_image\" \/>\n<meta name=\"twitter:label1\" content=\"Written by\">\n\t<meta name=\"twitter:data1\" content=\"Dominika Sujkowska\">\n\t<meta name=\"twitter:label2\" content=\"Est. reading time\">\n\t<meta name=\"twitter:data2\" content=\"5 minut\">\n<script type=\"application\/ld+json\" class=\"yoast-schema-graph\">{\"@context\":\"https:\/\/schema.org\",\"@graph\":[{\"@type\":\"WebSite\",\"@id\":\"https:\/\/kb.greenway.sk\/#website\",\"url\":\"https:\/\/kb.greenway.sk\/\",\"name\":\"GreenWay\",\"description\":\"\",\"potentialAction\":[{\"@type\":\"SearchAction\",\"target\":\"https:\/\/kb.greenway.sk\/?s={search_term_string}\",\"query-input\":\"required name=search_term_string\"}],\"inLanguage\":\"pl-PL\"},{\"@type\":\"WebPage\",\"@id\":\"https:\/\/kb.greenway.sk\/pl\/ladowanie\/co-wplywa-na-szybkosc-ladowania\/#webpage\",\"url\":\"https:\/\/kb.greenway.sk\/pl\/ladowanie\/co-wplywa-na-szybkosc-ladowania\/\",\"name\":\"Co wp\\u0142ywa na szybko\\u015b\\u0107 \\u0142adowania? - GreenWay\",\"isPartOf\":{\"@id\":\"https:\/\/kb.greenway.sk\/#website\"},\"datePublished\":\"2023-09-08T11:24:36+00:00\",\"dateModified\":\"2025-01-15T14:14:03+00:00\",\"breadcrumb\":{\"@id\":\"https:\/\/kb.greenway.sk\/pl\/ladowanie\/co-wplywa-na-szybkosc-ladowania\/#breadcrumb\"},\"inLanguage\":\"pl-PL\",\"potentialAction\":[{\"@type\":\"ReadAction\",\"target\":[\"https:\/\/kb.greenway.sk\/pl\/ladowanie\/co-wplywa-na-szybkosc-ladowania\/\"]}]},{\"@type\":\"BreadcrumbList\",\"@id\":\"https:\/\/kb.greenway.sk\/pl\/ladowanie\/co-wplywa-na-szybkosc-ladowania\/#breadcrumb\",\"itemListElement\":[{\"@type\":\"ListItem\",\"position\":1,\"item\":{\"@type\":\"WebPage\",\"@id\":\"https:\/\/kb.greenway.sk\/pl\/\",\"url\":\"https:\/\/kb.greenway.sk\/pl\/\",\"name\":\"Knowledge base\"}},{\"@type\":\"ListItem\",\"position\":2,\"item\":{\"@type\":\"WebPage\",\"@id\":\"https:\/\/kb.greenway.sk\/pl\/ladowanie\/\",\"url\":\"https:\/\/kb.greenway.sk\/pl\/ladowanie\/\",\"name\":\"\\u0141adowanie\"}},{\"@type\":\"ListItem\",\"position\":3,\"item\":{\"@type\":\"WebPage\",\"@id\":\"https:\/\/kb.greenway.sk\/pl\/ladowanie\/co-wplywa-na-szybkosc-ladowania\/\",\"url\":\"https:\/\/kb.greenway.sk\/pl\/ladowanie\/co-wplywa-na-szybkosc-ladowania\/\",\"name\":\"Co wp\\u0142ywa na szybko\\u015b\\u0107 \\u0142adowania?\"}}]}]}<\/script>\n<!-- \/ Yoast SEO plugin. -->","_links":{"self":[{"href":"https:\/\/kb.greenway.sk\/pl\/wp-json\/wp\/v2\/pages\/1885\/"}],"collection":[{"href":"https:\/\/kb.greenway.sk\/pl\/wp-json\/wp\/v2\/pages\/"}],"about":[{"href":"https:\/\/kb.greenway.sk\/pl\/wp-json\/wp\/v2\/types\/page\/"}],"author":[{"embeddable":true,"href":"https:\/\/kb.greenway.sk\/pl\/wp-json\/wp\/v2\/users\/8\/"}],"replies":[{"embeddable":true,"href":"https:\/\/kb.greenway.sk\/pl\/wp-json\/wp\/v2\/comments\/?post=1885"}],"version-history":[{"count":8,"href":"https:\/\/kb.greenway.sk\/pl\/wp-json\/wp\/v2\/pages\/1885\/revisions\/"}],"predecessor-version":[{"id":2328,"href":"https:\/\/kb.greenway.sk\/pl\/wp-json\/wp\/v2\/pages\/1885\/revisions\/2328\/"}],"up":[{"embeddable":true,"href":"https:\/\/kb.greenway.sk\/pl\/wp-json\/wp\/v2\/pages\/214\/"}],"wp:attachment":[{"href":"https:\/\/kb.greenway.sk\/pl\/wp-json\/wp\/v2\/media\/?parent=1885"}],"curies":[{"name":"wp","href":"https:\/\/api.w.org\/{rel}","templated":true}]}}