{"id":1442,"date":"2021-04-09T15:10:06","date_gmt":"2021-04-09T13:10:06","guid":{"rendered":"https:\/\/kb.greenway.sk\/?page_id=1442"},"modified":"2023-09-10T17:45:24","modified_gmt":"2023-09-10T15:45:24","slug":"posiadania-pojazdu-elektrycznego-w-budynku-wielorodzinnym-jest-niemozliwe","status":"publish","type":"page","link":"https:\/\/kb.greenway.sk\/pl\/elektromobilnosc\/posiadania-pojazdu-elektrycznego-w-budynku-wielorodzinnym-jest-niemozliwe\/","title":{"rendered":"Posiadanie pojazdu elektrycznego w budynku wielorodzinnym jest niemo\u017cliwe"},"content":{"rendered":"[vc_row type=&#8221;in_container&#8221; full_screen_row_position=&#8221;middle&#8221; column_margin=&#8221;default&#8221; column_direction=&#8221;default&#8221; column_direction_tablet=&#8221;default&#8221; column_direction_phone=&#8221;default&#8221; scene_position=&#8221;center&#8221; text_color=&#8221;dark&#8221; text_align=&#8221;left&#8221; row_border_radius=&#8221;none&#8221; row_border_radius_applies=&#8221;bg&#8221; overlay_strength=&#8221;0.3&#8243; gradient_direction=&#8221;left_to_right&#8221; shape_divider_position=&#8221;bottom&#8221; bg_image_animation=&#8221;none&#8221;][vc_column column_padding=&#8221;no-extra-padding&#8221; column_padding_tablet=&#8221;inherit&#8221; column_padding_phone=&#8221;inherit&#8221; column_padding_position=&#8221;all&#8221; background_color_opacity=&#8221;1&#8243; background_hover_color_opacity=&#8221;1&#8243; column_shadow=&#8221;none&#8221; column_border_radius=&#8221;none&#8221; column_link_target=&#8221;_self&#8221; gradient_direction=&#8221;left_to_right&#8221; overlay_strength=&#8221;0.3&#8243; width=&#8221;1\/1&#8243; tablet_width_inherit=&#8221;default&#8221; tablet_text_alignment=&#8221;default&#8221; phone_text_alignment=&#8221;default&#8221; column_border_width=&#8221;none&#8221; column_border_style=&#8221;solid&#8221; bg_image_animation=&#8221;none&#8221;][vc_column_text el_class=&#8221;page-title&#8221;]\n<h1>Posiadanie pojazdu elektrycznego w budynku wielorodzinnym jest niemo\u017cliwe<\/h1>\n[\/vc_column_text][vc_column_text]Brak w\u0142asnego gara\u017cu nie przekre\u015bla mo\u017cliwo\u015bci posiadania pojazdu elektrycznego. Kupuj\u0105c taki pojazd, nale\u017cy wzi\u0105\u0107 pod uwag\u0119 mo\u017cliwo\u015b\u0107 \u0142adowania w pracy lub w innym miejscu, w kt\u00f3rym przebywasz przez d\u0142u\u017cszy okres czasu, takim jak galerie handlowe czy restauracje.<\/p>\n<p>Stacje \u0142adowania w miejscach pracy zyskuj\u0105 na popularno\u015bci i coraz wi\u0119cej pracodawc\u00f3w oferuje mo\u017cliwo\u015b\u0107 \u0142adowania EV w siedzibie organizacji. Potrzeb\u0119 i ch\u0119\u0107 szerszej rozbudowy infrastruktury wyrazi\u0142y r\u00f3wnie\u017c miasta i samorz\u0105dy, kt\u00f3re dzi\u0119ki dotacjom na rozw\u00f3j elektromobilno\u015bci buduj\u0105 stacje \u0142adowania na ulicach miast oraz w pobli\u017cu apartamentowc\u00f3w i instytucji publicznych.<\/p>\n<p>Za zgod\u0105 zarz\u0105dcy budynku czy wsp\u00f3lnoty mieszkaniowej mo\u017cesz uzyska\u0107 pozwolenie na zamontowanie stacji typu wallbox na w\u0142asny u\u017cytek. Nale\u017cy te\u017c wspomnie\u0107, \u017ce coraz wi\u0119ksza rzesza deweloper\u00f3w na nowo powstaj\u0105cych osiedlach udost\u0119pnia \u0142adowarki do u\u017cytku p\u00f3\u0142publicznego dla mieszka\u0144c\u00f3w.<\/p>\n<p>Dodatkowo przepisy prawa powoli dostosowywane s\u0105 do zmieniaj\u0105cej si\u0119 sytuacji na rynku transportu. St\u0105d w zaleceniach dla nowopowstaj\u0105cych budynk\u00f3w mieszkalnych znajduje si\u0119 zapis o tworzeniu infrastruktury niezb\u0119dnej do budowy stacji \u0142adowania oraz budowy 1 stacji na 20 miejsc postojowych. By\u0107 mo\u017ce podobnie jak z budynkami niemieszkalnymi (Budynki niemieszkalne, a obowi\u0105zkowe stacje \u0142adowania \u2013 dowiedz si\u0119 wi\u0119cej) zalecenie stanie si\u0119 obowi\u0105zuj\u0105cym prawem.<\/p>\n<p><strong>Co warto wiedzie\u0107? <\/strong>Je\u017celi nie masz mo\u017cliwo\u015bci na\u0142adowania swojego pojazdu w miejscu pracy, zalecamy zg\u0142oszenie takiej potrzeby pracodawcy. Je\u017celi za\u015b brak mo\u017cliwo\u015bci \u0142adowania tyczy si\u0119 okolicy Twojego miejsca zamieszkania, zalecamy skontaktowanie si\u0119 z urz\u0119dem Twojej gminy\/miasta w celu zg\u0142oszenia wniosku o instalacj\u0119 stacji w Twojej lokalizacji.[\/vc_column_text][\/vc_column][\/vc_row][vc_row type=&#8221;in_container&#8221; full_screen_row_position=&#8221;middle&#8221; column_margin=&#8221;default&#8221; column_direction=&#8221;default&#8221; column_direction_tablet=&#8221;default&#8221; column_direction_phone=&#8221;default&#8221; scene_position=&#8221;center&#8221; text_color=&#8221;dark&#8221; text_align=&#8221;left&#8221; row_border_radius=&#8221;none&#8221; row_border_radius_applies=&#8221;bg&#8221; overlay_strength=&#8221;0.3&#8243; gradient_direction=&#8221;left_to_right&#8221; shape_divider_position=&#8221;bottom&#8221; bg_image_animation=&#8221;none&#8221;][vc_column column_padding=&#8221;no-extra-padding&#8221; column_padding_tablet=&#8221;inherit&#8221; column_padding_phone=&#8221;inherit&#8221; column_padding_position=&#8221;all&#8221; background_color_opacity=&#8221;1&#8243; background_hover_color_opacity=&#8221;1&#8243; column_shadow=&#8221;none&#8221; column_border_radius=&#8221;none&#8221; column_link_target=&#8221;_self&#8221; gradient_direction=&#8221;left_to_right&#8221; overlay_strength=&#8221;0.3&#8243; width=&#8221;1\/1&#8243; tablet_width_inherit=&#8221;default&#8221; tablet_text_alignment=&#8221;default&#8221; phone_text_alignment=&#8221;default&#8221; column_border_width=&#8221;none&#8221; column_border_style=&#8221;solid&#8221; bg_image_animation=&#8221;none&#8221;][\/vc_column][\/vc_row]\n","protected":false},"excerpt":{"rendered":"<p>[vc_row type=&#8221;in_container&#8221; full_screen_row_position=&#8221;middle&#8221; column_margin=&#8221;default&#8221; column_direction=&#8221;default&#8221; column_direction_tablet=&#8221;default&#8221; column_direction_phone=&#8221;default&#8221; scene_position=&#8221;center&#8221; text_color=&#8221;dark&#8221; text_align=&#8221;left&#8221; row_border_radius=&#8221;none&#8221; row_border_radius_applies=&#8221;bg&#8221; overlay_strength=&#8221;0.3&#8243; gradient_direction=&#8221;left_to_right&#8221; shape_divider_position=&#8221;bottom&#8221; bg_image_animation=&#8221;none&#8221;][vc_column column_padding=&#8221;no-extra-padding&#8221; column_padding_tablet=&#8221;inherit&#8221; column_padding_phone=&#8221;inherit&#8221; column_padding_position=&#8221;all&#8221; background_color_opacity=&#8221;1&#8243; background_hover_color_opacity=&#8221;1&#8243; column_shadow=&#8221;none&#8221; column_border_radius=&#8221;none&#8221; column_link_target=&#8221;_self&#8221; gradient_direction=&#8221;left_to_right&#8221; overlay_strength=&#8221;0.3&#8243; width=&#8221;1\/1&#8243; tablet_width_inherit=&#8221;default&#8221; tablet_text_alignment=&#8221;default&#8221;&#8230;<\/p>\n","protected":false},"author":4,"featured_media":0,"parent":659,"menu_order":0,"comment_status":"closed","ping_status":"closed","template":"","meta":[],"yoast_head":"<!-- This site is optimized with the Yoast SEO plugin v15.3 - https:\/\/yoast.com\/wordpress\/plugins\/seo\/ -->\n<title>Posiadanie pojazdu elektrycznego w budynku wielorodzinnym jest niemo\u017cliwe - GreenWay<\/title>\n<meta name=\"robots\" content=\"index, follow, max-snippet:-1, max-image-preview:large, max-video-preview:-1\" \/>\n<link rel=\"canonical\" href=\"https:\/\/kb.greenway.sk\/pl\/elektromobilnosc\/posiadania-pojazdu-elektrycznego-w-budynku-wielorodzinnym-jest-niemozliwe\/\" \/>\n<meta property=\"og:locale\" content=\"pl_PL\" \/>\n<meta property=\"og:type\" content=\"article\" \/>\n<meta property=\"og:title\" content=\"Posiadanie pojazdu elektrycznego w budynku wielorodzinnym jest niemo\u017cliwe - GreenWay\" \/>\n<meta property=\"og:description\" content=\"[vc_row type=&#8221;in_container&#8221; full_screen_row_position=&#8221;middle&#8221; column_margin=&#8221;default&#8221; column_direction=&#8221;default&#8221; column_direction_tablet=&#8221;default&#8221; column_direction_phone=&#8221;default&#8221; scene_position=&#8221;center&#8221; text_color=&#8221;dark&#8221; text_align=&#8221;left&#8221; row_border_radius=&#8221;none&#8221; row_border_radius_applies=&#8221;bg&#8221; overlay_strength=&#8221;0.3&#8243; gradient_direction=&#8221;left_to_right&#8221; shape_divider_position=&#8221;bottom&#8221; bg_image_animation=&#8221;none&#8221;][vc_column column_padding=&#8221;no-extra-padding&#8221; column_padding_tablet=&#8221;inherit&#8221; column_padding_phone=&#8221;inherit&#8221; column_padding_position=&#8221;all&#8221; background_color_opacity=&#8221;1&#8243; background_hover_color_opacity=&#8221;1&#8243; column_shadow=&#8221;none&#8221; column_border_radius=&#8221;none&#8221; column_link_target=&#8221;_self&#8221; gradient_direction=&#8221;left_to_right&#8221; overlay_strength=&#8221;0.3&#8243; width=&#8221;1\/1&#8243; tablet_width_inherit=&#8221;default&#8221; tablet_text_alignment=&#8221;default&#8221;...\" \/>\n<meta property=\"og:url\" content=\"https:\/\/kb.greenway.sk\/pl\/elektromobilnosc\/posiadania-pojazdu-elektrycznego-w-budynku-wielorodzinnym-jest-niemozliwe\/\" \/>\n<meta property=\"og:site_name\" content=\"GreenWay\" \/>\n<meta property=\"article:modified_time\" content=\"2023-09-10T15:45:24+00:00\" \/>\n<meta name=\"twitter:card\" content=\"summary_large_image\" \/>\n<meta name=\"twitter:label1\" content=\"Written by\">\n\t<meta name=\"twitter:data1\" content=\"Samanta Piernicka\">\n\t<meta name=\"twitter:label2\" content=\"Est. reading time\">\n\t<meta name=\"twitter:data2\" content=\"2 minuty\">\n<script type=\"application\/ld+json\" class=\"yoast-schema-graph\">{\"@context\":\"https:\/\/schema.org\",\"@graph\":[{\"@type\":\"WebSite\",\"@id\":\"https:\/\/kb.greenway.sk\/#website\",\"url\":\"https:\/\/kb.greenway.sk\/\",\"name\":\"GreenWay\",\"description\":\"\",\"potentialAction\":[{\"@type\":\"SearchAction\",\"target\":\"https:\/\/kb.greenway.sk\/?s={search_term_string}\",\"query-input\":\"required name=search_term_string\"}],\"inLanguage\":\"pl-PL\"},{\"@type\":\"WebPage\",\"@id\":\"https:\/\/kb.greenway.sk\/pl\/elektromobilnosc\/posiadania-pojazdu-elektrycznego-w-budynku-wielorodzinnym-jest-niemozliwe\/#webpage\",\"url\":\"https:\/\/kb.greenway.sk\/pl\/elektromobilnosc\/posiadania-pojazdu-elektrycznego-w-budynku-wielorodzinnym-jest-niemozliwe\/\",\"name\":\"Posiadanie pojazdu elektrycznego w budynku wielorodzinnym jest niemo\\u017cliwe - GreenWay\",\"isPartOf\":{\"@id\":\"https:\/\/kb.greenway.sk\/#website\"},\"datePublished\":\"2021-04-09T13:10:06+00:00\",\"dateModified\":\"2023-09-10T15:45:24+00:00\",\"breadcrumb\":{\"@id\":\"https:\/\/kb.greenway.sk\/pl\/elektromobilnosc\/posiadania-pojazdu-elektrycznego-w-budynku-wielorodzinnym-jest-niemozliwe\/#breadcrumb\"},\"inLanguage\":\"pl-PL\",\"potentialAction\":[{\"@type\":\"ReadAction\",\"target\":[\"https:\/\/kb.greenway.sk\/pl\/elektromobilnosc\/posiadania-pojazdu-elektrycznego-w-budynku-wielorodzinnym-jest-niemozliwe\/\"]}]},{\"@type\":\"BreadcrumbList\",\"@id\":\"https:\/\/kb.greenway.sk\/pl\/elektromobilnosc\/posiadania-pojazdu-elektrycznego-w-budynku-wielorodzinnym-jest-niemozliwe\/#breadcrumb\",\"itemListElement\":[{\"@type\":\"ListItem\",\"position\":1,\"item\":{\"@type\":\"WebPage\",\"@id\":\"https:\/\/kb.greenway.sk\/pl\/\",\"url\":\"https:\/\/kb.greenway.sk\/pl\/\",\"name\":\"Knowledge base\"}},{\"@type\":\"ListItem\",\"position\":2,\"item\":{\"@type\":\"WebPage\",\"@id\":\"https:\/\/kb.greenway.sk\/pl\/elektromobilnosc\/\",\"url\":\"https:\/\/kb.greenway.sk\/pl\/elektromobilnosc\/\",\"name\":\"Elektromobilno\\u015b\\u0107\"}},{\"@type\":\"ListItem\",\"position\":3,\"item\":{\"@type\":\"WebPage\",\"@id\":\"https:\/\/kb.greenway.sk\/pl\/elektromobilnosc\/posiadania-pojazdu-elektrycznego-w-budynku-wielorodzinnym-jest-niemozliwe\/\",\"url\":\"https:\/\/kb.greenway.sk\/pl\/elektromobilnosc\/posiadania-pojazdu-elektrycznego-w-budynku-wielorodzinnym-jest-niemozliwe\/\",\"name\":\"Posiadanie pojazdu elektrycznego w budynku wielorodzinnym jest niemo\\u017cliwe\"}}]}]}<\/script>\n<!-- \/ Yoast SEO plugin. -->","_links":{"self":[{"href":"https:\/\/kb.greenway.sk\/pl\/wp-json\/wp\/v2\/pages\/1442\/"}],"collection":[{"href":"https:\/\/kb.greenway.sk\/pl\/wp-json\/wp\/v2\/pages\/"}],"about":[{"href":"https:\/\/kb.greenway.sk\/pl\/wp-json\/wp\/v2\/types\/page\/"}],"author":[{"embeddable":true,"href":"https:\/\/kb.greenway.sk\/pl\/wp-json\/wp\/v2\/users\/4\/"}],"replies":[{"embeddable":true,"href":"https:\/\/kb.greenway.sk\/pl\/wp-json\/wp\/v2\/comments\/?post=1442"}],"version-history":[{"count":7,"href":"https:\/\/kb.greenway.sk\/pl\/wp-json\/wp\/v2\/pages\/1442\/revisions\/"}],"predecessor-version":[{"id":2027,"href":"https:\/\/kb.greenway.sk\/pl\/wp-json\/wp\/v2\/pages\/1442\/revisions\/2027\/"}],"up":[{"embeddable":true,"href":"https:\/\/kb.greenway.sk\/pl\/wp-json\/wp\/v2\/pages\/659\/"}],"wp:attachment":[{"href":"https:\/\/kb.greenway.sk\/pl\/wp-json\/wp\/v2\/media\/?parent=1442"}],"curies":[{"name":"wp","href":"https:\/\/api.w.org\/{rel}","templated":true}]}}