{"id":1427,"date":"2021-04-09T14:19:04","date_gmt":"2021-04-09T12:19:04","guid":{"rendered":"https:\/\/kb.greenway.sk\/?page_id=1427"},"modified":"2023-09-10T17:34:24","modified_gmt":"2023-09-10T15:34:24","slug":"samochody-elektryczne-nie-moga-byc-uzywane-w-ekstremalnych-temperaturach","status":"publish","type":"page","link":"https:\/\/kb.greenway.sk\/pl\/elektromobilnosc\/samochody-elektryczne-nie-moga-byc-uzywane-w-ekstremalnych-temperaturach\/","title":{"rendered":"Samochody elektryczne nie mog\u0105 by\u0107 u\u017cywane w ekstremalnych temperaturach"},"content":{"rendered":"[vc_row type=&#8221;in_container&#8221; full_screen_row_position=&#8221;middle&#8221; column_margin=&#8221;default&#8221; column_direction=&#8221;default&#8221; column_direction_tablet=&#8221;default&#8221; column_direction_phone=&#8221;default&#8221; scene_position=&#8221;center&#8221; text_color=&#8221;dark&#8221; text_align=&#8221;left&#8221; row_border_radius=&#8221;none&#8221; row_border_radius_applies=&#8221;bg&#8221; overlay_strength=&#8221;0.3&#8243; gradient_direction=&#8221;left_to_right&#8221; shape_divider_position=&#8221;bottom&#8221; bg_image_animation=&#8221;none&#8221;][vc_column column_padding=&#8221;no-extra-padding&#8221; column_padding_tablet=&#8221;inherit&#8221; column_padding_phone=&#8221;inherit&#8221; column_padding_position=&#8221;all&#8221; background_color_opacity=&#8221;1&#8243; background_hover_color_opacity=&#8221;1&#8243; column_shadow=&#8221;none&#8221; column_border_radius=&#8221;none&#8221; column_link_target=&#8221;_self&#8221; gradient_direction=&#8221;left_to_right&#8221; overlay_strength=&#8221;0.3&#8243; width=&#8221;1\/1&#8243; tablet_width_inherit=&#8221;default&#8221; tablet_text_alignment=&#8221;default&#8221; phone_text_alignment=&#8221;default&#8221; column_border_width=&#8221;none&#8221; column_border_style=&#8221;solid&#8221; bg_image_animation=&#8221;none&#8221;][vc_column_text el_class=&#8221;page-title&#8221;]\n<h1>Samochody elektryczne nie mog\u0105 by\u0107 u\u017cywane w ekstremalnych temperaturach<\/h1>\n[\/vc_column_text][vc_column_text]<strong>Samochody elektryczne nie mog\u0105 by\u0107 u\u017cywane w ekstremalnych temperaturach<\/strong><\/p>\n<p>Samochody elektryczne mo\u017cna u\u017cytkowa\u0107 przy ka\u017cdej pogodzie, jednak zim\u0105 nale\u017cy liczy\u0107 si\u0119 ze zmniejszonym zasi\u0119giem. Chocia\u017c istniej\u0105 techniki, kt\u00f3re pozwalaj\u0105 na jak najmniejsz\u0105 utrat\u0119 poziomu baterii (Co wp\u0142ywa na szybko\u015b\u0107 \u0142adowania? \u2013 <a href=\"https:\/\/kb.greenway.sk\/pl\/ladowanie\/co-wplywa-na-szybkosc-ladowania\/\">dowiedz si\u0119 wi\u0119cej<\/a>).<\/p>\n<p>Na pojemno\u015b\u0107 baterii wp\u0142ywa g\u0142\u00f3wnie zimno. Jak we wszystkich kwestiach, kluczowy jest rodzaj akumulatora i pojazdu. W dni, gdy temperatura znacz\u0105co spada, zasi\u0119g niekt\u00f3rych samochod\u00f3w elektrycznych mo\u017ce si\u0119 zmniejszy\u0107 nawet o 30%. G\u0142\u00f3wnym czynnikiem maj\u0105cym na to wp\u0142yw jest dzia\u0142aj\u0105ce ogrzewanie.<\/p>\n<p>Silniki spalinowe ze wzgl\u0119du na bardzo nisk\u0105 sprawno\u015b\u0107, wi\u0119kszo\u015b\u0107 wytwarzanej podczas spalania paliwa energii konwertuj\u0105 na ciep\u0142o. W nast\u0119pstwie niewielka ilo\u015b\u0107 tego ciep\u0142a trafia do kabiny pojazdu, gdzie wykorzystywana jest do jej ogrzania, a pozosta\u0142a ilo\u015b\u0107 \u2013 wi\u0119kszo\u015b\u0107 wytworzonego ciep\u0142a \u2013 uwalniania jest do otoczenia, tym samym marnowana. W silnikach elektrycznych ta wydajno\u015b\u0107 jest na znacznie wy\u017cszym poziomie, nie marnuj\u0105c tym samym energii. Jednak ciep\u0142o to musi by\u0107 wytwarzane z energii zmagazynowanej w akumulatorze, poprzez dogrzewanie elektryczne, co z kolei wp\u0142ywa na zasi\u0119g pojazdu, zmniejszaj\u0105c go.<\/p>\n<p>Spadek ten jest bardziej zauwa\u017calny w samochodach o ma\u0142ej pojemno\u015bci akumulatora, poniewa\u017c ilo\u015b\u0107 energii potrzebnej do ogrzania ma\u0142ej lub wi\u0119kszej kabiny nie r\u00f3\u017cni si\u0119 zbytnio. Ciekawostk\u0105 jest fakt, \u017ce ciep\u0142o zaczyna si\u0119 generowa\u0107 w samochodzie elektrycznym zaraz po rozpocz\u0119ciu jazdy i nie trzeba czeka\u0107 na rozgrzanie si\u0119 silnika. A to zdecydowanie stoi w opozycji do klasycznych spalin\u00f3wek, gdzie ogrzewanie kabiny zajmuje kilka dobrych minut, a w starszych modelach trwa do kilkunastu minut.[\/vc_column_text][\/vc_column][\/vc_row][vc_row type=&#8221;in_container&#8221; full_screen_row_position=&#8221;middle&#8221; column_margin=&#8221;default&#8221; column_direction=&#8221;default&#8221; column_direction_tablet=&#8221;default&#8221; column_direction_phone=&#8221;default&#8221; scene_position=&#8221;center&#8221; text_color=&#8221;dark&#8221; text_align=&#8221;left&#8221; row_border_radius=&#8221;none&#8221; row_border_radius_applies=&#8221;bg&#8221; overlay_strength=&#8221;0.3&#8243; gradient_direction=&#8221;left_to_right&#8221; shape_divider_position=&#8221;bottom&#8221; bg_image_animation=&#8221;none&#8221;][vc_column column_padding=&#8221;no-extra-padding&#8221; column_padding_tablet=&#8221;inherit&#8221; column_padding_phone=&#8221;inherit&#8221; column_padding_position=&#8221;all&#8221; background_color_opacity=&#8221;1&#8243; background_hover_color_opacity=&#8221;1&#8243; column_shadow=&#8221;none&#8221; column_border_radius=&#8221;none&#8221; column_link_target=&#8221;_self&#8221; gradient_direction=&#8221;left_to_right&#8221; overlay_strength=&#8221;0.3&#8243; width=&#8221;1\/1&#8243; tablet_width_inherit=&#8221;default&#8221; tablet_text_alignment=&#8221;default&#8221; phone_text_alignment=&#8221;default&#8221; column_border_width=&#8221;none&#8221; column_border_style=&#8221;solid&#8221; bg_image_animation=&#8221;none&#8221;][\/vc_column][\/vc_row]\n","protected":false},"excerpt":{"rendered":"<p>[vc_row type=&#8221;in_container&#8221; full_screen_row_position=&#8221;middle&#8221; column_margin=&#8221;default&#8221; column_direction=&#8221;default&#8221; column_direction_tablet=&#8221;default&#8221; column_direction_phone=&#8221;default&#8221; scene_position=&#8221;center&#8221; text_color=&#8221;dark&#8221; text_align=&#8221;left&#8221; row_border_radius=&#8221;none&#8221; row_border_radius_applies=&#8221;bg&#8221; overlay_strength=&#8221;0.3&#8243; gradient_direction=&#8221;left_to_right&#8221; shape_divider_position=&#8221;bottom&#8221; bg_image_animation=&#8221;none&#8221;][vc_column column_padding=&#8221;no-extra-padding&#8221; column_padding_tablet=&#8221;inherit&#8221; column_padding_phone=&#8221;inherit&#8221; column_padding_position=&#8221;all&#8221; background_color_opacity=&#8221;1&#8243; background_hover_color_opacity=&#8221;1&#8243; column_shadow=&#8221;none&#8221; column_border_radius=&#8221;none&#8221; column_link_target=&#8221;_self&#8221; gradient_direction=&#8221;left_to_right&#8221; overlay_strength=&#8221;0.3&#8243; width=&#8221;1\/1&#8243; tablet_width_inherit=&#8221;default&#8221; tablet_text_alignment=&#8221;default&#8221;&#8230;<\/p>\n","protected":false},"author":4,"featured_media":0,"parent":659,"menu_order":0,"comment_status":"closed","ping_status":"closed","template":"","meta":[],"yoast_head":"<!-- This site is optimized with the Yoast SEO plugin v15.3 - https:\/\/yoast.com\/wordpress\/plugins\/seo\/ -->\n<title>Samochody elektryczne nie mog\u0105 by\u0107 u\u017cywane w ekstremalnych temperaturach - GreenWay<\/title>\n<meta name=\"robots\" content=\"index, follow, max-snippet:-1, max-image-preview:large, max-video-preview:-1\" \/>\n<link rel=\"canonical\" href=\"https:\/\/kb.greenway.sk\/pl\/elektromobilnosc\/samochody-elektryczne-nie-moga-byc-uzywane-w-ekstremalnych-temperaturach\/\" \/>\n<meta property=\"og:locale\" content=\"pl_PL\" \/>\n<meta property=\"og:type\" content=\"article\" \/>\n<meta property=\"og:title\" content=\"Samochody elektryczne nie mog\u0105 by\u0107 u\u017cywane w ekstremalnych temperaturach - GreenWay\" \/>\n<meta property=\"og:description\" content=\"[vc_row type=&#8221;in_container&#8221; full_screen_row_position=&#8221;middle&#8221; column_margin=&#8221;default&#8221; column_direction=&#8221;default&#8221; column_direction_tablet=&#8221;default&#8221; column_direction_phone=&#8221;default&#8221; scene_position=&#8221;center&#8221; text_color=&#8221;dark&#8221; text_align=&#8221;left&#8221; row_border_radius=&#8221;none&#8221; row_border_radius_applies=&#8221;bg&#8221; overlay_strength=&#8221;0.3&#8243; gradient_direction=&#8221;left_to_right&#8221; shape_divider_position=&#8221;bottom&#8221; bg_image_animation=&#8221;none&#8221;][vc_column column_padding=&#8221;no-extra-padding&#8221; column_padding_tablet=&#8221;inherit&#8221; column_padding_phone=&#8221;inherit&#8221; column_padding_position=&#8221;all&#8221; background_color_opacity=&#8221;1&#8243; background_hover_color_opacity=&#8221;1&#8243; column_shadow=&#8221;none&#8221; column_border_radius=&#8221;none&#8221; column_link_target=&#8221;_self&#8221; gradient_direction=&#8221;left_to_right&#8221; overlay_strength=&#8221;0.3&#8243; width=&#8221;1\/1&#8243; tablet_width_inherit=&#8221;default&#8221; tablet_text_alignment=&#8221;default&#8221;...\" \/>\n<meta property=\"og:url\" content=\"https:\/\/kb.greenway.sk\/pl\/elektromobilnosc\/samochody-elektryczne-nie-moga-byc-uzywane-w-ekstremalnych-temperaturach\/\" \/>\n<meta property=\"og:site_name\" content=\"GreenWay\" \/>\n<meta property=\"article:modified_time\" content=\"2023-09-10T15:34:24+00:00\" \/>\n<meta name=\"twitter:card\" content=\"summary_large_image\" \/>\n<meta name=\"twitter:label1\" content=\"Written by\">\n\t<meta name=\"twitter:data1\" content=\"Samanta Piernicka\">\n\t<meta name=\"twitter:label2\" content=\"Est. reading time\">\n\t<meta name=\"twitter:data2\" content=\"2 minuty\">\n<script type=\"application\/ld+json\" class=\"yoast-schema-graph\">{\"@context\":\"https:\/\/schema.org\",\"@graph\":[{\"@type\":\"WebSite\",\"@id\":\"https:\/\/kb.greenway.sk\/#website\",\"url\":\"https:\/\/kb.greenway.sk\/\",\"name\":\"GreenWay\",\"description\":\"\",\"potentialAction\":[{\"@type\":\"SearchAction\",\"target\":\"https:\/\/kb.greenway.sk\/?s={search_term_string}\",\"query-input\":\"required name=search_term_string\"}],\"inLanguage\":\"pl-PL\"},{\"@type\":\"WebPage\",\"@id\":\"https:\/\/kb.greenway.sk\/pl\/elektromobilnosc\/samochody-elektryczne-nie-moga-byc-uzywane-w-ekstremalnych-temperaturach\/#webpage\",\"url\":\"https:\/\/kb.greenway.sk\/pl\/elektromobilnosc\/samochody-elektryczne-nie-moga-byc-uzywane-w-ekstremalnych-temperaturach\/\",\"name\":\"Samochody elektryczne nie mog\\u0105 by\\u0107 u\\u017cywane w ekstremalnych temperaturach - GreenWay\",\"isPartOf\":{\"@id\":\"https:\/\/kb.greenway.sk\/#website\"},\"datePublished\":\"2021-04-09T12:19:04+00:00\",\"dateModified\":\"2023-09-10T15:34:24+00:00\",\"breadcrumb\":{\"@id\":\"https:\/\/kb.greenway.sk\/pl\/elektromobilnosc\/samochody-elektryczne-nie-moga-byc-uzywane-w-ekstremalnych-temperaturach\/#breadcrumb\"},\"inLanguage\":\"pl-PL\",\"potentialAction\":[{\"@type\":\"ReadAction\",\"target\":[\"https:\/\/kb.greenway.sk\/pl\/elektromobilnosc\/samochody-elektryczne-nie-moga-byc-uzywane-w-ekstremalnych-temperaturach\/\"]}]},{\"@type\":\"BreadcrumbList\",\"@id\":\"https:\/\/kb.greenway.sk\/pl\/elektromobilnosc\/samochody-elektryczne-nie-moga-byc-uzywane-w-ekstremalnych-temperaturach\/#breadcrumb\",\"itemListElement\":[{\"@type\":\"ListItem\",\"position\":1,\"item\":{\"@type\":\"WebPage\",\"@id\":\"https:\/\/kb.greenway.sk\/pl\/\",\"url\":\"https:\/\/kb.greenway.sk\/pl\/\",\"name\":\"Knowledge base\"}},{\"@type\":\"ListItem\",\"position\":2,\"item\":{\"@type\":\"WebPage\",\"@id\":\"https:\/\/kb.greenway.sk\/pl\/elektromobilnosc\/\",\"url\":\"https:\/\/kb.greenway.sk\/pl\/elektromobilnosc\/\",\"name\":\"Elektromobilno\\u015b\\u0107\"}},{\"@type\":\"ListItem\",\"position\":3,\"item\":{\"@type\":\"WebPage\",\"@id\":\"https:\/\/kb.greenway.sk\/pl\/elektromobilnosc\/samochody-elektryczne-nie-moga-byc-uzywane-w-ekstremalnych-temperaturach\/\",\"url\":\"https:\/\/kb.greenway.sk\/pl\/elektromobilnosc\/samochody-elektryczne-nie-moga-byc-uzywane-w-ekstremalnych-temperaturach\/\",\"name\":\"Samochody elektryczne nie mog\\u0105 by\\u0107 u\\u017cywane w ekstremalnych temperaturach\"}}]}]}<\/script>\n<!-- \/ Yoast SEO plugin. -->","_links":{"self":[{"href":"https:\/\/kb.greenway.sk\/pl\/wp-json\/wp\/v2\/pages\/1427\/"}],"collection":[{"href":"https:\/\/kb.greenway.sk\/pl\/wp-json\/wp\/v2\/pages\/"}],"about":[{"href":"https:\/\/kb.greenway.sk\/pl\/wp-json\/wp\/v2\/types\/page\/"}],"author":[{"embeddable":true,"href":"https:\/\/kb.greenway.sk\/pl\/wp-json\/wp\/v2\/users\/4\/"}],"replies":[{"embeddable":true,"href":"https:\/\/kb.greenway.sk\/pl\/wp-json\/wp\/v2\/comments\/?post=1427"}],"version-history":[{"count":14,"href":"https:\/\/kb.greenway.sk\/pl\/wp-json\/wp\/v2\/pages\/1427\/revisions\/"}],"predecessor-version":[{"id":2016,"href":"https:\/\/kb.greenway.sk\/pl\/wp-json\/wp\/v2\/pages\/1427\/revisions\/2016\/"}],"up":[{"embeddable":true,"href":"https:\/\/kb.greenway.sk\/pl\/wp-json\/wp\/v2\/pages\/659\/"}],"wp:attachment":[{"href":"https:\/\/kb.greenway.sk\/pl\/wp-json\/wp\/v2\/media\/?parent=1427"}],"curies":[{"name":"wp","href":"https:\/\/api.w.org\/{rel}","templated":true}]}}