{"id":1422,"date":"2021-04-09T14:16:26","date_gmt":"2021-04-09T12:16:26","guid":{"rendered":"https:\/\/kb.greenway.sk\/?page_id=1422"},"modified":"2023-09-10T18:28:59","modified_gmt":"2023-09-10T16:28:59","slug":"ladowanie-to-zbyt-dlugi-proces","status":"publish","type":"page","link":"https:\/\/kb.greenway.sk\/pl\/elektromobilnosc\/ladowanie-to-zbyt-dlugi-proces\/","title":{"rendered":"\u0141adowanie elektryka to zbyt d\u0142ugi proces"},"content":{"rendered":"[vc_row type=&#8221;in_container&#8221; full_screen_row_position=&#8221;middle&#8221; column_margin=&#8221;default&#8221; column_direction=&#8221;default&#8221; column_direction_tablet=&#8221;default&#8221; column_direction_phone=&#8221;default&#8221; scene_position=&#8221;center&#8221; text_color=&#8221;dark&#8221; text_align=&#8221;left&#8221; row_border_radius=&#8221;none&#8221; row_border_radius_applies=&#8221;bg&#8221; overlay_strength=&#8221;0.3&#8243; gradient_direction=&#8221;left_to_right&#8221; shape_divider_position=&#8221;bottom&#8221; bg_image_animation=&#8221;none&#8221;][vc_column column_padding=&#8221;no-extra-padding&#8221; column_padding_tablet=&#8221;inherit&#8221; column_padding_phone=&#8221;inherit&#8221; column_padding_position=&#8221;all&#8221; background_color_opacity=&#8221;1&#8243; background_hover_color_opacity=&#8221;1&#8243; column_shadow=&#8221;none&#8221; column_border_radius=&#8221;none&#8221; column_link_target=&#8221;_self&#8221; gradient_direction=&#8221;left_to_right&#8221; overlay_strength=&#8221;0.3&#8243; width=&#8221;1\/1&#8243; tablet_width_inherit=&#8221;default&#8221; tablet_text_alignment=&#8221;default&#8221; phone_text_alignment=&#8221;default&#8221; column_border_width=&#8221;none&#8221; column_border_style=&#8221;solid&#8221; bg_image_animation=&#8221;none&#8221;][vc_column_text el_class=&#8221;page-title&#8221;]\n<h1>\u0141adowanie elektryka to zbyt d\u0142ugi proces<\/h1>\n[\/vc_column_text][vc_column_text]\u0141adowanie pojazdu elektrycznego zasadniczo r\u00f3\u017cni si\u0119 od tankowania pojazdu z nap\u0119dem tradycyjnym. Oczywi\u015bcie m\u00f3wimy tu o dw\u00f3ch r\u00f3\u017cnych technologiach, jednak najistotniejsz\u0105 r\u00f3\u017cnic\u0119 stanowi podej\u015bcie do samego procesu \u0142adowania. (Samoch\u00f3d elektryczny, a spalinowy \u2013 dowiedz si\u0119 wi\u0119cej).<\/p>\n<p>Tankowanie pojazdu z nap\u0119dem tradycyjnym zajmuje zazwyczaj nie wi\u0119cej ni\u017c 2-3 minuty, wi\u0119c jeste\u015bmy nastawieni na jak najszybszy powr\u00f3t na tras\u0119. Z pojazdem elektrycznym oczywi\u015bcie jest inaczej. Tu m\u00f3wimy o \u0142adowaniu w 15 minut lub w ponad 11 godzin.<\/p>\n<p>Przede wszystkim nale\u017cy zaznaczy\u0107, \u017ce wbrew pozorom \u0142adowanie pojazdu z nap\u0119dem elektrycznym g\u0142\u00f3wnie nie odbywa si\u0119 na odosobnionych stacjach benzynowych. Statystyki pokazuj\u0105, \u017ce w 90% przypadk\u00f3w, taki pojazd jest \u0142adowany w trakcie, gdy my wykonujemy inne czynno\u015bci \u2013 kupujemy, pracujemy, lub odpoczywamy po powrocie z pracy do domu. \u0141adowanie jest zatem czynno\u015bci\u0105 drugorz\u0119dn\u0105 i tylko w 10% przypadk\u00f3w wykonywane jest jako g\u0142\u00f3wna czynno\u015b\u0107 docelowa.<\/p>\n<p>80% \u0142adowania odbywa si\u0119 w domu lub w pracy, 20% w publicznej sieci \u0142adowania, a z tych 20% wspomniane powy\u017cej 10% w tzw. punktach tranzytowych, gdzie kierowca musi jak najszybciej na\u0142adowa\u0107 sw\u00f3j pojazd, zwykle na szybkich stacjach \u0142adowania. Z tego te\u017c powodu, coraz wi\u0119cej stacji znajduje si\u0119 przy g\u0142\u00f3wnych drogach, a ich moce oscyluj\u0105 na poziomie od 50 kW, si\u0119gaj\u0105c nawet 350 kW. Bior\u0105c zatem na przyk\u0142ad stacj\u0119 o mocy 150 kW, jeste\u015bmy w stanie na\u0142adowa\u0107 na niej nasz pojazd do efektywnego poziomu (80%) w oko\u0142o 15 minut, podczas gdy na stacjach o mocy 50 kW na\u0142adowanie do takiego samego poziomu zajmie nam oko\u0142o 30 minut.<\/p>\n<p>Dodatkowo moc \u0142adowania zale\u017cy mi\u0119dzy innymi od takich czynnik\u00f3w jak:<\/p>\n<ul>\n<li>od jakiego poziomu na\u0142adowania zacz\u0119li\u015bmy i do jakiego poziomu planujemy \u0142adowanie,<\/li>\n<li>z jak\u0105 moc\u0105 mo\u017ce \u0142adowa\u0107 si\u0119 Tw\u00f3j pojazd,<\/li>\n<li>jaka jest temperatura na zewn\u0105trz.<\/li>\n<\/ul>\n<p>Bior\u0105c zatem pod uwag\u0119 powy\u017csze, \u0142adowanie pojazdu nie musi by\u0107 d\u0142ugotrwa\u0142ym procesem, podczas kt\u00f3rego oczekujemy niecierpliwie na jego zako\u0144czenie (Co wp\u0142ywa na szybko\u015b\u0107 \u0142adowania? \u2013 <a href=\"https:\/\/kb.greenway.sk\/pl\/ladowanie\/co-wplywa-na-szybkosc-ladowania\/\">dowiedz si\u0119 wi\u0119cej<\/a>). Powinno by\u0107 czynno\u015bci\u0105, kt\u00f3ra odbywa si\u0119 w tym samym czasie gdy my jeste\u015bmy skupieni na naszych codziennych dzia\u0142aniach, a b\u0119d\u0105c w trasie auto mo\u017cemy ju\u017c spokojnie na\u0142adowa\u0107 podczas przerwy na kaw\u0119.[\/vc_column_text][\/vc_column][\/vc_row][vc_row type=&#8221;in_container&#8221; full_screen_row_position=&#8221;middle&#8221; column_margin=&#8221;default&#8221; column_direction=&#8221;default&#8221; column_direction_tablet=&#8221;default&#8221; column_direction_phone=&#8221;default&#8221; scene_position=&#8221;center&#8221; text_color=&#8221;dark&#8221; text_align=&#8221;left&#8221; row_border_radius=&#8221;none&#8221; row_border_radius_applies=&#8221;bg&#8221; overlay_strength=&#8221;0.3&#8243; gradient_direction=&#8221;left_to_right&#8221; shape_divider_position=&#8221;bottom&#8221; bg_image_animation=&#8221;none&#8221;][vc_column column_padding=&#8221;no-extra-padding&#8221; column_padding_tablet=&#8221;inherit&#8221; column_padding_phone=&#8221;inherit&#8221; column_padding_position=&#8221;all&#8221; background_color_opacity=&#8221;1&#8243; background_hover_color_opacity=&#8221;1&#8243; column_shadow=&#8221;none&#8221; column_border_radius=&#8221;none&#8221; column_link_target=&#8221;_self&#8221; gradient_direction=&#8221;left_to_right&#8221; overlay_strength=&#8221;0.3&#8243; width=&#8221;1\/1&#8243; tablet_width_inherit=&#8221;default&#8221; tablet_text_alignment=&#8221;default&#8221; phone_text_alignment=&#8221;default&#8221; column_border_width=&#8221;none&#8221; column_border_style=&#8221;solid&#8221; bg_image_animation=&#8221;none&#8221;][\/vc_column][\/vc_row]\n","protected":false},"excerpt":{"rendered":"<p>[vc_row type=&#8221;in_container&#8221; full_screen_row_position=&#8221;middle&#8221; column_margin=&#8221;default&#8221; column_direction=&#8221;default&#8221; column_direction_tablet=&#8221;default&#8221; column_direction_phone=&#8221;default&#8221; scene_position=&#8221;center&#8221; text_color=&#8221;dark&#8221; text_align=&#8221;left&#8221; row_border_radius=&#8221;none&#8221; row_border_radius_applies=&#8221;bg&#8221; overlay_strength=&#8221;0.3&#8243; gradient_direction=&#8221;left_to_right&#8221; shape_divider_position=&#8221;bottom&#8221; bg_image_animation=&#8221;none&#8221;][vc_column column_padding=&#8221;no-extra-padding&#8221; column_padding_tablet=&#8221;inherit&#8221; column_padding_phone=&#8221;inherit&#8221; column_padding_position=&#8221;all&#8221; background_color_opacity=&#8221;1&#8243; background_hover_color_opacity=&#8221;1&#8243; column_shadow=&#8221;none&#8221; column_border_radius=&#8221;none&#8221; column_link_target=&#8221;_self&#8221; gradient_direction=&#8221;left_to_right&#8221; overlay_strength=&#8221;0.3&#8243; width=&#8221;1\/1&#8243; tablet_width_inherit=&#8221;default&#8221; tablet_text_alignment=&#8221;default&#8221;&#8230;<\/p>\n","protected":false},"author":4,"featured_media":0,"parent":659,"menu_order":0,"comment_status":"closed","ping_status":"closed","template":"","meta":[],"yoast_head":"<!-- This site is optimized with the Yoast SEO plugin v15.3 - https:\/\/yoast.com\/wordpress\/plugins\/seo\/ -->\n<title>\u0141adowanie elektryka to zbyt d\u0142ugi proces - GreenWay<\/title>\n<meta name=\"robots\" content=\"index, follow, max-snippet:-1, max-image-preview:large, max-video-preview:-1\" \/>\n<link rel=\"canonical\" href=\"https:\/\/kb.greenway.sk\/pl\/elektromobilnosc\/ladowanie-to-zbyt-dlugi-proces\/\" \/>\n<meta property=\"og:locale\" content=\"pl_PL\" \/>\n<meta property=\"og:type\" content=\"article\" \/>\n<meta property=\"og:title\" content=\"\u0141adowanie elektryka to zbyt d\u0142ugi proces - GreenWay\" \/>\n<meta property=\"og:description\" content=\"[vc_row type=&#8221;in_container&#8221; full_screen_row_position=&#8221;middle&#8221; column_margin=&#8221;default&#8221; column_direction=&#8221;default&#8221; column_direction_tablet=&#8221;default&#8221; column_direction_phone=&#8221;default&#8221; scene_position=&#8221;center&#8221; text_color=&#8221;dark&#8221; text_align=&#8221;left&#8221; row_border_radius=&#8221;none&#8221; row_border_radius_applies=&#8221;bg&#8221; overlay_strength=&#8221;0.3&#8243; gradient_direction=&#8221;left_to_right&#8221; shape_divider_position=&#8221;bottom&#8221; bg_image_animation=&#8221;none&#8221;][vc_column column_padding=&#8221;no-extra-padding&#8221; column_padding_tablet=&#8221;inherit&#8221; column_padding_phone=&#8221;inherit&#8221; column_padding_position=&#8221;all&#8221; background_color_opacity=&#8221;1&#8243; background_hover_color_opacity=&#8221;1&#8243; column_shadow=&#8221;none&#8221; column_border_radius=&#8221;none&#8221; column_link_target=&#8221;_self&#8221; gradient_direction=&#8221;left_to_right&#8221; overlay_strength=&#8221;0.3&#8243; width=&#8221;1\/1&#8243; tablet_width_inherit=&#8221;default&#8221; tablet_text_alignment=&#8221;default&#8221;...\" \/>\n<meta property=\"og:url\" content=\"https:\/\/kb.greenway.sk\/pl\/elektromobilnosc\/ladowanie-to-zbyt-dlugi-proces\/\" \/>\n<meta property=\"og:site_name\" content=\"GreenWay\" \/>\n<meta property=\"article:modified_time\" content=\"2023-09-10T16:28:59+00:00\" \/>\n<meta name=\"twitter:card\" content=\"summary_large_image\" \/>\n<meta name=\"twitter:label1\" content=\"Written by\">\n\t<meta name=\"twitter:data1\" content=\"Samanta Piernicka\">\n\t<meta name=\"twitter:label2\" content=\"Est. reading time\">\n\t<meta name=\"twitter:data2\" content=\"3 minuty\">\n<script type=\"application\/ld+json\" class=\"yoast-schema-graph\">{\"@context\":\"https:\/\/schema.org\",\"@graph\":[{\"@type\":\"WebSite\",\"@id\":\"https:\/\/kb.greenway.sk\/#website\",\"url\":\"https:\/\/kb.greenway.sk\/\",\"name\":\"GreenWay\",\"description\":\"\",\"potentialAction\":[{\"@type\":\"SearchAction\",\"target\":\"https:\/\/kb.greenway.sk\/?s={search_term_string}\",\"query-input\":\"required name=search_term_string\"}],\"inLanguage\":\"pl-PL\"},{\"@type\":\"WebPage\",\"@id\":\"https:\/\/kb.greenway.sk\/pl\/elektromobilnosc\/ladowanie-to-zbyt-dlugi-proces\/#webpage\",\"url\":\"https:\/\/kb.greenway.sk\/pl\/elektromobilnosc\/ladowanie-to-zbyt-dlugi-proces\/\",\"name\":\"\\u0141adowanie elektryka to zbyt d\\u0142ugi proces - GreenWay\",\"isPartOf\":{\"@id\":\"https:\/\/kb.greenway.sk\/#website\"},\"datePublished\":\"2021-04-09T12:16:26+00:00\",\"dateModified\":\"2023-09-10T16:28:59+00:00\",\"breadcrumb\":{\"@id\":\"https:\/\/kb.greenway.sk\/pl\/elektromobilnosc\/ladowanie-to-zbyt-dlugi-proces\/#breadcrumb\"},\"inLanguage\":\"pl-PL\",\"potentialAction\":[{\"@type\":\"ReadAction\",\"target\":[\"https:\/\/kb.greenway.sk\/pl\/elektromobilnosc\/ladowanie-to-zbyt-dlugi-proces\/\"]}]},{\"@type\":\"BreadcrumbList\",\"@id\":\"https:\/\/kb.greenway.sk\/pl\/elektromobilnosc\/ladowanie-to-zbyt-dlugi-proces\/#breadcrumb\",\"itemListElement\":[{\"@type\":\"ListItem\",\"position\":1,\"item\":{\"@type\":\"WebPage\",\"@id\":\"https:\/\/kb.greenway.sk\/pl\/\",\"url\":\"https:\/\/kb.greenway.sk\/pl\/\",\"name\":\"Knowledge base\"}},{\"@type\":\"ListItem\",\"position\":2,\"item\":{\"@type\":\"WebPage\",\"@id\":\"https:\/\/kb.greenway.sk\/pl\/elektromobilnosc\/\",\"url\":\"https:\/\/kb.greenway.sk\/pl\/elektromobilnosc\/\",\"name\":\"Elektromobilno\\u015b\\u0107\"}},{\"@type\":\"ListItem\",\"position\":3,\"item\":{\"@type\":\"WebPage\",\"@id\":\"https:\/\/kb.greenway.sk\/pl\/elektromobilnosc\/ladowanie-to-zbyt-dlugi-proces\/\",\"url\":\"https:\/\/kb.greenway.sk\/pl\/elektromobilnosc\/ladowanie-to-zbyt-dlugi-proces\/\",\"name\":\"\\u0141adowanie elektryka to zbyt d\\u0142ugi proces\"}}]}]}<\/script>\n<!-- \/ Yoast SEO plugin. -->","_links":{"self":[{"href":"https:\/\/kb.greenway.sk\/pl\/wp-json\/wp\/v2\/pages\/1422\/"}],"collection":[{"href":"https:\/\/kb.greenway.sk\/pl\/wp-json\/wp\/v2\/pages\/"}],"about":[{"href":"https:\/\/kb.greenway.sk\/pl\/wp-json\/wp\/v2\/types\/page\/"}],"author":[{"embeddable":true,"href":"https:\/\/kb.greenway.sk\/pl\/wp-json\/wp\/v2\/users\/4\/"}],"replies":[{"embeddable":true,"href":"https:\/\/kb.greenway.sk\/pl\/wp-json\/wp\/v2\/comments\/?post=1422"}],"version-history":[{"count":9,"href":"https:\/\/kb.greenway.sk\/pl\/wp-json\/wp\/v2\/pages\/1422\/revisions\/"}],"predecessor-version":[{"id":2068,"href":"https:\/\/kb.greenway.sk\/pl\/wp-json\/wp\/v2\/pages\/1422\/revisions\/2068\/"}],"up":[{"embeddable":true,"href":"https:\/\/kb.greenway.sk\/pl\/wp-json\/wp\/v2\/pages\/659\/"}],"wp:attachment":[{"href":"https:\/\/kb.greenway.sk\/pl\/wp-json\/wp\/v2\/media\/?parent=1422"}],"curies":[{"name":"wp","href":"https:\/\/api.w.org\/{rel}","templated":true}]}}