{"id":1405,"date":"2021-04-09T14:12:03","date_gmt":"2021-04-09T12:12:03","guid":{"rendered":"https:\/\/kb.greenway.sk\/?page_id=1405"},"modified":"2023-09-10T18:28:10","modified_gmt":"2023-09-10T16:28:10","slug":"stacji-ladowania-jest-wciaz-zbyt-malo","status":"publish","type":"page","link":"https:\/\/kb.greenway.sk\/pl\/elektromobilnosc\/stacji-ladowania-jest-wciaz-zbyt-malo\/","title":{"rendered":"Stacji \u0142adowania jest wci\u0105\u017c zbyt ma\u0142o"},"content":{"rendered":"[vc_row type=&#8221;in_container&#8221; full_screen_row_position=&#8221;middle&#8221; column_margin=&#8221;default&#8221; column_direction=&#8221;default&#8221; column_direction_tablet=&#8221;default&#8221; column_direction_phone=&#8221;default&#8221; scene_position=&#8221;center&#8221; text_color=&#8221;dark&#8221; text_align=&#8221;left&#8221; row_border_radius=&#8221;none&#8221; row_border_radius_applies=&#8221;bg&#8221; overlay_strength=&#8221;0.3&#8243; gradient_direction=&#8221;left_to_right&#8221; shape_divider_position=&#8221;bottom&#8221; bg_image_animation=&#8221;none&#8221;][vc_column column_padding=&#8221;no-extra-padding&#8221; column_padding_tablet=&#8221;inherit&#8221; column_padding_phone=&#8221;inherit&#8221; column_padding_position=&#8221;all&#8221; background_color_opacity=&#8221;1&#8243; background_hover_color_opacity=&#8221;1&#8243; column_shadow=&#8221;none&#8221; column_border_radius=&#8221;none&#8221; column_link_target=&#8221;_self&#8221; gradient_direction=&#8221;left_to_right&#8221; overlay_strength=&#8221;0.3&#8243; width=&#8221;1\/1&#8243; tablet_width_inherit=&#8221;default&#8221; tablet_text_alignment=&#8221;default&#8221; phone_text_alignment=&#8221;default&#8221; column_border_width=&#8221;none&#8221; column_border_style=&#8221;solid&#8221; bg_image_animation=&#8221;none&#8221;][vc_column_text el_class=&#8221;page-title&#8221;]\n<h1>Stacji \u0142adowania jest wci\u0105\u017c zbyt ma\u0142o<\/h1>\n[\/vc_column_text][vc_column_text]Infrastruktura \u0142adowania w Polsce wci\u0105\u017c si\u0119 rozwija. Paradoksalnie, mimo \u017ce wci\u0105\u017c jeste\u015bmy na pocz\u0105tku jej rozbudowy, to zdecydowanie posiadamy jeden z wy\u017cszych wsp\u00f3\u0142czynnik\u00f3w dotycz\u0105cych ilo\u015bci \u0142adowarek do liczby pojazd\u00f3w elektrycznych.<\/p>\n<p>Na jeden punkt \u0142adowania w Polsce przypada oko\u0142o siedmiu w pe\u0142ni elektrycznych pojazd\u00f3w, a 31% wszystkich stacji \u0142adowania stanowi\u0105 stacje DC. Por\u00f3wnuj\u0105c liczb\u0119 og\u00f3lnych stacji posiadamy 2680, podczas kiedy w Zjednoczonym Kr\u00f3lestwie Niderland\u00f3w aktualnie znajdziemy 90284.<\/p>\n<p>Istotnym czynnikiem jest r\u00f3wnie\u017c stosunek powierzchni pa\u0144stwa do liczby stacji \u0142adowania, gdzie Polska plasuje si\u0119 w po\u0142owie stawki, a trzeba zaznaczy\u0107, \u017ce w ci\u0105gu ostatniego roku (2022-2023) przyby\u0142o ponad 630 stacji \u0142adowania.<\/p>\n<p><img loading=\"lazy\" class=\" wp-image-2008 aligncenter\" src=\"https:\/\/kb.greenway.sk\/wp-content\/uploads\/2023\/09\/stacje-ladowania-vs-powierzchnia-300x169.png\" alt=\"\" width=\"602\" height=\"339\" srcset=\"https:\/\/kb.greenway.sk\/wp-content\/uploads\/2023\/09\/stacje-ladowania-vs-powierzchnia-300x169.png 300w, https:\/\/kb.greenway.sk\/wp-content\/uploads\/2023\/09\/stacje-ladowania-vs-powierzchnia-1024x576.png 1024w, https:\/\/kb.greenway.sk\/wp-content\/uploads\/2023\/09\/stacje-ladowania-vs-powierzchnia-768x432.png 768w, https:\/\/kb.greenway.sk\/wp-content\/uploads\/2023\/09\/stacje-ladowania-vs-powierzchnia-1536x864.png 1536w, https:\/\/kb.greenway.sk\/wp-content\/uploads\/2023\/09\/stacje-ladowania-vs-powierzchnia.png 1920w\" sizes=\"(max-width: 602px) 100vw, 602px\" \/><\/p>\n<h6>\u0179r\u00f3d\u0142o: <a href=\"https:\/\/www.acea.auto\/press-release\/risk-of-two-track-europe-for-e-mobility-with-sharp-divisions-in-roll-out-of-chargers-auto-industry-warns\/\">https:\/\/www.acea.auto\/press-release\/risk-of-two-track-europe-for-e-mobility-with-sharp-divisions-in-roll-out-of-chargers-auto-industry-warns\/<\/a><\/h6>\n<p>Rozw\u00f3j infrastruktury \u0142adowania powinien by\u0107 adekwatny do wzrostu liczby samochod\u00f3w elektrycznych na drogach. Istotnym trendem jest rosn\u0105ce zainteresowanie stacjami \u0142adowania w\u015br\u00f3d podmiot\u00f3w nieb\u0119d\u0105cych operatorami sieci \u0142adowania. Dzi\u0119ki temu coraz wi\u0119cej publicznych stacji \u0142adowania mo\u017cemy znale\u017a\u0107 w \u015brodku miast, obok galerii handlowych, restauracji, na prywatnych parkingach lub te\u017c na terenie hoteli.<\/p>\n<p>Dodatkowo warto r\u00f3wnie\u017c podkre\u015bli\u0107, \u017ce najdogodniejszym miejscem do \u0142adowania pojazd\u00f3w elektrycznych jest miejsce zamieszkania oraz praca, gdzie mo\u017cemy pozostawi\u0107 pojazd na d\u0142u\u017cej. Publiczne stacje \u0142adowania s\u0142u\u017c\u0105 zatem do do\u0142adowania pojazdu w ci\u0105gu dnia lub podczas d\u0142u\u017cszych tras.<br \/>\nDu\u017co nale\u017cy jeszcze zrobi\u0107 w kierunku rozbudowy infrastruktury \u0142adowania, bior\u0105c pod uwag\u0119 predykcj\u0119 jej rozwoju w ci\u0105gu najbli\u017cszych kilku lat, jednak ju\u017c na dzi\u015b swobodna podr\u00f3\u017c autem elektrycznych jest mo\u017cliwa.<br \/>\nDodatkowo nowa dyrektywa AFIR (AFIR \u2013 <a href=\"https:\/\/www.consilium.europa.eu\/pl\/infographics\/fit-for-55-afir-alternative-fuels-infrastructure-regulation\/\">dowiedz si\u0119 wi\u0119cej<\/a>) przyspieszy rozw\u00f3j infrastruktury \u0142adowania, poprzez obowi\u0105zkow\u0105 budow\u0119 \u0142adowarek w ci\u0105gach komunikacyjnych przy drogach szybkiego ruchu i autostradach, rozlokowanych w ca\u0142ej UE.[\/vc_column_text][\/vc_column][\/vc_row][vc_row type=&#8221;in_container&#8221; full_screen_row_position=&#8221;middle&#8221; column_margin=&#8221;default&#8221; column_direction=&#8221;default&#8221; column_direction_tablet=&#8221;default&#8221; column_direction_phone=&#8221;default&#8221; scene_position=&#8221;center&#8221; text_color=&#8221;dark&#8221; text_align=&#8221;left&#8221; row_border_radius=&#8221;none&#8221; row_border_radius_applies=&#8221;bg&#8221; overlay_strength=&#8221;0.3&#8243; gradient_direction=&#8221;left_to_right&#8221; shape_divider_position=&#8221;bottom&#8221; bg_image_animation=&#8221;none&#8221;][vc_column column_padding=&#8221;no-extra-padding&#8221; column_padding_tablet=&#8221;inherit&#8221; column_padding_phone=&#8221;inherit&#8221; column_padding_position=&#8221;all&#8221; background_color_opacity=&#8221;1&#8243; background_hover_color_opacity=&#8221;1&#8243; column_shadow=&#8221;none&#8221; column_border_radius=&#8221;none&#8221; column_link_target=&#8221;_self&#8221; gradient_direction=&#8221;left_to_right&#8221; overlay_strength=&#8221;0.3&#8243; width=&#8221;1\/1&#8243; tablet_width_inherit=&#8221;default&#8221; tablet_text_alignment=&#8221;default&#8221; phone_text_alignment=&#8221;default&#8221; column_border_width=&#8221;none&#8221; column_border_style=&#8221;solid&#8221; bg_image_animation=&#8221;none&#8221;][\/vc_column][\/vc_row]\n","protected":false},"excerpt":{"rendered":"<p>[vc_row type=&#8221;in_container&#8221; full_screen_row_position=&#8221;middle&#8221; column_margin=&#8221;default&#8221; column_direction=&#8221;default&#8221; column_direction_tablet=&#8221;default&#8221; column_direction_phone=&#8221;default&#8221; scene_position=&#8221;center&#8221; text_color=&#8221;dark&#8221; text_align=&#8221;left&#8221; row_border_radius=&#8221;none&#8221; row_border_radius_applies=&#8221;bg&#8221; overlay_strength=&#8221;0.3&#8243; gradient_direction=&#8221;left_to_right&#8221; shape_divider_position=&#8221;bottom&#8221; bg_image_animation=&#8221;none&#8221;][vc_column column_padding=&#8221;no-extra-padding&#8221; column_padding_tablet=&#8221;inherit&#8221; column_padding_phone=&#8221;inherit&#8221; column_padding_position=&#8221;all&#8221; background_color_opacity=&#8221;1&#8243; background_hover_color_opacity=&#8221;1&#8243; column_shadow=&#8221;none&#8221; column_border_radius=&#8221;none&#8221; column_link_target=&#8221;_self&#8221; gradient_direction=&#8221;left_to_right&#8221; overlay_strength=&#8221;0.3&#8243; width=&#8221;1\/1&#8243; tablet_width_inherit=&#8221;default&#8221; tablet_text_alignment=&#8221;default&#8221;&#8230;<\/p>\n","protected":false},"author":4,"featured_media":0,"parent":659,"menu_order":0,"comment_status":"closed","ping_status":"closed","template":"","meta":[],"yoast_head":"<!-- This site is optimized with the Yoast SEO plugin v15.3 - https:\/\/yoast.com\/wordpress\/plugins\/seo\/ -->\n<title>Stacji \u0142adowania jest wci\u0105\u017c zbyt ma\u0142o - GreenWay<\/title>\n<meta name=\"robots\" content=\"index, follow, max-snippet:-1, max-image-preview:large, max-video-preview:-1\" \/>\n<link rel=\"canonical\" href=\"https:\/\/kb.greenway.sk\/pl\/elektromobilnosc\/stacji-ladowania-jest-wciaz-zbyt-malo\/\" \/>\n<meta property=\"og:locale\" content=\"pl_PL\" \/>\n<meta property=\"og:type\" content=\"article\" \/>\n<meta property=\"og:title\" content=\"Stacji \u0142adowania jest wci\u0105\u017c zbyt ma\u0142o - GreenWay\" \/>\n<meta property=\"og:description\" content=\"[vc_row type=&#8221;in_container&#8221; full_screen_row_position=&#8221;middle&#8221; column_margin=&#8221;default&#8221; column_direction=&#8221;default&#8221; column_direction_tablet=&#8221;default&#8221; column_direction_phone=&#8221;default&#8221; scene_position=&#8221;center&#8221; text_color=&#8221;dark&#8221; text_align=&#8221;left&#8221; row_border_radius=&#8221;none&#8221; row_border_radius_applies=&#8221;bg&#8221; overlay_strength=&#8221;0.3&#8243; gradient_direction=&#8221;left_to_right&#8221; shape_divider_position=&#8221;bottom&#8221; bg_image_animation=&#8221;none&#8221;][vc_column column_padding=&#8221;no-extra-padding&#8221; column_padding_tablet=&#8221;inherit&#8221; column_padding_phone=&#8221;inherit&#8221; column_padding_position=&#8221;all&#8221; background_color_opacity=&#8221;1&#8243; background_hover_color_opacity=&#8221;1&#8243; column_shadow=&#8221;none&#8221; column_border_radius=&#8221;none&#8221; column_link_target=&#8221;_self&#8221; gradient_direction=&#8221;left_to_right&#8221; overlay_strength=&#8221;0.3&#8243; width=&#8221;1\/1&#8243; tablet_width_inherit=&#8221;default&#8221; tablet_text_alignment=&#8221;default&#8221;...\" \/>\n<meta property=\"og:url\" content=\"https:\/\/kb.greenway.sk\/pl\/elektromobilnosc\/stacji-ladowania-jest-wciaz-zbyt-malo\/\" \/>\n<meta property=\"og:site_name\" content=\"GreenWay\" \/>\n<meta property=\"article:modified_time\" content=\"2023-09-10T16:28:10+00:00\" \/>\n<meta property=\"og:image\" content=\"https:\/\/kb.greenway.sk\/wp-content\/uploads\/2023\/09\/stacje-ladowania-vs-powierzchnia-300x169.png\" \/>\n<meta name=\"twitter:card\" content=\"summary_large_image\" \/>\n<meta name=\"twitter:label1\" content=\"Written by\">\n\t<meta name=\"twitter:data1\" content=\"Samanta Piernicka\">\n\t<meta name=\"twitter:label2\" content=\"Est. reading time\">\n\t<meta name=\"twitter:data2\" content=\"2 minuty\">\n<script type=\"application\/ld+json\" class=\"yoast-schema-graph\">{\"@context\":\"https:\/\/schema.org\",\"@graph\":[{\"@type\":\"WebSite\",\"@id\":\"https:\/\/kb.greenway.sk\/#website\",\"url\":\"https:\/\/kb.greenway.sk\/\",\"name\":\"GreenWay\",\"description\":\"\",\"potentialAction\":[{\"@type\":\"SearchAction\",\"target\":\"https:\/\/kb.greenway.sk\/?s={search_term_string}\",\"query-input\":\"required name=search_term_string\"}],\"inLanguage\":\"pl-PL\"},{\"@type\":\"ImageObject\",\"@id\":\"https:\/\/kb.greenway.sk\/pl\/elektromobilnosc\/stacji-ladowania-jest-wciaz-zbyt-malo\/#primaryimage\",\"inLanguage\":\"pl-PL\",\"url\":\"https:\/\/kb.greenway.sk\/wp-content\/uploads\/2023\/09\/stacje-ladowania-vs-powierzchnia.png\",\"width\":1920,\"height\":1080},{\"@type\":\"WebPage\",\"@id\":\"https:\/\/kb.greenway.sk\/pl\/elektromobilnosc\/stacji-ladowania-jest-wciaz-zbyt-malo\/#webpage\",\"url\":\"https:\/\/kb.greenway.sk\/pl\/elektromobilnosc\/stacji-ladowania-jest-wciaz-zbyt-malo\/\",\"name\":\"Stacji \\u0142adowania jest wci\\u0105\\u017c zbyt ma\\u0142o - GreenWay\",\"isPartOf\":{\"@id\":\"https:\/\/kb.greenway.sk\/#website\"},\"primaryImageOfPage\":{\"@id\":\"https:\/\/kb.greenway.sk\/pl\/elektromobilnosc\/stacji-ladowania-jest-wciaz-zbyt-malo\/#primaryimage\"},\"datePublished\":\"2021-04-09T12:12:03+00:00\",\"dateModified\":\"2023-09-10T16:28:10+00:00\",\"breadcrumb\":{\"@id\":\"https:\/\/kb.greenway.sk\/pl\/elektromobilnosc\/stacji-ladowania-jest-wciaz-zbyt-malo\/#breadcrumb\"},\"inLanguage\":\"pl-PL\",\"potentialAction\":[{\"@type\":\"ReadAction\",\"target\":[\"https:\/\/kb.greenway.sk\/pl\/elektromobilnosc\/stacji-ladowania-jest-wciaz-zbyt-malo\/\"]}]},{\"@type\":\"BreadcrumbList\",\"@id\":\"https:\/\/kb.greenway.sk\/pl\/elektromobilnosc\/stacji-ladowania-jest-wciaz-zbyt-malo\/#breadcrumb\",\"itemListElement\":[{\"@type\":\"ListItem\",\"position\":1,\"item\":{\"@type\":\"WebPage\",\"@id\":\"https:\/\/kb.greenway.sk\/pl\/\",\"url\":\"https:\/\/kb.greenway.sk\/pl\/\",\"name\":\"Knowledge base\"}},{\"@type\":\"ListItem\",\"position\":2,\"item\":{\"@type\":\"WebPage\",\"@id\":\"https:\/\/kb.greenway.sk\/pl\/elektromobilnosc\/\",\"url\":\"https:\/\/kb.greenway.sk\/pl\/elektromobilnosc\/\",\"name\":\"Elektromobilno\\u015b\\u0107\"}},{\"@type\":\"ListItem\",\"position\":3,\"item\":{\"@type\":\"WebPage\",\"@id\":\"https:\/\/kb.greenway.sk\/pl\/elektromobilnosc\/stacji-ladowania-jest-wciaz-zbyt-malo\/\",\"url\":\"https:\/\/kb.greenway.sk\/pl\/elektromobilnosc\/stacji-ladowania-jest-wciaz-zbyt-malo\/\",\"name\":\"Stacji \\u0142adowania jest wci\\u0105\\u017c zbyt ma\\u0142o\"}}]}]}<\/script>\n<!-- \/ Yoast SEO plugin. -->","_links":{"self":[{"href":"https:\/\/kb.greenway.sk\/pl\/wp-json\/wp\/v2\/pages\/1405\/"}],"collection":[{"href":"https:\/\/kb.greenway.sk\/pl\/wp-json\/wp\/v2\/pages\/"}],"about":[{"href":"https:\/\/kb.greenway.sk\/pl\/wp-json\/wp\/v2\/types\/page\/"}],"author":[{"embeddable":true,"href":"https:\/\/kb.greenway.sk\/pl\/wp-json\/wp\/v2\/users\/4\/"}],"replies":[{"embeddable":true,"href":"https:\/\/kb.greenway.sk\/pl\/wp-json\/wp\/v2\/comments\/?post=1405"}],"version-history":[{"count":11,"href":"https:\/\/kb.greenway.sk\/pl\/wp-json\/wp\/v2\/pages\/1405\/revisions\/"}],"predecessor-version":[{"id":2067,"href":"https:\/\/kb.greenway.sk\/pl\/wp-json\/wp\/v2\/pages\/1405\/revisions\/2067\/"}],"up":[{"embeddable":true,"href":"https:\/\/kb.greenway.sk\/pl\/wp-json\/wp\/v2\/pages\/659\/"}],"wp:attachment":[{"href":"https:\/\/kb.greenway.sk\/pl\/wp-json\/wp\/v2\/media\/?parent=1405"}],"curies":[{"name":"wp","href":"https:\/\/api.w.org\/{rel}","templated":true}]}}