{"id":1346,"date":"2021-04-08T14:48:09","date_gmt":"2021-04-08T12:48:09","guid":{"rendered":"https:\/\/kb.greenway.sk\/?page_id=1346"},"modified":"2023-09-10T17:37:59","modified_gmt":"2023-09-10T15:37:59","slug":"specyfikacja-dla-polski","status":"publish","type":"page","link":"https:\/\/kb.greenway.sk\/pl\/elektromobilnosc\/specyfikacja-dla-polski\/","title":{"rendered":"Specyfikacja dla Polski"},"content":{"rendered":"[vc_row type=&#8221;in_container&#8221; full_screen_row_position=&#8221;middle&#8221; column_margin=&#8221;default&#8221; column_direction=&#8221;default&#8221; column_direction_tablet=&#8221;default&#8221; column_direction_phone=&#8221;default&#8221; scene_position=&#8221;center&#8221; text_color=&#8221;dark&#8221; text_align=&#8221;left&#8221; row_border_radius=&#8221;none&#8221; row_border_radius_applies=&#8221;bg&#8221; overlay_strength=&#8221;0.3&#8243; gradient_direction=&#8221;left_to_right&#8221; shape_divider_position=&#8221;bottom&#8221; bg_image_animation=&#8221;none&#8221; css_animation=&#8221;&#8221; el_class=&#8221;page-title&#8221; el_id=&#8221;&#8221; css=&#8221;&#8221; max_width=&#8221;&#8221;][vc_column column_padding=&#8221;no-extra-padding&#8221; column_padding_tablet=&#8221;inherit&#8221; column_padding_phone=&#8221;inherit&#8221; column_padding_position=&#8221;all&#8221; background_color_opacity=&#8221;1&#8243; background_hover_color_opacity=&#8221;1&#8243; column_shadow=&#8221;none&#8221; column_border_radius=&#8221;none&#8221; column_link_target=&#8221;_self&#8221; gradient_direction=&#8221;left_to_right&#8221; overlay_strength=&#8221;0.3&#8243; width=&#8221;1\/1&#8243; tablet_width_inherit=&#8221;default&#8221; tablet_text_alignment=&#8221;default&#8221; phone_text_alignment=&#8221;default&#8221; column_border_width=&#8221;none&#8221; column_border_style=&#8221;solid&#8221; bg_image_animation=&#8221;none&#8221;][vc_column_text el_class=&#8221;page-title&#8221;]\n<h1>Najwa\u017cniejsze dokumenty prawne dotycz\u0105ce elektromobilno\u015bci<\/h1>\n[\/vc_column_text][vc_column_text]<strong>Najwa\u017cniejsze dokumenty prawne dotycz\u0105ce elektromobilno\u015bci<\/strong><\/p>\n<p><strong>Specyfikacja dla Polski<\/strong><\/p>\n<p>W lutym 2018 roku, w Polsce w \u017cycie wesz\u0142a ustawa dotycz\u0105ca elektromobilno\u015bci i paliw alternatywnych (\u201eUstawa\u201d). Ustawa ta jest pierwszym zbiorem przepis\u00f3w w Polsce, kt\u00f3re dotycz\u0105 kwestii elektromobilno\u015bci i maj\u0105 na celu promowanie elektromobilno\u015bci i pojazd\u00f3w nap\u0119dzanych paliwami alternatywnymi. Ustawa dokonuje transpozycji Dyrektywy Parlamentu Europejskiego i Rady 2014\/94\/UE z dnia 22 pa\u017adziernika 2014 r. w sprawie rozwoju infrastruktury paliw alternatywnych.<\/p>\n<p><strong>Nowelizacja<\/strong><\/p>\n<p>W dzienniku ustaw 23 maja 2022 r. opublikowano nowelizacj\u0119 tekstu jednolitego ustawy o elektromobilno\u015bci i paliwach alternatywnych z uwzgl\u0119dnionymi zmianami oraz przepisami og\u0142oszonymi przed 31 marca 2022 r.<\/p>\n<p><strong>\u015arodki administracyjne<\/strong><\/p>\n<p>Ustawa definiuje podstawowe poj\u0119cia, takie jak punkt \u0142adowania, stacja \u0142adowania, pojazd elektryczny oraz paliwa alternatywne. Ustanawia ramy dla budowy podstawowej infrastruktury paliw alternatywnych (w tym energii elektrycznej, LNG, CNG i wodoru). Zgodnie z przepisami ustawy pozwolenie na budow\u0119 nie b\u0119dzie wymagane w przypadku stacji \u0142adowania lub punkt\u00f3w \u0142adowania. Ustawa stanowi r\u00f3wnie\u017c, \u017ce \u0142adowanie pojazd\u00f3w elektrycznych nie powinno by\u0107 traktowane jako sprzeda\u017c energii elektrycznej w rozumieniu ustawy Prawa Energetycznego, w zwi\u0105zku z czym koncesje na sprzeda\u017c energii elektrycznej nie b\u0119d\u0105 wymagane.<\/p>\n<p><strong>Ulgi podatkowe<\/strong><\/p>\n<p>Ustawa przewiduje r\u00f3wnie\u017c szereg zmian podatkowych maj\u0105cych wspom\u00f3c e-mobilno\u015b\u0107. Po pierwsze, zostan\u0105 wprowadzone zwolnienia z akcyzy na pojazdy elektryczne i pojazdy nap\u0119dzane wodorem, a tak\u017ce tymczasowe zwolnienie z akcyzy na pojazdy hybrydowe (do 1 stycznia 2021 r.). Po drugie, ustawa przewiduje, \u017ce odpisy amortyzacyjne b\u0119d\u0105 korzystniejsze dla pojazd\u00f3w elektrycznych ni\u017c zwyk\u0142ych, dla os\u00f3b fizycznych i prawnych.<\/p>\n<p><strong>Rola w\u0142adz lokalnych<\/strong><\/p>\n<p>Zgodnie z ustaw\u0105 samorz\u0105dy odegraj\u0105 istotn\u0105 rol\u0119 w rozwoju elektromobilno\u015bci w Polsce. Jednostki lokalne mog\u0105 uzyska\u0107 dofinansowanie na budow\u0119 infrastruktury do \u0142adowania pojazd\u00f3w komunikacji miejskiej oraz stacji \u0142adowania pojazd\u00f3w elektrycznych, z kt\u00f3rych korzystaj\u0105 samorz\u0105dy.<\/p>\n<p>Je\u017celi planowana minimalna liczba punkt\u00f3w \u0142adowania w stacjach \u0142adowania nie zostanie zainstalowana do 31 grudnia 2020 r., jak wskazano w ustawie, w\u0142adze samorz\u0105dowe opracuj\u0105 plan budowy stacji \u0142adowania dla gminy. W planie nale\u017cy okre\u015bli\u0107 liczb\u0119 i lokalizacj\u0119 stacji \u0142adowania wraz z planowan\u0105 liczb\u0105 punkt\u00f3w \u0142adowania, a tak\u017ce proponowany harmonogram budowy tych stacji.<\/p>\n<p>Ponadto, polski ustawodawca zawar\u0142 regulacje maj\u0105ce na celu zapobieganie zanieczyszczaniu powietrza. Zgodnie z ustaw\u0105 rada miasta mo\u017ce wyznaczy\u0107 obszary czystego transportu wy\u0142\u0105cznie dla pojazd\u00f3w elektrycznych, pojazd\u00f3w nap\u0119dzanych wodorem oraz pojazd\u00f3w zasilanych CNG i LNG.<\/p>\n<p><strong>Istniej\u0105ce instalacje<\/strong><\/p>\n<p>W odniesieniu do istniej\u0105cych instalacji, podmioty prowadz\u0105ce stacje i punkty \u0142adowania b\u0119d\u0105ce w u\u017cytku w dniu wej\u015bcia w \u017cycie ustawy, b\u0119d\u0105 musia\u0142y dostosowa\u0107 si\u0119 do przepis\u00f3w ustawy w ci\u0105gu roku od wej\u015bcia w \u017cycie przepis\u00f3w wykonawczych okre\u015blonych przez Ministra Energii. Dodatkowo, podmioty te b\u0119d\u0105 zobowi\u0105zane do z\u0142o\u017cenia wniosku do Urz\u0119du Dozoru Technicznego w celu uzyskania zezwolenia na dalsz\u0105 eksploatacj\u0119 zainstalowanych urz\u0105dze\u0144.<\/p>\n<p>Link: <a href=\"https:\/\/isap.sejm.gov.pl\/isap.nsf\/DocDetails.xsp?id=WDU20220001083\">https:\/\/isap.sejm.gov.pl\/isap.nsf\/DocDetails.xsp?id=WDU20220001083<\/a><\/p>\n<p>&nbsp;<\/p>\n[\/vc_column_text][divider line_type=&#8221;No Line&#8221; custom_height=&#8221;50&#8243;][\/vc_column][\/vc_row][vc_row type=&#8221;in_container&#8221; full_screen_row_position=&#8221;middle&#8221; column_margin=&#8221;default&#8221; column_direction=&#8221;default&#8221; column_direction_tablet=&#8221;default&#8221; column_direction_phone=&#8221;default&#8221; scene_position=&#8221;center&#8221; text_color=&#8221;dark&#8221; text_align=&#8221;left&#8221; row_border_radius=&#8221;none&#8221; row_border_radius_applies=&#8221;bg&#8221; id=&#8221;legal-specific&#8221; overlay_strength=&#8221;0.3&#8243; gradient_direction=&#8221;left_to_right&#8221; shape_divider_position=&#8221;bottom&#8221; bg_image_animation=&#8221;none&#8221; shape_type=&#8221;&#8221;][vc_column column_padding=&#8221;no-extra-padding&#8221; column_padding_tablet=&#8221;inherit&#8221; column_padding_phone=&#8221;inherit&#8221; column_padding_position=&#8221;all&#8221; background_color_opacity=&#8221;1&#8243; background_hover_color_opacity=&#8221;1&#8243; column_shadow=&#8221;none&#8221; column_border_radius=&#8221;none&#8221; column_link_target=&#8221;_self&#8221; gradient_direction=&#8221;left_to_right&#8221; overlay_strength=&#8221;0.3&#8243; width=&#8221;1\/1&#8243; tablet_width_inherit=&#8221;default&#8221; tablet_text_alignment=&#8221;default&#8221; phone_text_alignment=&#8221;default&#8221; column_border_width=&#8221;none&#8221; column_border_style=&#8221;solid&#8221; bg_image_animation=&#8221;none&#8221;][\/vc_column][\/vc_row][vc_row type=&#8221;in_container&#8221; full_screen_row_position=&#8221;middle&#8221; column_margin=&#8221;default&#8221; column_direction=&#8221;default&#8221; column_direction_tablet=&#8221;default&#8221; column_direction_phone=&#8221;default&#8221; scene_position=&#8221;center&#8221; text_color=&#8221;dark&#8221; text_align=&#8221;left&#8221; row_border_radius=&#8221;none&#8221; row_border_radius_applies=&#8221;bg&#8221; overlay_strength=&#8221;0.3&#8243; gradient_direction=&#8221;left_to_right&#8221; shape_divider_position=&#8221;bottom&#8221; bg_image_animation=&#8221;none&#8221;][vc_column column_padding=&#8221;no-extra-padding&#8221; column_padding_tablet=&#8221;inherit&#8221; column_padding_phone=&#8221;inherit&#8221; column_padding_position=&#8221;all&#8221; background_color_opacity=&#8221;1&#8243; background_hover_color_opacity=&#8221;1&#8243; column_shadow=&#8221;none&#8221; column_border_radius=&#8221;none&#8221; column_link_target=&#8221;_self&#8221; gradient_direction=&#8221;left_to_right&#8221; overlay_strength=&#8221;0.3&#8243; width=&#8221;1\/1&#8243; tablet_width_inherit=&#8221;default&#8221; tablet_text_alignment=&#8221;default&#8221; phone_text_alignment=&#8221;default&#8221; column_border_width=&#8221;none&#8221; column_border_style=&#8221;solid&#8221; bg_image_animation=&#8221;none&#8221;][vc_column_text]\n<h2>Wi\u0119cej temat\u00f3w<\/h2>\n[\/vc_column_text][vc_wp_custommenu nav_menu=&#8221;12&#8243; el_class=&#8221;sub-navigation&#8221;][\/vc_column][\/vc_row]\n","protected":false},"excerpt":{"rendered":"<p>[vc_row type=&#8221;in_container&#8221; full_screen_row_position=&#8221;middle&#8221; column_margin=&#8221;default&#8221; column_direction=&#8221;default&#8221; column_direction_tablet=&#8221;default&#8221; column_direction_phone=&#8221;default&#8221; scene_position=&#8221;center&#8221; text_color=&#8221;dark&#8221; text_align=&#8221;left&#8221; row_border_radius=&#8221;none&#8221; row_border_radius_applies=&#8221;bg&#8221; overlay_strength=&#8221;0.3&#8243; gradient_direction=&#8221;left_to_right&#8221; shape_divider_position=&#8221;bottom&#8221; bg_image_animation=&#8221;none&#8221; css_animation=&#8221;&#8221; el_class=&#8221;page-title&#8221; el_id=&#8221;&#8221; css=&#8221;&#8221; max_width=&#8221;&#8221;][vc_column column_padding=&#8221;no-extra-padding&#8221; column_padding_tablet=&#8221;inherit&#8221; column_padding_phone=&#8221;inherit&#8221; column_padding_position=&#8221;all&#8221; background_color_opacity=&#8221;1&#8243; background_hover_color_opacity=&#8221;1&#8243; column_shadow=&#8221;none&#8221; column_border_radius=&#8221;none&#8221; column_link_target=&#8221;_self&#8221;&#8230;<\/p>\n","protected":false},"author":4,"featured_media":0,"parent":659,"menu_order":0,"comment_status":"closed","ping_status":"closed","template":"","meta":[],"yoast_head":"<!-- This site is optimized with the Yoast SEO plugin v15.3 - https:\/\/yoast.com\/wordpress\/plugins\/seo\/ -->\n<title>Specyfikacja dla Polski - GreenWay<\/title>\n<meta name=\"robots\" content=\"index, follow, max-snippet:-1, max-image-preview:large, max-video-preview:-1\" \/>\n<link rel=\"canonical\" href=\"https:\/\/kb.greenway.sk\/pl\/elektromobilnosc\/specyfikacja-dla-polski\/\" \/>\n<meta property=\"og:locale\" content=\"pl_PL\" \/>\n<meta property=\"og:type\" content=\"article\" \/>\n<meta property=\"og:title\" content=\"Specyfikacja dla Polski - GreenWay\" \/>\n<meta property=\"og:description\" content=\"[vc_row type=&#8221;in_container&#8221; full_screen_row_position=&#8221;middle&#8221; column_margin=&#8221;default&#8221; column_direction=&#8221;default&#8221; column_direction_tablet=&#8221;default&#8221; column_direction_phone=&#8221;default&#8221; scene_position=&#8221;center&#8221; text_color=&#8221;dark&#8221; text_align=&#8221;left&#8221; row_border_radius=&#8221;none&#8221; row_border_radius_applies=&#8221;bg&#8221; overlay_strength=&#8221;0.3&#8243; gradient_direction=&#8221;left_to_right&#8221; shape_divider_position=&#8221;bottom&#8221; bg_image_animation=&#8221;none&#8221; css_animation=&#8221;&#8221; el_class=&#8221;page-title&#8221; el_id=&#8221;&#8221; css=&#8221;&#8221; max_width=&#8221;&#8221;][vc_column column_padding=&#8221;no-extra-padding&#8221; column_padding_tablet=&#8221;inherit&#8221; column_padding_phone=&#8221;inherit&#8221; column_padding_position=&#8221;all&#8221; background_color_opacity=&#8221;1&#8243; background_hover_color_opacity=&#8221;1&#8243; column_shadow=&#8221;none&#8221; column_border_radius=&#8221;none&#8221; column_link_target=&#8221;_self&#8221;...\" \/>\n<meta property=\"og:url\" content=\"https:\/\/kb.greenway.sk\/pl\/elektromobilnosc\/specyfikacja-dla-polski\/\" \/>\n<meta property=\"og:site_name\" content=\"GreenWay\" \/>\n<meta property=\"article:modified_time\" content=\"2023-09-10T15:37:59+00:00\" \/>\n<meta name=\"twitter:card\" content=\"summary_large_image\" \/>\n<meta name=\"twitter:label1\" content=\"Written by\">\n\t<meta name=\"twitter:data1\" content=\"Samanta Piernicka\">\n\t<meta name=\"twitter:label2\" content=\"Est. reading time\">\n\t<meta name=\"twitter:data2\" content=\"4 minuty\">\n<script type=\"application\/ld+json\" class=\"yoast-schema-graph\">{\"@context\":\"https:\/\/schema.org\",\"@graph\":[{\"@type\":\"WebSite\",\"@id\":\"https:\/\/kb.greenway.sk\/#website\",\"url\":\"https:\/\/kb.greenway.sk\/\",\"name\":\"GreenWay\",\"description\":\"\",\"potentialAction\":[{\"@type\":\"SearchAction\",\"target\":\"https:\/\/kb.greenway.sk\/?s={search_term_string}\",\"query-input\":\"required name=search_term_string\"}],\"inLanguage\":\"pl-PL\"},{\"@type\":\"WebPage\",\"@id\":\"https:\/\/kb.greenway.sk\/pl\/elektromobilnosc\/specyfikacja-dla-polski\/#webpage\",\"url\":\"https:\/\/kb.greenway.sk\/pl\/elektromobilnosc\/specyfikacja-dla-polski\/\",\"name\":\"Specyfikacja dla Polski - GreenWay\",\"isPartOf\":{\"@id\":\"https:\/\/kb.greenway.sk\/#website\"},\"datePublished\":\"2021-04-08T12:48:09+00:00\",\"dateModified\":\"2023-09-10T15:37:59+00:00\",\"breadcrumb\":{\"@id\":\"https:\/\/kb.greenway.sk\/pl\/elektromobilnosc\/specyfikacja-dla-polski\/#breadcrumb\"},\"inLanguage\":\"pl-PL\",\"potentialAction\":[{\"@type\":\"ReadAction\",\"target\":[\"https:\/\/kb.greenway.sk\/pl\/elektromobilnosc\/specyfikacja-dla-polski\/\"]}]},{\"@type\":\"BreadcrumbList\",\"@id\":\"https:\/\/kb.greenway.sk\/pl\/elektromobilnosc\/specyfikacja-dla-polski\/#breadcrumb\",\"itemListElement\":[{\"@type\":\"ListItem\",\"position\":1,\"item\":{\"@type\":\"WebPage\",\"@id\":\"https:\/\/kb.greenway.sk\/pl\/\",\"url\":\"https:\/\/kb.greenway.sk\/pl\/\",\"name\":\"Knowledge base\"}},{\"@type\":\"ListItem\",\"position\":2,\"item\":{\"@type\":\"WebPage\",\"@id\":\"https:\/\/kb.greenway.sk\/pl\/elektromobilnosc\/\",\"url\":\"https:\/\/kb.greenway.sk\/pl\/elektromobilnosc\/\",\"name\":\"Elektromobilno\\u015b\\u0107\"}},{\"@type\":\"ListItem\",\"position\":3,\"item\":{\"@type\":\"WebPage\",\"@id\":\"https:\/\/kb.greenway.sk\/pl\/elektromobilnosc\/specyfikacja-dla-polski\/\",\"url\":\"https:\/\/kb.greenway.sk\/pl\/elektromobilnosc\/specyfikacja-dla-polski\/\",\"name\":\"Specyfikacja dla Polski\"}}]}]}<\/script>\n<!-- \/ Yoast SEO plugin. -->","_links":{"self":[{"href":"https:\/\/kb.greenway.sk\/pl\/wp-json\/wp\/v2\/pages\/1346\/"}],"collection":[{"href":"https:\/\/kb.greenway.sk\/pl\/wp-json\/wp\/v2\/pages\/"}],"about":[{"href":"https:\/\/kb.greenway.sk\/pl\/wp-json\/wp\/v2\/types\/page\/"}],"author":[{"embeddable":true,"href":"https:\/\/kb.greenway.sk\/pl\/wp-json\/wp\/v2\/users\/4\/"}],"replies":[{"embeddable":true,"href":"https:\/\/kb.greenway.sk\/pl\/wp-json\/wp\/v2\/comments\/?post=1346"}],"version-history":[{"count":4,"href":"https:\/\/kb.greenway.sk\/pl\/wp-json\/wp\/v2\/pages\/1346\/revisions\/"}],"predecessor-version":[{"id":2020,"href":"https:\/\/kb.greenway.sk\/pl\/wp-json\/wp\/v2\/pages\/1346\/revisions\/2020\/"}],"up":[{"embeddable":true,"href":"https:\/\/kb.greenway.sk\/pl\/wp-json\/wp\/v2\/pages\/659\/"}],"wp:attachment":[{"href":"https:\/\/kb.greenway.sk\/pl\/wp-json\/wp\/v2\/media\/?parent=1346"}],"curies":[{"name":"wp","href":"https:\/\/api.w.org\/{rel}","templated":true}]}}